{"id":11217,"date":"2026-04-24T11:35:21","date_gmt":"2026-04-24T09:35:21","guid":{"rendered":"https:\/\/alfaview.com\/?page_id=11217"},"modified":"2026-04-24T15:45:44","modified_gmt":"2026-04-24T13:45:44","slug":"abobedingungen-fuer-alfaview-leistungen","status":"publish","type":"page","link":"https:\/\/alfaview.com\/de\/abobedingungen-fuer-alfaview-leistungen","title":{"rendered":"Abobedingungen f\u00fcr alfaview-Leistungen"},"content":{"rendered":"\n<h1 class=\"wp-block-heading has-text-align-center\"><strong>Abobedingungen f\u00fcr alfaview-Leistungen<\/strong><\/h1>\n\n\n\n<p class=\"has-text-align-center\">zwischen<\/p>\n\n\n\n<p class=\"has-text-align-center\">der <strong>alfaview gmbh<\/strong>, Kriegsstr. 100, 76133 Karlsruhe, Deutschland vertreten durch Niko Fostiropoulos<\/p>\n\n\n\n<p class=\"has-text-align-center\">(\u201e<strong>alfaview<\/strong>\u201c) und<\/p>\n\n\n\n<p class=\"has-text-align-center\">dem Kunden (der \u201e<strong>Kunde<\/strong>\u201c),<\/p>\n\n\n\n<h2 class=\"wp-block-heading\">1. Geltungsbereich und Rangfolge<\/h2>\n\n\n\n<p>Diese Abobedingungen gelten in ihrer zum Zeitpunkt des Vertragsschlusses g\u00fcltigen Fassung erg\u00e4nzend neben den Allgemeinen Gesch\u00e4ftsbedingungen f\u00fcr die zeitlich beschr\u00e4nkte Nutzung der wie im Abschnitt \u201eGegenstand\u201c der Allgemeinen Gesch\u00e4ftsbedingungen definierten alfaview-Leistungen. Bei Widerspr\u00fcchen zwischen den Abobedingungen und den Allgemeinen Gesch\u00e4ftsbedingungen, gelten die Bestimmungen der Allgemeinen Gesch\u00e4ftsbedingungen vorrangig.<\/p>\n\n\n\n<h2 class=\"wp-block-heading\">2. Laufzeit und K\u00fcndigung<\/h2>\n\n\n\n<ol class=\"wp-block-list\">\n<li>Wenn der Kunde die kostenlose 30-t\u00e4gige Testversion gebucht hat, endet der Testzeitraumautomatisch 30 Tage nach dem anf\u00e4nglichen Zugriff auf die Leistungen. Es findet keine automatischeLaufzeitverl\u00e4ngerung statt.<\/li>\n\n\n\n<li>Die Vertragslaufzeit ergibt sich aus dem Bestellformular. Das Vertragsverh\u00e4ltnis verl\u00e4ngert sich jeweils um ein (1) Jahr, wenn der Vertrag nicht mit einer Frist von einem (1) Monat zum Ende der jeweiligen Vertragslaufzeit gek\u00fcndigt wird. Bei einer Vertragslaufzeit von einem Monat verl\u00e4ngert sich das Vertragsverh\u00e4ltnis jeweils um einen Monat, wenn der Vertrag nicht bis zum letzten Tag der jeweiligen Vertragslaufzeit gek\u00fcndigt wird.<\/li>\n\n\n\n<li>Das K\u00fcndigungsrecht aus wichtigem Grund (\u00a7 314 BGB) bleibt unber\u00fchrt. Eine nur vor\u00fcbergehende Nutzungsunterbrechung der alfaview-Leistungen begr\u00fcndet keinen au\u00dferordentlichen K\u00fcndigungsgrund.<\/li>\n\n\n\n<li>Die K\u00fcndigung bedarf zu ihrer Wirksamkeit der Textform (per Mail an <a href=\"mailto:info@alfaview.com\">info@alfaview.com<\/a>).<\/li>\n<\/ol>\n\n\n\n<h2 class=\"wp-block-heading\">3. Verg\u00fctung<\/h2>\n\n\n\n<ol class=\"wp-block-list\">\n<li>Die 30-t\u00e4gige Testversion ist kostenlos.<\/li>\n\n\n\n<li>Ansonsten erh\u00e4lt alfaview als Gegenleistung f\u00fcr die gebuchten alfaview-Leistungen vom Kunden die im Bestellformular oder auf der alfaview-Website vereinbarte Verg\u00fctung.<\/li>\n\n\n\n<li>Im \u00dcbrigen ergeben sich die Zahlungsbestimmungen aus dem Abschnitt \u201eVerg\u00fctung, Abrechnung und F\u00e4lligkeit\u201c der Allgemeinen Gesch\u00e4ftsbedingungen.<\/li>\n<\/ol>\n\n\n\n<h2 class=\"wp-block-heading\">4. Sonstiges<\/h2>\n\n\n\n<ol class=\"wp-block-list\">\n<li>Das Zustandekommen eines Vertrages ergibt sich aus dem Abschnitt \u201eVertragsschluss\u201c der Allgemeinen Gesch\u00e4ftsbedingungen.<\/li>\n\n\n\n<li>Der Abschnitt \u201eNutzungsrechte\u201c der Allgemeinen Gesch\u00e4ftsbedingungen beschreibt die dem Kunden einger\u00e4umten Nutzungsrechte an den alfaview-Leistungen.<\/li>\n\n\n\n<li>Besonderheiten bei Testversionen sind im Abschnitt \u201eBesonderheiten Testversion\u201c der Allgemeinen Gesch\u00e4ftsbedingungen festgelegt.<\/li>\n\n\n\n<li>Die Pflichten der Kunden und Teilnehmer (inkl. der verbotenen Nutzungszwecke) sind im Abschnitt \u201ePflichten der Kunden und Teilnehmer\u201c geregelt.<\/li>\n\n\n\n<li>In den Abschnitten \u201eHaftung\u201c und \u201eVerg\u00fctung, Abrechnung und F\u00e4lligkeit\u201c ist festgelegt, unter welchen Umst\u00e4nden alfaview Ma\u00dfnahmen gegen den Kunden (z.B. L\u00f6schen von Konten, Sperrung von Zug\u00e4ngen oder Entfernen von Inhalten) ergreifen kann.<\/li>\n<\/ol>\n\n\n\n<p><em>Stand: April 2026<\/em><\/p>\n\n\n\n<div style=\"height:150px\" aria-hidden=\"true\" class=\"wp-block-spacer\"><\/div>\n","protected":false},"excerpt":{"rendered":"<p>Abobedingungen f\u00fcr alfaview-Leistungen zwischen der alfaview gmbh, Kriegsstr. 100, 76133 Karlsruhe, Deutschland vertreten durch Niko Fostiropoulos (\u201ealfaview\u201c) und<i class=\"icon excerpt-icon icon-ic_arrow_forward_24dp\"><\/i><\/p>\n","protected":false},"author":6,"featured_media":0,"parent":0,"menu_order":0,"comment_status":"closed","ping_status":"closed","template":"","meta":{"footnotes":""},"class_list":["post-11217","page","type-page","status-publish","hentry"],"_links":{"self":[{"href":"https:\/\/alfaview.com\/de\/wp-json\/wp\/v2\/pages\/11217","targetHints":{"allow":["GET"]}}],"collection":[{"href":"https:\/\/alfaview.com\/de\/wp-json\/wp\/v2\/pages"}],"about":[{"href":"https:\/\/alfaview.com\/de\/wp-json\/wp\/v2\/types\/page"}],"author":[{"embeddable":true,"href":"https:\/\/alfaview.com\/de\/wp-json\/wp\/v2\/users\/6"}],"replies":[{"embeddable":true,"href":"https:\/\/alfaview.com\/de\/wp-json\/wp\/v2\/comments?post=11217"}],"version-history":[{"count":2,"href":"https:\/\/alfaview.com\/de\/wp-json\/wp\/v2\/pages\/11217\/revisions"}],"predecessor-version":[{"id":11228,"href":"https:\/\/alfaview.com\/de\/wp-json\/wp\/v2\/pages\/11217\/revisions\/11228"}],"wp:attachment":[{"href":"https:\/\/alfaview.com\/de\/wp-json\/wp\/v2\/media?parent=11217"}],"curies":[{"name":"wp","href":"https:\/\/api.w.org\/{rel}","templated":true}]}}