{"id":11230,"date":"2026-04-28T09:57:47","date_gmt":"2026-04-28T07:57:47","guid":{"rendered":"https:\/\/alfaview.com\/?page_id=11230"},"modified":"2026-04-28T16:43:21","modified_gmt":"2026-04-28T14:43:21","slug":"alfa-group","status":"publish","type":"page","link":"https:\/\/alfaview.com\/de\/alfa-group","title":{"rendered":"alfa-Unternehmensgruppe"},"content":{"rendered":"\n<div class=\"wp-block-columns are-vertically-aligned-center is-layout-flex wp-container-core-columns-is-layout-291bdf2e wp-block-columns-is-layout-flex\" style=\"margin-top:6rem\">\n<div class=\"wp-block-column is-vertically-aligned-center is-layout-flow wp-block-column-is-layout-flow\" style=\"flex-basis:66.66%\">\n<h1 class=\"wp-block-heading\">Die alfa-Unternehmensgruppe<\/h1>\n\n\n\n<h2 class=\"wp-block-heading\">Technologien f\u00fcr sichere, barrierefreie und intelligente Kommunikation und Bildung<\/h2>\n\n\n\n<p>Die alfa-Unternehmensgruppe umfasst spezialisierte Unternehmen aus den Bereichen k\u00fcnstliche Intelligenz, digitale Bildung und sichere Kommunikation. Was sie vereint: der Anspruch, Technologien zu entwickeln, die Menschen verbinden, Prozesse vereinfachen und digitale Teilhabe erm\u00f6glichen, auf Basis europ\u00e4ischer Werte wie Datenschutz, Sicherheit und Souver\u00e4nit\u00e4t.<\/p>\n\n\n\n<p>Im Zentrum steht die Entwicklung einer integrierten technologischen Infrastruktur f\u00fcr barrierefreie, intelligente und DSGVO-konforme Kommunikation.<\/p>\n<\/div>\n\n\n\n<div class=\"wp-block-column is-vertically-aligned-center is-style-rounded has-gray-50-background-color has-background is-layout-flow wp-block-column-is-layout-flow\" style=\"padding-top:3rem;padding-right:3rem;padding-bottom:3rem;padding-left:3rem;flex-basis:33.33%\">\n<h2 class=\"wp-block-heading\">Unsere Vision<\/h2>\n\n\n\n<p>Wir gestalten eine digitale Zukunft, in der Kommunikation<\/p>\n\n\n\n<ul class=\"wp-block-list is-style-checklist-blue\">\n<li>barrierefrei ist,<\/li>\n\n\n\n<li>datensouver\u00e4n bleibt und<\/li>\n\n\n\n<li>durch KI sinnvoll unterst\u00fctzt wird,<\/li>\n<\/ul>\n\n\n\n<p>mit dem Ziel, Organisationen jeder Gr\u00f6\u00dfe eine verl\u00e4ssliche, europ\u00e4ische Alternative zu bestehenden Systemen zu bieten.<\/p>\n<\/div>\n<\/div>\n\n\n\n<div class=\"wp-block-group is-layout-constrained wp-block-group-is-layout-constrained\" style=\"margin-top:6rem\">\n<h2 class=\"wp-block-heading\">Die Unternehmensgruppe im \u00dcberblick<\/h2>\n\n\n\n<div class=\"wp-block-columns are-vertically-aligned-center is-style-rounded px-4 px-md-6 py-4 py-md-6 has-gray-50-background-color has-background is-layout-flex wp-container-core-columns-is-layout-b23a18ed wp-block-columns-is-layout-flex\">\n<div class=\"wp-block-column is-vertically-aligned-center order-2 order-md-1 is-layout-flow wp-block-column-is-layout-flow\">\n<figure class=\"wp-block-image size-full\"><img loading=\"lazy\" decoding=\"async\" width=\"148\" height=\"116\" src=\"https:\/\/alfaview.com\/wp-content\/uploads\/2026\/04\/alfaview-GmbH.png\" alt=\"\" class=\"wp-image-11231\"><\/figure>\n\n\n\n<h3 class=\"wp-block-heading\">alfaview gmbh<\/h3>\n\n\n\n<p>Die alfaview gmbh entwickelt eine DSGVO-konforme Videokonferenzplattform f\u00fcr strukturierte Zusammenarbeit in dauerhaften virtuellen R\u00e4umen. Die Plattform wird von Unternehmen, Beh\u00f6rden und Institutionen eingesetzt, die Wert auf Datenschutz, Stabilit\u00e4t und klare Kommunikationsstrukturen legen.<\/p>\n\n\n\n<p>Durch die Integration eigener KI-Technologien entwickelt sich alfaview zur zentralen Plattform f\u00fcr intelligente und barrierefreie Kommunikation.<\/p>\n\n\n\n<div class=\"wp-block-buttons is-layout-flex wp-block-buttons-is-layout-flex\">\n<div class=\"wp-block-button is-style-icon-button\"><a class=\"wp-block-button__link wp-element-button\" href=\"https:\/\/alfaview.com\">alfaview.com<\/a><\/div>\n\n\n\n<div class=\"wp-block-button is-style-icon-button\"><a class=\"wp-block-button__link wp-element-button\" href=\"https:\/\/alfaview.com\/de\/alfaview-team\">alfaview-Team<\/a><\/div>\n<\/div>\n<\/div>\n\n\n\n<div class=\"wp-block-column is-vertically-aligned-center order-1 order-md-2 is-layout-flow wp-block-column-is-layout-flow\">\n<figure class=\"wp-block-image aligncenter size-full is-style-default\"><img loading=\"lazy\" decoding=\"async\" width=\"548\" height=\"485\" src=\"https:\/\/alfaview.com\/wp-content\/uploads\/2026\/04\/alfaview-image.png\" alt=\"Frau mit Headset sitzt auf einem Sofa und winkt l\u00e4chelnd in einen Laptop w\u00e4hrend eines Videoanrufs.\" class=\"wp-image-11232\" srcset=\"https:\/\/alfaview.com\/wp-content\/uploads\/2026\/04\/alfaview-image.png 548w, https:\/\/alfaview.com\/wp-content\/uploads\/2026\/04\/alfaview-image-300x266.png 300w\" sizes=\"auto, (max-width: 548px) 100vw, 548px\" \/><\/figure>\n<\/div>\n<\/div>\n\n\n\n<div class=\"wp-block-columns are-vertically-aligned-center is-style-rounded px-4 px-md-6 py-4 py-md-6 has-gray-50-background-color has-background is-layout-flex wp-container-core-columns-is-layout-e3d39fc9 wp-block-columns-is-layout-flex\" style=\"margin-top:3rem\">\n<div class=\"wp-block-column is-vertically-aligned-center is-layout-flow wp-block-column-is-layout-flow\">\n<figure class=\"wp-block-image aligncenter size-full is-style-default\"><img loading=\"lazy\" decoding=\"async\" width=\"548\" height=\"485\" src=\"https:\/\/alfaview.com\/wp-content\/uploads\/2026\/04\/alfatraining-Bildungszentrum-GmbH-Image.png\" alt=\"Person mit Headset arbeitet am Computer und betrachtet ein 3D-Modell auf dem Bildschirm, daneben l\u00e4uft eine Videokonferenz.\" class=\"wp-image-11233\" srcset=\"https:\/\/alfaview.com\/wp-content\/uploads\/2026\/04\/alfatraining-Bildungszentrum-GmbH-Image.png 548w, https:\/\/alfaview.com\/wp-content\/uploads\/2026\/04\/alfatraining-Bildungszentrum-GmbH-Image-300x266.png 300w\" sizes=\"auto, (max-width: 548px) 100vw, 548px\" \/><\/figure>\n<\/div>\n\n\n\n<div class=\"wp-block-column is-vertically-aligned-center is-layout-flow wp-block-column-is-layout-flow\">\n<figure class=\"wp-block-image size-full\"><img loading=\"lazy\" decoding=\"async\" width=\"148\" height=\"116\" src=\"https:\/\/alfaview.com\/wp-content\/uploads\/2026\/04\/alfatraining-Bildungszentrum-GmbH.png\" alt=\"\" class=\"wp-image-11234\"><\/figure>\n\n\n\n<h3 class=\"wp-block-heading\">alfatraining Bildungszentrum GmbH<\/h3>\n\n\n\n<p>Die alfatraining Bildungszentrum GmbH geh\u00f6rt seit \u00fcber 20 Jahren zu den f\u00fchrenden Anbietern f\u00fcr berufliche Weiterbildung in Deutschland. Mit einem klaren Fokus auf digitale und arbeitsmarktrelevante Qualifizierungen setzt das Unternehmen Ma\u00dfst\u00e4be in der praxisnahen Vermittlung von Wissen.<\/p>\n\n\n\n<p>Als Pionier des virtuellen Pr\u00e4senzunterrichts bildet alfatraining den Ausgangspunkt f\u00fcr viele technologische Entwicklungen innerhalb der Gruppe.<\/p>\n\n\n\n<div class=\"wp-block-buttons is-layout-flex wp-block-buttons-is-layout-flex\">\n<div class=\"wp-block-button is-style-icon-button\"><a class=\"wp-block-button__link wp-element-button\" href=\"https:\/\/alfatraining.de\" target=\"_blank\" rel=\"noopener\">alfatraining.de<\/a><\/div>\n<\/div>\n<\/div>\n<\/div>\n\n\n\n<div class=\"wp-block-columns are-vertically-aligned-center is-style-rounded px-4 px-md-6 py-4 py-md-6 has-gray-50-background-color has-background is-layout-flex wp-container-core-columns-is-layout-e3d39fc9 wp-block-columns-is-layout-flex\" style=\"margin-top:3rem\">\n<div class=\"wp-block-column is-vertically-aligned-center order-2 order-md-1 is-layout-flow wp-block-column-is-layout-flow\">\n<figure class=\"wp-block-image size-full\"><img loading=\"lazy\" decoding=\"async\" width=\"148\" height=\"116\" src=\"https:\/\/alfaview.com\/wp-content\/uploads\/2026\/04\/Semanux-GmbH-Logo.png\" alt=\"\" class=\"wp-image-11235\"><\/figure>\n\n\n\n<h3 class=\"wp-block-heading\">Semanux GmbH<\/h3>\n\n\n\n<p>Die Semanux GmbH entwickelt innovative Technologien f\u00fcr barrierefreie Mensch-Computer-Interaktion. Dazu geh\u00f6ren Technologien in den Bereichen:<\/p>\n\n\n\n<ul class=\"wp-block-list is-style-checklist-blue\">\n<li>Eye Tracking<\/li>\n\n\n\n<li>Gestenerkennung<\/li>\n\n\n\n<li>Mimik- und Gesichtserkennung<\/li>\n<\/ul>\n\n\n\n<p>Ziel ist es, digitale Systeme intuitiv und zug\u00e4nglich zu gestalten, insbesondere f\u00fcr Menschen mit Einschr\u00e4nkungen. Die Technologien von Semanux erweitern die Unternehmensgruppe um entscheidende Bausteine f\u00fcr inklusive digitale Kommunikation.<\/p>\n\n\n\n<div class=\"wp-block-buttons is-layout-flex wp-block-buttons-is-layout-flex\">\n<div class=\"wp-block-button is-style-icon-button\"><a class=\"wp-block-button__link wp-element-button\" href=\"https:\/\/semanux.com\/de\" target=\"_blank\" rel=\"noopener\">semanux.com<\/a><\/div>\n<\/div>\n<\/div>\n\n\n\n<div class=\"wp-block-column is-vertically-aligned-center order-1 order-md-2 is-layout-flow wp-block-column-is-layout-flow\">\n<figure class=\"wp-block-image aligncenter size-full is-style-default\"><img loading=\"lazy\" decoding=\"async\" width=\"548\" height=\"561\" src=\"https:\/\/alfaview.com\/wp-content\/uploads\/2026\/04\/Semanux-GmbH-image.png\" alt=\"Zwei Personen arbeiten gemeinsam an einem Computer mit zwei Monitoren, auf denen digitale Gesichtsmodelle und Daten angezeigt werden.\" class=\"wp-image-11236\" srcset=\"https:\/\/alfaview.com\/wp-content\/uploads\/2026\/04\/Semanux-GmbH-image.png 548w, https:\/\/alfaview.com\/wp-content\/uploads\/2026\/04\/Semanux-GmbH-image-293x300.png 293w\" sizes=\"auto, (max-width: 548px) 100vw, 548px\" \/><\/figure>\n<\/div>\n<\/div>\n\n\n\n<div class=\"wp-block-columns are-vertically-aligned-center is-style-rounded px-4 px-md-6 py-4 py-md-6 has-gray-50-background-color has-background is-layout-flex wp-container-core-columns-is-layout-e3d39fc9 wp-block-columns-is-layout-flex\" style=\"margin-top:3rem\">\n<div class=\"wp-block-column is-vertically-aligned-center is-layout-flow wp-block-column-is-layout-flow\">\n<figure class=\"wp-block-image aligncenter size-full is-style-default\"><img loading=\"lazy\" decoding=\"async\" width=\"548\" height=\"501\" src=\"https:\/\/alfaview.com\/wp-content\/uploads\/2026\/04\/EML-Speech-Technology-GmbH-image.png\" alt=\"Frau steht vor mehreren Monitoren mit Audio-Wellenformen und analysiert Tonaufnahmen in einer technischen Umgebung.\" class=\"wp-image-11237\" srcset=\"https:\/\/alfaview.com\/wp-content\/uploads\/2026\/04\/EML-Speech-Technology-GmbH-image.png 548w, https:\/\/alfaview.com\/wp-content\/uploads\/2026\/04\/EML-Speech-Technology-GmbH-image-300x274.png 300w\" sizes=\"auto, (max-width: 548px) 100vw, 548px\" \/><\/figure>\n<\/div>\n\n\n\n<div class=\"wp-block-column is-vertically-aligned-center is-layout-flow wp-block-column-is-layout-flow\">\n<figure class=\"wp-block-image size-full\"><img loading=\"lazy\" decoding=\"async\" width=\"148\" height=\"116\" src=\"https:\/\/alfaview.com\/wp-content\/uploads\/2026\/04\/EML-Speech-Technology-GmbH-Logo.png\" alt=\"\" class=\"wp-image-11238\"><\/figure>\n\n\n\n<h3 class=\"wp-block-heading\">EML Speech Technology GmbH<\/h3>\n\n\n\n<p>Die EML Speech Technology GmbH ist ein Forschungs- und Entwicklungsunternehmen f\u00fcr KI-basierte Spracherkennung und Sprachverarbeitung. Das Unternehmen entwickelt auf Basis modernster Verfahren im Bereich Machine Learning und k\u00fcnstliche Intelligenz leistungsf\u00e4hige Technologien f\u00fcr unterschiedlichste Anwendungsfelder.<\/p>\n\n\n\n<p>Innerhalb der Unternehmensgruppe bildet EML die Grundlage f\u00fcr datenschutzkonforme Sprachtranskription, Protokollierung und Sprachintelligenz.<\/p>\n\n\n\n<div class=\"wp-block-buttons is-layout-flex wp-block-buttons-is-layout-flex\">\n<div class=\"wp-block-button is-style-icon-button\"><a class=\"wp-block-button__link wp-element-button\" href=\"https:\/\/www.eml.org\/\" target=\"_blank\" rel=\"noopener\">eml.org<\/a><\/div>\n<\/div>\n<\/div>\n<\/div>\n\n\n\n<div class=\"wp-block-columns are-vertically-aligned-center is-style-rounded px-4 px-md-6 py-4 py-md-6 has-gray-50-background-color has-background is-layout-flex wp-container-core-columns-is-layout-d498cab3 wp-block-columns-is-layout-flex\" style=\"margin-top:3rem;margin-bottom:3rem\">\n<div class=\"wp-block-column is-vertically-aligned-center order-2 order-md-1 is-layout-flow wp-block-column-is-layout-flow\">\n<figure class=\"wp-block-image size-full\"><img loading=\"lazy\" decoding=\"async\" width=\"148\" height=\"116\" src=\"https:\/\/alfaview.com\/wp-content\/uploads\/2026\/04\/alfaATC-logo.png\" alt=\"\" class=\"wp-image-11239\"><\/figure>\n\n\n\n<h3 class=\"wp-block-heading\">alfaATC Communications GmbH<\/h3>\n\n\n\n<p>Die Software kombiniert Spracherkennung und Sprachverstehen, um Funkspr\u00fcche zwischen Tower und Cockpit automatisch zu transkribieren und kontextbezogen zu interpretieren.<\/p>\n\n\n\n<ul class=\"wp-block-list is-style-checklist-blue\">\n<li>bis zu 50 % weniger manuelle Eingaben<\/li>\n\n\n\n<li>verbesserte Dokumentation<\/li>\n\n\n\n<li>h\u00f6here Prozesssicherheit<\/li>\n<\/ul>\n\n\n\n<p>alfaATC steht exemplarisch f\u00fcr die Anwendung der Technologien der Unternehmensgruppe in hochregulierten und sicherheitskritischen Umgebungen.<\/p>\n\n\n\n<div class=\"wp-block-buttons is-layout-flex wp-block-buttons-is-layout-flex\">\n<div class=\"wp-block-button is-style-icon-button\"><a class=\"wp-block-button__link wp-element-button\" href=\"https:\/\/alfaatc.com\/\" target=\"_blank\" rel=\"noopener\">alfaatc.com<\/a><\/div>\n<\/div>\n<\/div>\n\n\n\n<div class=\"wp-block-column is-vertically-aligned-center order-1 order-md-2 is-layout-flow wp-block-column-is-layout-flow\">\n<figure class=\"wp-block-image aligncenter size-full is-style-default\"><img loading=\"lazy\" decoding=\"async\" width=\"548\" height=\"561\" src=\"https:\/\/alfaview.com\/wp-content\/uploads\/2026\/04\/alfaATC-Communications-GmbH-image.png\" alt=\"Fluglotsen mit Headsets sitzen in einem Tower und \u00fcberwachen den Flugverkehr, eine Person zeigt nach drau\u00dfen auf das Rollfeld.\" class=\"wp-image-11240\" srcset=\"https:\/\/alfaview.com\/wp-content\/uploads\/2026\/04\/alfaATC-Communications-GmbH-image.png 548w, https:\/\/alfaview.com\/wp-content\/uploads\/2026\/04\/alfaATC-Communications-GmbH-image-293x300.png 293w\" sizes=\"auto, (max-width: 548px) 100vw, 548px\" \/><\/figure>\n<\/div>\n<\/div>\n\n\n\n<div class=\"wp-block-columns are-vertically-aligned-center is-style-rounded px-4 px-md-6 py-4 py-md-6 has-gray-50-background-color has-background is-layout-flex wp-container-core-columns-is-layout-e3d39fc9 wp-block-columns-is-layout-flex\" style=\"margin-top:3rem\">\n<div class=\"wp-block-column is-vertically-aligned-center is-layout-flow wp-block-column-is-layout-flow\">\n<figure class=\"wp-block-image aligncenter size-full is-style-default\"><img loading=\"lazy\" decoding=\"async\" width=\"548\" height=\"485\" src=\"https:\/\/alfaview.com\/wp-content\/uploads\/2026\/04\/alfatraining-GmbH-image.png\" alt=\"Frau sitzt vor einem Computer und nimmt an einer Videokonferenz mit mehreren Teilnehmenden teil.\" class=\"wp-image-11241\" srcset=\"https:\/\/alfaview.com\/wp-content\/uploads\/2026\/04\/alfatraining-GmbH-image.png 548w, https:\/\/alfaview.com\/wp-content\/uploads\/2026\/04\/alfatraining-GmbH-image-300x266.png 300w\" sizes=\"auto, (max-width: 548px) 100vw, 548px\" \/><\/figure>\n<\/div>\n\n\n\n<div class=\"wp-block-column is-vertically-aligned-center is-layout-flow wp-block-column-is-layout-flow\">\n<figure class=\"wp-block-image size-full\"><img loading=\"lazy\" decoding=\"async\" width=\"148\" height=\"116\" src=\"https:\/\/alfaview.com\/wp-content\/uploads\/2026\/04\/alfatraining-Bildungszentrum-GmbH.png\" alt=\"\" class=\"wp-image-11234\"><\/figure>\n\n\n\n<h3 class=\"wp-block-heading\">alfatraining gmbh<\/h3>\n\n\n\n<p>Die alfatraining gmbh erg\u00e4nzt das Portfolio durch berufsbegleitende Weiterbildungen und Trainings f\u00fcr Fach- und F\u00fchrungskr\u00e4fte.<\/p>\n\n\n\n<p>Der Fokus liegt auf flexiblen Lernformaten, die sich nahtlos in den Arbeitsalltag integrieren lassen und Unternehmen bei der gezielten Kompetenzentwicklung ihrer Mitarbeitenden unterst\u00fctzen.<\/p>\n\n\n\n<div class=\"wp-block-buttons is-layout-flex wp-block-buttons-is-layout-flex\">\n<div class=\"wp-block-button is-style-icon-button\"><a class=\"wp-block-button__link wp-element-button\" href=\"https:\/\/alfatraining.com\" target=\"_blank\" rel=\"noopener\">alfatraining.com<\/a><\/div>\n<\/div>\n<\/div>\n<\/div>\n\n\n\n<div class=\"wp-block-columns are-vertically-aligned-center is-layout-flex wp-container-core-columns-is-layout-17071d01 wp-block-columns-is-layout-flex\" style=\"margin-top:5rem;margin-bottom:5rem\">\n<div class=\"wp-block-column is-vertically-aligned-center is-layout-flow wp-block-column-is-layout-flow\" style=\"flex-basis:33.33%\">\n<figure class=\"wp-block-image aligncenter size-full is-style-border-radius\"><img loading=\"lazy\" decoding=\"async\" width=\"1707\" height=\"2560\" src=\"https:\/\/alfaview.com\/wp-content\/uploads\/2026\/04\/Niko_Fostiropoulos_20260126_532-Bearbeitet-scaled-1.jpg\" alt=\"Portraitfoto von Niko Fostiropoulos\" class=\"wp-image-11242\" srcset=\"https:\/\/alfaview.com\/wp-content\/uploads\/2026\/04\/Niko_Fostiropoulos_20260126_532-Bearbeitet-scaled-1.jpg 1707w, https:\/\/alfaview.com\/wp-content\/uploads\/2026\/04\/Niko_Fostiropoulos_20260126_532-Bearbeitet-scaled-1-200x300.jpg 200w, https:\/\/alfaview.com\/wp-content\/uploads\/2026\/04\/Niko_Fostiropoulos_20260126_532-Bearbeitet-scaled-1-683x1024.jpg 683w, https:\/\/alfaview.com\/wp-content\/uploads\/2026\/04\/Niko_Fostiropoulos_20260126_532-Bearbeitet-scaled-1-768x1152.jpg 768w, https:\/\/alfaview.com\/wp-content\/uploads\/2026\/04\/Niko_Fostiropoulos_20260126_532-Bearbeitet-scaled-1-1024x1536.jpg 1024w, https:\/\/alfaview.com\/wp-content\/uploads\/2026\/04\/Niko_Fostiropoulos_20260126_532-Bearbeitet-scaled-1-1366x2048.jpg 1366w\" sizes=\"auto, (max-width: 1707px) 100vw, 1707px\" \/><\/figure>\n<\/div>\n\n\n\n<div class=\"wp-block-column is-vertically-aligned-center is-layout-flow wp-block-column-is-layout-flow\" style=\"flex-basis:66.66%\">\n<h2 class=\"wp-block-heading\">Der Gr\u00fcnder<\/h2>\n\n\n\n<p>Niko Fostiropoulos ist Gesch\u00e4ftsf\u00fchrer der alfa-Unternehmensgruppe und Gr\u00fcnder der alfatraining Bildungszentrum GmbH, der alfatraining gmbh, der alfaview gmbh und der alfaATC Communications GmbH.<\/p>\n\n\n\n<p>Seine Vision: Technologien zu entwickeln, die Menschen unabh\u00e4ngig von Ort, Herkunft oder individuellen Voraussetzungen miteinander verbinden.<\/p>\n\n\n\n<p>Mit der fr\u00fchen Entwicklung virtueller Lernr\u00e4ume und einer eigenen Videokonferenzplattform legte er den Grundstein f\u00fcr ein \u00d6kosystem, das heute KI, Kommunikation und Bildung intelligent verkn\u00fcpft.<\/p>\n\n\n\n<p>Sein Fokus liegt auf:<\/p>\n\n\n\n<ul class=\"wp-block-list is-style-checklist-blue\">\n<li>digitaler Souver\u00e4nit\u00e4t Europas<\/li>\n\n\n\n<li>datenschutzkonformer KI<\/li>\n\n\n\n<li>barrierefreier Kommunikation<\/li>\n\n\n\n<li>digitaler Bildung<\/li>\n<\/ul>\n\n\n\n<p>Gemeinsam entsteht eine Infrastruktur f\u00fcr die n\u00e4chste Generation digitaler Zusammenarbeit: intelligent, sicher und inklusiv.<\/p>\n\n\n\n<div class=\"wp-block-buttons is-layout-flex wp-block-buttons-is-layout-flex\">\n<div class=\"wp-block-button is-style-icon-button\"><a class=\"wp-block-button__link wp-element-button\" href=\"http:\/\/alfaview.com\/de\/alfaview-team\/ceo\">Mehr zum Gr\u00fcnder<\/a><\/div>\n<\/div>\n<\/div>\n<\/div>\n<\/div>\n","protected":false},"excerpt":{"rendered":"<p>Die alfa-Unternehmensgruppe Technologien f\u00fcr sichere, barrierefreie und intelligente Kommunikation und Bildung Die alfa-Unternehmensgruppe umfasst spezialisierte Unternehmen aus den<i class=\"icon excerpt-icon icon-ic_arrow_forward_24dp\"><\/i><\/p>\n","protected":false},"author":2,"featured_media":0,"parent":0,"menu_order":0,"comment_status":"closed","ping_status":"closed","template":"","meta":{"footnotes":""},"class_list":["post-11230","page","type-page","status-publish","hentry"],"_links":{"self":[{"href":"https:\/\/alfaview.com\/de\/wp-json\/wp\/v2\/pages\/11230","targetHints":{"allow":["GET"]}}],"collection":[{"href":"https:\/\/alfaview.com\/de\/wp-json\/wp\/v2\/pages"}],"about":[{"href":"https:\/\/alfaview.com\/de\/wp-json\/wp\/v2\/types\/page"}],"author":[{"embeddable":true,"href":"https:\/\/alfaview.com\/de\/wp-json\/wp\/v2\/users\/2"}],"replies":[{"embeddable":true,"href":"https:\/\/alfaview.com\/de\/wp-json\/wp\/v2\/comments?post=11230"}],"version-history":[{"count":4,"href":"https:\/\/alfaview.com\/de\/wp-json\/wp\/v2\/pages\/11230\/revisions"}],"predecessor-version":[{"id":11266,"href":"https:\/\/alfaview.com\/de\/wp-json\/wp\/v2\/pages\/11230\/revisions\/11266"}],"wp:attachment":[{"href":"https:\/\/alfaview.com\/de\/wp-json\/wp\/v2\/media?parent=11230"}],"curies":[{"name":"wp","href":"https:\/\/api.w.org\/{rel}","templated":true}]}}