{"id":11292,"date":"2026-05-13T09:55:42","date_gmt":"2026-05-13T07:55:42","guid":{"rendered":"https:\/\/alfaview.com\/?page_id=11292"},"modified":"2026-05-13T09:55:43","modified_gmt":"2026-05-13T07:55:43","slug":"contract-withdrawal","status":"publish","type":"page","link":"https:\/\/alfaview.com\/de\/contract-withdrawal","title":{"rendered":"Vertrag widerrufen"},"content":{"rendered":"\n<div class=\"wp-block-group alignfull av-px-xs-1_5 has-background is-layout-constrained wp-container-core-group-is-layout-d0c92d38 wp-block-group-is-layout-constrained\" style=\"background:linear-gradient(180deg,rgb(3,120,207) 49%,rgb(234,235,237) 49%);margin-top:0;margin-bottom:0;padding-top:var(--wp--preset--spacing--80);padding-bottom:var(--wp--preset--spacing--80)\">\n<h1 class=\"wp-block-heading has-white-color has-text-color has-link-color wp-elements-7a5adfdbc5608eed24928118fa651d72\">Vertrag widerrufen<\/h1>\n\n\n\n<div class=\"wp-block-columns av-br-24 av-mt-xs-3 av-pt-xs-0 av-px-xs-0 has-white-background-color has-background is-layout-flex wp-container-core-columns-is-layout-b8e64976 wp-block-columns-is-layout-flex\" style=\"margin-top:var(--wp--preset--spacing--80);box-shadow:var(--wp--preset--shadow--natural)\">\n<div class=\"wp-block-column av-px-xs-1 av-py-xs-2 is-layout-flow wp-block-column-is-layout-flow\" style=\"padding-top:var(--wp--preset--spacing--60);padding-right:var(--wp--preset--spacing--50);padding-bottom:var(--wp--preset--spacing--60);padding-left:var(--wp--preset--spacing--50);flex-basis:50%\">\n<div class=\"wp-block-contact-form-7-contact-form-selector\">\n<div class=\"wpcf7 no-js\" id=\"wpcf7-f11294-o1\" lang=\"en-US\" dir=\"ltr\" data-wpcf7-id=\"11294\">\n<div class=\"screen-reader-response\"><p role=\"status\" aria-live=\"polite\" aria-atomic=\"true\"><\/p> <ul><\/ul><\/div>\n<form action=\"\/de\/wp-json\/wp\/v2\/pages\/11292#wpcf7-f11294-o1\" method=\"post\" class=\"wpcf7-form init\" id=\"avform-withdrawal\" name=\"avform-withdrawal\" aria-label=\"Withdrawal-Kontaktformular\" novalidate=\"novalidate\" data-status=\"init\">\n<fieldset class=\"hidden-fields-container\"><input type=\"hidden\" name=\"_wpcf7\" value=\"11294\" \/><input type=\"hidden\" name=\"_wpcf7_version\" value=\"6.1.5\" \/><input type=\"hidden\" name=\"_wpcf7_locale\" value=\"en_US\" \/><input type=\"hidden\" name=\"_wpcf7_unit_tag\" value=\"wpcf7-f11294-o1\" \/><input type=\"hidden\" name=\"_wpcf7_container_post\" value=\"0\" \/><input type=\"hidden\" name=\"_wpcf7_posted_data_hash\" value=\"\" \/>\n<\/fieldset>\n<div class=\"container\">\n\t<fieldset>\n\t\t<legend>Daten zur Identifizierung des Vertrags\n\t\t<\/legend>\n\t\t<div class=\"row\">\n\t\t\t<div class=\"col-md-6 col-sm-12\">\n\t\t\t\t<p><label class=\"form-label\" for=\"name\">Name <abbr aria-hidden=\"true\" title=\"Pflichtangabe\">*<\/abbr><\/label><br \/>\n<span class=\"wpcf7-form-control-wrap\" data-name=\"contact-name\"><input size=\"40\" maxlength=\"400\" class=\"wpcf7-form-control wpcf7-text wpcf7-validates-as-required form-control\" id=\"name\" autocomplete=\"name\" aria-required=\"true\" aria-invalid=\"false\" value=\"\" type=\"text\" name=\"contact-name\" \/><\/span>\n\t\t\t\t<\/p>\n\t\t\t<\/div>\n\t\t\t<div class=\"col-md-6 col-sm-12\">\n\t\t\t\t<p><label class=\"form-label\" for=\"email\">E-Mail <abbr aria-hidden=\"true\" title=\"Pflichtangabe\">*<\/abbr><\/label><br \/>\n<span class=\"wpcf7-form-control-wrap\" data-name=\"email\"><input size=\"40\" maxlength=\"400\" class=\"wpcf7-form-control wpcf7-email wpcf7-validates-as-required wpcf7-text wpcf7-validates-as-email form-control\" id=\"email\" autocomplete=\"email\" aria-required=\"true\" aria-invalid=\"false\" value=\"\" type=\"email\" name=\"email\" \/><\/span>\n\t\t\t\t<\/p>\n\t\t\t<\/div>\n\t\t<\/div>\n\t\t<div class=\"row\">\n\t\t\t<div class=\"col-md-6 col-sm-12\">\n\t\t\t\t<p><label class=\"form-label\" for=\"cid\"><abbr aria-hidden=\"true\" title=\"Die Kundennummer finden Sie auf Ihrer Rechnung\">Kundennummer<\/abbr> <abbr aria-hidden=\"true\" title=\"Pflichtangabe\">*<\/abbr><\/label><br \/>\n<span class=\"wpcf7-form-control-wrap\" data-name=\"customer-id\"><input size=\"40\" maxlength=\"400\" class=\"wpcf7-form-control wpcf7-text wpcf7-validates-as-required form-control\" id=\"cid\" aria-required=\"true\" aria-invalid=\"false\" value=\"\" type=\"text\" name=\"customer-id\" \/><\/span>\n\t\t\t\t<\/p>\n\t\t\t<\/div>\n\t\t\t<div class=\"col-md-6 col-sm-12\">\n\t\t\t\t<p><label class=\"form-label\" for=\"phone\"><abbr aria-hidden=\"true\" title=\"Die Auftragsnummer oder Bestellnummer finden Sie auf Ihrer Rechnung\">Auftragsnummer oder Bestellnummer<\/abbr> <abbr aria-hidden=\"true\" title=\"Pflichtangabe\">*<\/abbr><\/label><br \/>\n<span class=\"wpcf7-form-control-wrap\" data-name=\"order-id\"><input size=\"40\" maxlength=\"400\" class=\"wpcf7-form-control wpcf7-text wpcf7-validates-as-required form-control\" id=\"oid\" aria-required=\"true\" aria-invalid=\"false\" value=\"\" type=\"text\" name=\"order-id\" \/><\/span><span id=\"wpcf7-6a047362e83f0-wrapper\" class=\"wpcf7-form-control-wrap Mobile-wrap\" ><input type=\"hidden\" name=\"Mobile-time-start\" value=\"1778676578\"><input type=\"hidden\" name=\"Mobile-time-check\" value=\"10\"><label for=\"wpcf7-6a047362e83f0-field\" class=\"hp-message\">Please leave this field empty.<\/label><input id=\"wpcf7-6a047362e83f0-field\"  class=\"wpcf7-form-control wpcf7-text\" type=\"text\" name=\"Mobile\" value=\"\" size=\"40\" tabindex=\"-1\" autocomplete=\"new-password\" \/><\/span><span id=\"wpcf7-6a047362e8434-wrapper\" class=\"wpcf7-form-control-wrap Website-wrap\" ><input type=\"hidden\" name=\"Website-time-start\" value=\"1778676578\"><input type=\"hidden\" name=\"Website-time-check\" value=\"10\"><label for=\"wpcf7-6a047362e8434-field\" class=\"hp-message\">Please leave this field empty.<\/label><input id=\"wpcf7-6a047362e8434-field\"  class=\"wpcf7-form-control wpcf7-text\" type=\"text\" name=\"Website\" value=\"\" size=\"40\" tabindex=\"-1\" autocomplete=\"new-password\" \/><\/span>\n\t\t\t\t<\/p>\n\t\t\t<\/div>\n\t\t<\/div>\n\t\t<div class=\"row\">\n\t\t\t<div class=\"col-md-12 col-sm-12\">\n\t\t\t\t<p><label class=\"form-label\" for=\"withdrawal-policy\">Widerrufsbelehrung<\/label><br \/>\n<span class=\"wpcf7-form-control-wrap\" data-name=\"withdrawal-policy\"><textarea cols=\"40\" rows=\"5\" maxlength=\"2500\" class=\"wpcf7-form-control wpcf7-textarea form-control\" id=\"withdrawal-policy\" readonly=\"readonly\" aria-invalid=\"false\" name=\"withdrawal-policy\">Widerrufsrecht\nSie haben als Verbraucher:in das Recht, binnen vierzehn Tagen ohne Angabe von Gr\u00fcnden Ihren Vertrag zu widerrufen. Die Widerrufsfrist betr\u00e4gt vierzehn Tage ab dem Tag des Vertragsschlusses. Um Ihr Widerrufsrecht auszu\u00fcben, m\u00fcssen Sie uns (alfaview gmbh, Kriegsstr. 100, 76133 Karlsruhe, Deutschland, Telefon: 0721-35 450 450, E-Mail: info@alfaview.com) mittels einer eindeutigen Erkl\u00e4rung (z.B. ein mit der Post versandter Brief, Telefax oder E-Mail) \u00fcber Ihren Entschluss, diesen Vertrag zu widerrufen, informieren. Sie k\u00f6nnen daf\u00fcr auch dieses Widerrufsformular verwenden, das jedoch nicht vorgeschrieben ist. Zur Wahrung der Widerrufsfrist reicht es aus, dass Sie die Mitteilung \u00fcber die Aus\u00fcbung des Widerrufsrechts vor Ablauf der Widerrufsfrist absenden.\n\nFolgen des Widerrufs\nWenn Sie diesen Vertrag widerrufen, haben wir Ihnen alle Zahlungen, die wir von Ihnen erhalten haben, einschlie\u00dflich der Lieferkosten (mit Ausnahme der zus\u00e4tzlichen Kosten, die sich daraus ergeben, dass Sie eine andere Art der Lieferung als die von uns angebotene, g\u00fcnstigste Standardlieferung gew\u00e4hlt haben), unverz\u00fcglich und sp\u00e4testens binnen vierzehn Tagen ab dem Tag zur\u00fcckzuzahlen, an dem die Mitteilung \u00fcber Ihren Widerruf dieses Vertrags bei uns eingegangen ist. F\u00fcr diese R\u00fcckzahlung verwenden wir dasselbe Zahlungsmittel, das Sie bei der urspr\u00fcnglichen Transaktion eingesetzt haben, es sei denn, mit Ihnen wurde ausdr\u00fccklich etwas anderes vereinbart; in keinem Fall werden Ihnen wegen dieser R\u00fcckzahlung Entgelte berechnet.\n\nHaben Sie verlangt, dass die alfaview-Leistung w\u00e4hrend der Widerrufsfrist beginnen soll, so haben Sie uns einen angemessenen Betrag zu zahlen, der dem Anteil der bis zu dem Zeitpunkt, zu dem Sie uns von der Aus\u00fcbung des Widerrufsrechts hinsichtlich dieses Vertrags unterrichten, bereits erbrachten alfaview-Leistungen im Vergleich zum Gesamtumfang der im Vertrag vorgesehenen alfaview-Leistungen entspricht.\n\nUnternehmen sind bei der Buchung vom Widerrufsrecht ausgeschlossen.<\/textarea><\/span>\n\t\t\t\t<\/p>\n\t\t\t<\/div>\n\t\t<\/div>\n\t<\/fieldset>\n\t<div class=\"row\">\n\t\t<div class=\"col-md-12 col-sm-12\">\n\t\t\t<p><span class=\"wpcf7-form-control-wrap\" data-name=\"accept-privacy-policy\"><span class=\"wpcf7-form-control wpcf7-acceptance\"><span class=\"wpcf7-list-item\"><label><input type=\"checkbox\" name=\"accept-privacy-policy\" value=\"1\" aria-invalid=\"false\" \/><span class=\"wpcf7-list-item-label\">Ich habe die <a href=\"https:\/\/alfaview.com\/de\/privacy\">Datenschutzerkl\u00e4rung<\/a> zur Kenntnis genommen.<\/span><\/label><\/span><\/span><\/span>\n\t\t\t<\/p>\n\t\t<\/div>\n\t<\/div>\n\t<div class=\"row\">\n\t\t<div class=\"col-md-12 col-sm-12 text-end\">\n\t\t<input class=\"wpcf7-form-control wpcf7-hidden\" id=\"timestamp\" value=\"\" type=\"hidden\" name=\"timestamp\" \/>\n\t\t\t<p><input class=\"wpcf7-form-control wpcf7-submit has-spinner\" type=\"submit\" value=\"Widerruf absenden\" \/>\n\t\t\t<\/p>\n\t\t<\/div>\n\t<\/div>\n<\/div>\n<div class=\"wpcf7-response-output\" aria-hidden=\"true\"><\/div><div class=\"frc-captcha \" data-sitekey=\"FCMTCD9U7B5S8031\" data-lang=\"de\" data-puzzle-endpoint=\"https:\/\/eu-api.friendlycaptcha.eu\/api\/v1\/puzzle\"><\/div>\n\t\t<noscript>You need to enable Javascript for the anti-spam check.<\/noscript>\n<\/form>\n<\/div>\n<\/div>\n<\/div>\n\n\n\n<div class=\"wp-block-column av-px-xs-2 av-py-xs-2 is-layout-flow wp-container-core-column-is-layout-6b73ea72 wp-block-column-is-layout-flow\" style=\"padding-top:var(--wp--preset--spacing--60);padding-right:var(--wp--preset--spacing--50);padding-bottom:var(--wp--preset--spacing--60);padding-left:var(--wp--preset--spacing--50);flex-basis:50%\">\n<h3 class=\"wp-block-heading\">Ablauf<\/h3>\n\n\n\n<p style=\"font-size:16px\">\u00dcber das  Formular k\u00f6nnen Sie den Vertragswiderruf online an uns \u00fcbermitteln. Die ben\u00f6tigten Angaben finden Sie auf Ihrer Rechnung.<\/p>\n\n\n\n<ul class=\"wp-block-list\">\n<li>Nach dem Absenden erhalten Sie zun\u00e4chst eine Best\u00e4tigung \u00fcber den Eingang des Formulars per E-Mail.<\/li>\n\n\n\n<li>Sobald wir die Daten gepr\u00fcft haben, erhalten Sie umgehend R\u00fcckmeldung \u00fcber den weiteren Verlauf des Vorgangs.<\/li>\n<\/ul>\n\n\n\n<h3 class=\"wp-block-heading\">Datenschutzhinweis<\/h3>\n\n\n\n<p>Ihre Angaben werden zur Bearbeitung Ihres Widerrufs auf Grundlage gesetzlicher Vorgaben verarbeitet. Weitere Informationen finden Sie in unserer <a href=\"https:\/\/alfaview.com\/de\/privacy\" target=\"_blank\" data-type=\"page\" data-id=\"99\" rel=\"noreferrer noopener\">Datenschutzerkl\u00e4rung<\/a>.<\/p>\n<\/div>\n<\/div>\n<\/div>\n\n\n\n<p><\/p>\n","protected":false},"excerpt":{"rendered":"<p>Vertrag widerrufen Ablauf \u00dcber das Formular k\u00f6nnen Sie den Vertragswiderruf online an uns \u00fcbermitteln. Die ben\u00f6tigten Angaben finden<i class=\"icon excerpt-icon icon-ic_arrow_forward_24dp\"><\/i><\/p>\n","protected":false},"author":11,"featured_media":0,"parent":0,"menu_order":0,"comment_status":"closed","ping_status":"closed","template":"","meta":{"footnotes":""},"class_list":["post-11292","page","type-page","status-publish","hentry"],"_links":{"self":[{"href":"https:\/\/alfaview.com\/de\/wp-json\/wp\/v2\/pages\/11292","targetHints":{"allow":["GET"]}}],"collection":[{"href":"https:\/\/alfaview.com\/de\/wp-json\/wp\/v2\/pages"}],"about":[{"href":"https:\/\/alfaview.com\/de\/wp-json\/wp\/v2\/types\/page"}],"author":[{"embeddable":true,"href":"https:\/\/alfaview.com\/de\/wp-json\/wp\/v2\/users\/11"}],"replies":[{"embeddable":true,"href":"https:\/\/alfaview.com\/de\/wp-json\/wp\/v2\/comments?post=11292"}],"version-history":[{"count":3,"href":"https:\/\/alfaview.com\/de\/wp-json\/wp\/v2\/pages\/11292\/revisions"}],"predecessor-version":[{"id":11301,"href":"https:\/\/alfaview.com\/de\/wp-json\/wp\/v2\/pages\/11292\/revisions\/11301"}],"wp:attachment":[{"href":"https:\/\/alfaview.com\/de\/wp-json\/wp\/v2\/media?parent=11292"}],"curies":[{"name":"wp","href":"https:\/\/api.w.org\/{rel}","templated":true}]}}