{"id":1363,"date":"2024-09-17T07:59:15","date_gmt":"2024-09-17T07:59:15","guid":{"rendered":"https:\/\/preview.alfaview.com\/?page_id=1363"},"modified":"2026-03-16T15:32:34","modified_gmt":"2026-03-16T14:32:34","slug":"room-concept","status":"publish","type":"page","link":"https:\/\/alfaview.com\/de\/room-concept","title":{"rendered":"Raumkonzept"},"content":{"rendered":"\n<div style=\"height:100px\" aria-hidden=\"true\" class=\"wp-block-spacer\"><\/div>\n\n\n\n<h1 class=\"wp-block-heading has-text-align-center has-text-color-color has-text-color has-link-color has-roboto-black-font-family wp-elements-6902a7556c76c42bfdd5e8bbe7115ef1\" style=\"padding-top:var(--wp--preset--spacing--20);padding-bottom:var(--wp--preset--spacing--20)\">Das alfaview-Raumkonzept<\/h1>\n\n\n\n<div class=\"wp-block-group is-layout-constrained wp-container-core-group-is-layout-f36bc466 wp-block-group-is-layout-constrained\">\n<p class=\"has-text-align-center av-fs-1 has-roboto-regular-font-family\" style=\"font-size:19px;line-height:1.8\">Als Kommunikationsplattform f\u00fcr den professionellen Einsatz setzt alfaview nicht allein auf einzelne Meetings, sondern stellt eine virtuelle Company mit Abteilungen und R\u00e4umen bereit. So k\u00f6nnen Sie Ihre Organisationsstruktur eins zu eins virtuell abbilden: Teams arbeiten ortsunabh\u00e4ngig wie im physischen B\u00fcro in ihren alfaview-R\u00e4umen kreativ und produktiv zusammen.<\/p>\n<\/div>\n\n\n\n<div style=\"height:50px\" aria-hidden=\"true\" class=\"wp-block-spacer\"><\/div>\n\n\n\n<figure class=\"wp-block-image aligncenter size-full\"><img loading=\"lazy\" decoding=\"async\" width=\"1220\" height=\"751\" src=\"https:\/\/alfaview.com\/wp-content\/uploads\/2024\/09\/raumkonzept_de.png\" alt=\"Videokonferenz mit ge\u00f6ffneter Raumliste in der Seitenleiste. Man sieht verschiedene Abteilungen und R\u00e4ume in der Raumstruktur abgebildet.\" class=\"wp-image-1364\" srcset=\"https:\/\/alfaview.com\/wp-content\/uploads\/2024\/09\/raumkonzept_de.png 1220w, https:\/\/alfaview.com\/wp-content\/uploads\/2024\/09\/raumkonzept_de-300x185.png 300w, https:\/\/alfaview.com\/wp-content\/uploads\/2024\/09\/raumkonzept_de-1024x630.png 1024w, https:\/\/alfaview.com\/wp-content\/uploads\/2024\/09\/raumkonzept_de-768x473.png 768w\" sizes=\"auto, (max-width: 1220px) 100vw, 1220px\" \/><\/figure>\n\n\n\n<div class=\"wp-block-group is-layout-constrained wp-container-core-group-is-layout-f36bc466 wp-block-group-is-layout-constrained\">\n<p class=\"has-text-align-center av-fs-1 has-roboto-regular-font-family\" style=\"margin-top:var(--wp--preset--spacing--60);font-size:19px;line-height:1.5\">Statt Einladungslinks zu Online-Meetings zu verschicken, k\u00f6nnen Mitarbeitende in alfaview einfach den Raum wechseln, um sich mit Kolleg:innen auszutauschen \u2013 wie im \u201eechten\u201c Leben. Ein gemeinsamer Arbeitsalltag erh\u00f6ht den Teamzusammenhalt und steigert die Kreativit\u00e4t \u2013 auch online.<\/p>\n\n\n\n<p class=\"has-text-align-center has-roboto-regular-font-family\" style=\"font-size:19px;font-style:normal;font-weight:500;line-height:1.8\">alfaview bietet <a href=\"\/de\/features\">alle Funktionen<\/a>, um erfolgreich online zusammenzuarbeiten<\/p>\n<\/div>\n\n\n\n<div style=\"height:100px\" aria-hidden=\"true\" class=\"wp-block-spacer\"><\/div>\n\n\n\n<div class=\"wp-block-columns are-vertically-aligned-center av-mt-xs-0 av-px-xs-0_5 av-mb-xs-0 is-layout-flex wp-container-core-columns-is-layout-9eac5fe8 wp-block-columns-is-layout-flex\" style=\"margin-top:var(--wp--preset--spacing--80);margin-bottom:var(--wp--preset--spacing--80)\">\n<div class=\"wp-block-column is-vertically-aligned-center av-mb-xs-1 is-layout-flow wp-block-column-is-layout-flow\" style=\"padding-right:0;padding-left:0\">\n<h2 class=\"wp-block-heading has-text-color-color has-text-color has-link-color has-roboto-black-font-family wp-elements-303564be5b2e9a5e397d83cd9cd41279\">Produktiv zusammenarbeiten im alfaview-B\u00fcro<\/h2>\n\n\n\n<p class=\"has-roboto-regular-font-family\" style=\"line-height:1.8\">L\u00f6sen Sie sich von dem Gedanken eines B\u00fcrogeb\u00e4udes als Arbeitsort \u2013 mit alfaview steht Ihnen Ihr Unternehmen permanent und \u00fcberall zur Verf\u00fcgung. Ob im B\u00fcro, hybrid oder im Home-Office, in alfaview arbeiten Sie produktiv an einem gemeinsamen Ort zusammen. Erhalten Sie im Video einen Eindruck vom Arbeitsalltag im alfaview-B\u00fcro.<\/p>\n<\/div>\n\n\n\n<div class=\"wp-block-column is-layout-flow wp-container-core-column-is-layout-96dfdac3 wp-block-column-is-layout-flow\" style=\"padding-top:0px;padding-bottom:0px\">\n<div class=\"wp-block-group is-layout-flow wp-block-group-is-layout-flow\">\n<figure class=\"wp-block-video av-video-br-24\"><video height=\"1080\" style=\"aspect-ratio: 1920 \/ 1080;\" width=\"1920\" controls src=\"https:\/\/alfaview.com\/wp-content\/uploads\/2024\/12\/alfaview-product-de-web.mp4\"><track src=\"https:\/\/alfaview.com\/wp-content\/uploads\/2025\/03\/alfaview-product-de-web.vtt\" label=\"Deutsch\" srclang=\"de\"\/><\/video><figcaption class=\"wp-element-caption\">Film, der mehrere Personen beim gemeinsamen Arbeitsalltag in alfaview zeigt. Die Personen befinden sich in einer Videokonferenz. An den Hintergr\u00fcnden ist erkennbar, dass manche im Home-Office und andere im B\u00fcro arbeiten. Es wird die Raumstruktur in alfaview mit unterschiedlichen R\u00e4umen gezeigt, die jeweils nach unterschiedlichen Abteilungen benannt sind. Eine Ziffer neben dem Raumnamen zeigt an, wie viele Personen sich aktuell im Raum befinden. Mit einem Klick auf den Raumnamen einer Abteilung findet ein Raumwechsel statt. Nach dem Austausch einer privaten Kurznachricht treffen sich zwei Personen in einem Breakout Room. Hier wird das Bild einer Zweitkamera \u00fcbertragen und die Arbeit mit einem virtuellen Whiteboard gezeigt. Es folgt eine Videokonferenz mit Videobildern von \u00fcber einhundert Teilnehmenden. Auf dem Bildschirm erscheinen kleine Fenster mit der Live-Transkription und der Live-\u00dcbersetzung. Zuletzt winkt eine Frau aus dem Home-Office ihren Kolleginnen und Kollegen zu, mit denen sie \u00fcber alfaview auf ihrem Laptop verbunden ist.<\/figcaption><\/figure>\n<\/div>\n<\/div>\n<\/div>\n\n\n\n<div class=\"wp-block-columns are-vertically-aligned-center av-mt-xs-5 av-px-xs-0_5 column-reverse av-mb-xs-0 is-layout-flex wp-container-core-columns-is-layout-942e3629 wp-block-columns-is-layout-flex\" style=\"margin-top:var(--wp--preset--spacing--80);margin-bottom:var(--wp--preset--spacing--80)\">\n<div class=\"wp-block-column is-vertically-aligned-center is-layout-flow wp-block-column-is-layout-flow\" style=\"flex-basis:50%\">\n<figure class=\"wp-block-image size-full av-img-s-300\"><img loading=\"lazy\" decoding=\"async\" width=\"628\" height=\"577\" src=\"https:\/\/alfaview.com\/wp-content\/uploads\/2024\/09\/raumkonzept_company_de.png\" alt=\"Grundriss eines Geb\u00e4udes. Jeder Raum ist einer Abteilung zugeordnet wie Marketing, Logistik und Personal\" class=\"wp-image-1366\" srcset=\"https:\/\/alfaview.com\/wp-content\/uploads\/2024\/09\/raumkonzept_company_de.png 628w, https:\/\/alfaview.com\/wp-content\/uploads\/2024\/09\/raumkonzept_company_de-300x276.png 300w\" sizes=\"auto, (max-width: 628px) 100vw, 628px\" \/><\/figure>\n<\/div>\n\n\n\n<div class=\"wp-block-column is-vertically-aligned-center is-layout-flow wp-block-column-is-layout-flow\" style=\"flex-basis:50%\">\n<h2 class=\"wp-block-heading has-text-color-color has-text-color has-link-color has-roboto-black-font-family wp-elements-01941e9cf1fa107f2b60134828ac8a98\">Ihre alfaview-Company<\/h2>\n\n\n\n<p class=\"has-roboto-regular-font-family\" style=\"line-height:1.8\">Ihre alfaview-Company ist die virtuelle Abbildung Ihres Unternehmens, Ihrer Einrichtung oder Organisation. Innerhalb dieser Company k\u00f6nnen Sie Abteilungen, R\u00e4ume und Benutzer:innen anlegen sowie G\u00e4ste einladen und alle Mitarbeitenden, unabh\u00e4ngig von ihrem Arbeitsort, miteinander vernetzen.<\/p>\n\n\n\n<p class=\"has-roboto-regular-font-family\" style=\"line-height:1.8\">Finden Sie Ihre Kolleg:innen \u00fcber die Teilnehmerliste des jeweiligen Raumes oder \u00fcber die raum- und abteilungs\u00fcbergreifende Suchfunktion. Speichern Sie R\u00e4ume, in denen Sie sich oft aufhalten, als Favoriten, um noch schneller in die R\u00e4ume zu gelangen.<\/p>\n\n\n\n<p class=\"has-roboto-regular-font-family\" style=\"font-size:19px;font-style:normal;font-weight:500;line-height:1.7\">Schaffen Sie flie\u00dfende \u00dcberg\u00e4nge zwischen dem Arbeiten vor Ort, von unterwegs oder im Home-Office.<\/p>\n<\/div>\n<\/div>\n\n\n\n<div class=\"wp-block-columns are-vertically-aligned-center av-px-xs-0_5 av-mt-xs-5 av-mb-xs-0 is-layout-flex wp-container-core-columns-is-layout-29c68b5d wp-block-columns-is-layout-flex\" style=\"margin-top:var(--wp--preset--spacing--80);margin-bottom:var(--wp--preset--spacing--80)\">\n<div class=\"wp-block-column is-vertically-aligned-center is-layout-flow wp-block-column-is-layout-flow\">\n<h2 class=\"wp-block-heading has-text-color-color has-text-color has-link-color has-roboto-black-font-family wp-elements-f24c349e409ab055cf6a5f5fd4539804\">R\u00e4ume und Abteilungen<\/h2>\n\n\n\n<p class=\"has-roboto-regular-font-family\" style=\"line-height:1.8\">alfaview-R\u00e4ume sind virtuelle B\u00fcros, in denen Ihre Mitarbeitenden produktiv und kreativ zusammenarbeiten. Teammitglieder sind jederzeit ansprechbar und k\u00f6nnen per Mausklick in andere R\u00e4ume \u201espringen\u201c, um sich mit den Kolleg:innen aus dem Nachbarb\u00fcro auszutauschen. Fassen Sie R\u00e4ume zu Abteilungen zusammen, um die Raumstruktur Ihrer Organisation \u00fcbersichtlich zu gestalten und die Navigation zwischen den R\u00e4umen zu erleichtern. Auch G\u00e4ste k\u00f6nnen Sie jederzeit zu Terminen in Ihre alfaview-R\u00e4ume einladen.<\/p>\n\n\n\n<p class=\"has-roboto-regular-font-family\" style=\"font-size:19px;font-style:normal;font-weight:500;line-height:1.7\">So kann der gemeinsame B\u00fcroalltag mit alfaview in die digitale <br>Umgebung \u00fcbertragen werden.<\/p>\n<\/div>\n\n\n\n<div class=\"wp-block-column is-vertically-aligned-center is-layout-flow wp-block-column-is-layout-flow\">\n<figure class=\"wp-block-image size-full\"><img loading=\"lazy\" decoding=\"async\" width=\"585\" height=\"733\" src=\"https:\/\/alfaview.com\/wp-content\/uploads\/2024\/09\/raumkonzept_abteilungen_de.png\" alt=\"Raumliste mit favorisiertem Raum Marketing oben. Weitere Abteilung HR und deren zugeordnete R\u00e4ume Recruiting, Interview und Personal. Weitere R\u00e4ume sind Recht, Logistik und Administration. Neben den Raumnamen wird jeweils die Zahl der Anwesenden angezeigt und eine Schaltfl\u00e4che zum Betreten.\" class=\"wp-image-1368\" srcset=\"https:\/\/alfaview.com\/wp-content\/uploads\/2024\/09\/raumkonzept_abteilungen_de.png 585w, https:\/\/alfaview.com\/wp-content\/uploads\/2024\/09\/raumkonzept_abteilungen_de-239x300.png 239w\" sizes=\"auto, (max-width: 585px) 100vw, 585px\" \/><\/figure>\n<\/div>\n<\/div>\n\n\n\n<div class=\"wp-block-columns are-vertically-aligned-center av-px-xs-0_5 av-mt-xs-5 av-mb-xs-0 column-reverse is-layout-flex wp-container-core-columns-is-layout-70201a26 wp-block-columns-is-layout-flex\" style=\"margin-top:var(--wp--preset--spacing--70);margin-bottom:var(--wp--preset--spacing--70)\">\n<div class=\"wp-block-column is-vertically-aligned-center is-layout-flow wp-block-column-is-layout-flow\" style=\"flex-basis:50%\">\n<figure class=\"wp-block-image size-full\"><img loading=\"lazy\" decoding=\"async\" width=\"540\" height=\"513\" src=\"https:\/\/alfaview.com\/wp-content\/uploads\/2024\/09\/raumkonzept_untergruppen_de.png\" alt=\"Teilnehmerliste des Raums Marketing mit Untergruppen. 4 Personen befinden sich im Hauptraum, 2 in einer Untergruppe. Die Namen der Teilnehmenden werden angezeigt.\" class=\"wp-image-1370\" srcset=\"https:\/\/alfaview.com\/wp-content\/uploads\/2024\/09\/raumkonzept_untergruppen_de.png 540w, https:\/\/alfaview.com\/wp-content\/uploads\/2024\/09\/raumkonzept_untergruppen_de-300x285.png 300w\" sizes=\"auto, (max-width: 540px) 100vw, 540px\" \/><\/figure>\n<\/div>\n\n\n\n<div class=\"wp-block-column is-vertically-aligned-center is-layout-flow wp-block-column-is-layout-flow\" style=\"flex-basis:50%\">\n<h2 class=\"wp-block-heading has-text-color-color has-text-color has-link-color has-roboto-black-font-family wp-elements-190132102e93e381c928bbce6fdb8f03\">Untergruppen<\/h2>\n\n\n\n<p class=\"has-roboto-regular-font-family\" style=\"line-height:1.8\">Jeder alfaview-Raum enth\u00e4lt 50 Untergruppen, die Sie als Breakout-Rooms f\u00fcr Einzelgespr\u00e4che oder die Arbeit in kleinen Teams nutzen k\u00f6nnen.<\/p>\n\n\n\n<p class=\"has-roboto-regular-font-family\" style=\"font-size:19px;font-style:normal;font-weight:500;line-height:1.7\">Hier findet jede:r einen ruhigen Platz zum konzentrierten Arbeiten.<\/p>\n<\/div>\n<\/div>\n\n\n\n<div class=\"wp-block-columns are-vertically-aligned-center av-px-xs-0_5 av-mt-xs-5 av-mb-xs-0 is-layout-flex wp-container-core-columns-is-layout-44be3b75 wp-block-columns-is-layout-flex\" style=\"margin-top:var(--wp--preset--spacing--80);margin-bottom:var(--wp--preset--spacing--80)\">\n<div class=\"wp-block-column is-vertically-aligned-center is-layout-flow wp-block-column-is-layout-flow\">\n<h2 class=\"wp-block-heading has-text-color-color has-text-color has-link-color has-roboto-black-font-family wp-elements-168f7c43175cf88937b0479ee636b50e\">Meetingr\u00e4ume<\/h2>\n\n\n\n<p class=\"has-roboto-regular-font-family\" style=\"line-height:1.8\">Sie k\u00f6nnen vertrauliche Besprechungen auch in geschlossenen, tempor\u00e4ren Meetingr\u00e4umen au\u00dferhalb Ihrer festen alfaview-R\u00e4ume durchf\u00fchren. Personen, die nicht zum Meeting eingeladen sind, k\u00f6nnen in der Raumliste weder den Meetingraum noch die Teilnehmer:innen des Meetings sehen. Meetingr\u00e4ume k\u00f6nnen nur f\u00fcr fest definierte Zeitr\u00e4ume erstellt werden. Nach der Durchf\u00fchrung werden sie automatisch wieder gel\u00f6scht und sind dann nicht mehr zug\u00e4nglich.<\/p>\n\n\n\n<p class=\"has-roboto-regular-font-family\" style=\"font-size:19px;font-style:normal;font-weight:500;line-height:1.7\">Nutzen Sie die Meetingr\u00e4ume f\u00fcr geschlossene Meetings oder ungest\u00f6rte Gespr\u00e4che.<\/p>\n<\/div>\n\n\n\n<div class=\"wp-block-column is-vertically-aligned-center is-layout-flow wp-block-column-is-layout-flow\">\n<figure class=\"wp-block-image size-full is-resized\"><img loading=\"lazy\" decoding=\"async\" width=\"722\" height=\"584\" src=\"https:\/\/alfaview.com\/wp-content\/uploads\/2025\/01\/Raumkonzept-Meetingraeume-1.png\" alt=\"Meeting- und Raumliste der alfaview-App. Es werden zwei bevorstehende Meetings mit Datum und Uhrzeit angezeigt.\" class=\"wp-image-5319\" style=\"width:538px;height:auto\" srcset=\"https:\/\/alfaview.com\/wp-content\/uploads\/2025\/01\/Raumkonzept-Meetingraeume-1.png 722w, https:\/\/alfaview.com\/wp-content\/uploads\/2025\/01\/Raumkonzept-Meetingraeume-1-300x243.png 300w\" sizes=\"auto, (max-width: 722px) 100vw, 722px\" \/><\/figure>\n<\/div>\n<\/div>\n\n\n\n<div style=\"height:150px\" aria-hidden=\"true\" class=\"wp-block-spacer\"><\/div>\n","protected":false},"excerpt":{"rendered":"<p>Das alfaview-Raumkonzept Als Kommunikationsplattform f\u00fcr den professionellen Einsatz setzt alfaview nicht allein auf einzelne Meetings, sondern stellt eine<i class=\"icon excerpt-icon icon-ic_arrow_forward_24dp\"><\/i><\/p>\n","protected":false},"author":2,"featured_media":0,"parent":0,"menu_order":0,"comment_status":"closed","ping_status":"closed","template":"","meta":{"footnotes":""},"class_list":["post-1363","page","type-page","status-publish","hentry"],"_links":{"self":[{"href":"https:\/\/alfaview.com\/de\/wp-json\/wp\/v2\/pages\/1363","targetHints":{"allow":["GET"]}}],"collection":[{"href":"https:\/\/alfaview.com\/de\/wp-json\/wp\/v2\/pages"}],"about":[{"href":"https:\/\/alfaview.com\/de\/wp-json\/wp\/v2\/types\/page"}],"author":[{"embeddable":true,"href":"https:\/\/alfaview.com\/de\/wp-json\/wp\/v2\/users\/2"}],"replies":[{"embeddable":true,"href":"https:\/\/alfaview.com\/de\/wp-json\/wp\/v2\/comments?post=1363"}],"version-history":[{"count":153,"href":"https:\/\/alfaview.com\/de\/wp-json\/wp\/v2\/pages\/1363\/revisions"}],"predecessor-version":[{"id":10469,"href":"https:\/\/alfaview.com\/de\/wp-json\/wp\/v2\/pages\/1363\/revisions\/10469"}],"wp:attachment":[{"href":"https:\/\/alfaview.com\/de\/wp-json\/wp\/v2\/media?parent=1363"}],"curies":[{"name":"wp","href":"https:\/\/api.w.org\/{rel}","templated":true}]}}