{"id":1524,"date":"2024-09-17T13:17:56","date_gmt":"2024-09-17T13:17:56","guid":{"rendered":"https:\/\/preview.alfaview.com\/?page_id=1524"},"modified":"2026-03-19T10:50:46","modified_gmt":"2026-03-19T09:50:46","slug":"data-privacy-framework","status":"publish","type":"page","link":"https:\/\/alfaview.com\/de\/data-privacy-framework","title":{"rendered":"Data Privacy Framework"},"content":{"rendered":"\n<div class=\"wp-block-cover alignfull is-light av-cover-vh-60\" style=\"min-height:100vh;aspect-ratio:unset;\"><img loading=\"lazy\" decoding=\"async\" width=\"2560\" height=\"1670\" class=\"wp-block-cover__image-background wp-image-1454\" alt=\"Europaflaggen wehen im Wind vor blauem Himmel.\" src=\"https:\/\/alfaview.com\/wp-content\/uploads\/2024\/09\/kartellbeschwerde_header.jpg\" data-object-fit=\"cover\" srcset=\"https:\/\/alfaview.com\/wp-content\/uploads\/2024\/09\/kartellbeschwerde_header.jpg 2560w, https:\/\/alfaview.com\/wp-content\/uploads\/2024\/09\/kartellbeschwerde_header-300x196.jpg 300w, https:\/\/alfaview.com\/wp-content\/uploads\/2024\/09\/kartellbeschwerde_header-1024x668.jpg 1024w, https:\/\/alfaview.com\/wp-content\/uploads\/2024\/09\/kartellbeschwerde_header-768x501.jpg 768w, https:\/\/alfaview.com\/wp-content\/uploads\/2024\/09\/kartellbeschwerde_header-1536x1002.jpg 1536w, https:\/\/alfaview.com\/wp-content\/uploads\/2024\/09\/kartellbeschwerde_header-2048x1336.jpg 2048w\" sizes=\"auto, (max-width: 2560px) 100vw, 2560px\" \/><span aria-hidden=\"true\" class=\"wp-block-cover__background has-background-dim-0 has-background-dim\" style=\"background-color:#cad1d2\"><\/span><div class=\"wp-block-cover__inner-container is-layout-flow wp-block-cover-is-layout-flow\">\n<div class=\"wp-block-columns is-layout-flex wp-container-core-columns-is-layout-28f84493 wp-block-columns-is-layout-flex\">\n<div class=\"wp-block-column is-layout-flow wp-block-column-is-layout-flow\" style=\"flex-basis:20%\"><\/div>\n\n\n\n<div class=\"wp-block-column av-br-24 has-white-background-color has-background is-layout-constrained wp-container-core-column-is-layout-d741aff7 wp-block-column-is-layout-constrained\" style=\"padding-top:3.38em;padding-right:0em;padding-bottom:3.38em;padding-left:0em\">\n<h1 class=\"wp-block-heading\">Die DSGVO &amp; das&nbsp;EU-U.S. Data Privacy Framework<\/h1>\n\n\n\n<p>Im Juli 2023 trat das EU-US Data Privacy Framework in Kraft. Die Europ\u00e4ische Kommission attestierte dem Nachfolger des&nbsp;<a href=\"https:\/\/noyb.eu\/de\/node\/189\" target=\"_blank\" rel=\"noreferrer noopener\">gescheiterten EU-US Privacy Shields<\/a>&nbsp;ein angemessenes Schutzniveau hinsichtlich Datentransfers von der EU in die USA. Doch sind die Angemessenheitsbeschl\u00fcsse tats\u00e4chlich eine verl\u00e4ssliche Basis f\u00fcr den Transfer personenbezogener Daten von der EU in die USA? Was hat sich hinsichtlich des Schutzes der Daten von EU-B\u00fcrger konkret ge\u00e4ndert?<\/p>\n<\/div>\n\n\n\n<div class=\"wp-block-column is-layout-flow wp-block-column-is-layout-flow\" style=\"flex-basis:20%\"><\/div>\n<\/div>\n<\/div><\/div>\n\n\n\n<div style=\"height:70px\" aria-hidden=\"true\" class=\"wp-block-spacer\"><\/div>\n\n\n\n<div class=\"wp-block-columns is-layout-flex wp-container-core-columns-is-layout-28f84493 wp-block-columns-is-layout-flex\">\n<div class=\"wp-block-column is-layout-constrained wp-container-core-column-is-layout-cc6471b1 wp-block-column-is-layout-constrained\">\n<p style=\"padding-left:0\">Die transatlantischen Daten\u00fcbermittlungen zwischen der EU und den USA sorgen immer wieder f\u00fcr Unsicherheit. Politische Entscheidungen in den USA k\u00f6nnten das erst 2023 in Kraft getretene EU-U.S. Data Privacy Framework ins Wanken bringen \u2013 und damit auch die rechtliche Grundlage f\u00fcr zahlreiche Datenfl\u00fcsse europ\u00e4ischer Unternehmen.<\/p>\n\n\n\n<p>Die zentrale Frage lautet daher: Wie lassen sich personenbezogene Daten k\u00fcnftig rechtssicher verarbeiten, ohne auf st\u00e4ndig wechselnde internationale Abkommen angewiesen zu sein? Eine Antwort darauf sind europ\u00e4ische Alternativen f\u00fcr Software, die Datenschutz \u201eby design\u201c erm\u00f6glichen \u2013 ganz ohne rechtliche Grauzonen und geopolitisches Risiko.<\/p>\n\n\n\n<h2 class=\"wp-block-heading\"><strong>Hintergrund: Angemessenheitsbeschl\u00fcsse auf wackliger Basis<\/strong><\/h2>\n\n\n\n<p>Schon beim Inkrafttreten im Jahr 2023 war fraglich, ob die Angemessenheitsbeschl\u00fcsse f\u00fcr den Datentransfer zwischen der EU und den USA ausreichen, denn sie sind weitestgehend eine Kopie von fr\u00fcheren Regelungen wie dem gescheiterten Privacy Shield. Die entscheidenden Schw\u00e4chen vergangener Abkommen bestehen fort:<\/p>\n\n\n\n<ul class=\"wp-block-list\">\n<li>Die Antiterrorgesetzgebung der USA, die US-Beh\u00f6rden Zugriff auf Daten von EU-B\u00fcrger erlaubt, bleibt unangetastet. Substantielle \u00c4nderungen am US-Recht gab es nicht.<\/li>\n\n\n\n<li>FISA 702 erlaubt die \u00dcberwachung und Speicherung personenbezogener Daten von Nicht-US-B\u00fcrger:innen \u2013 darunter auch EU-B\u00fcrger:innen. Diese haben in den USA weder rechtliche Mittel noch Auskunftsrechte, um sich gegen diese Speicherung zu wehren.<\/li>\n\n\n\n<li>Das Risiko eines Wissenstransfers bei der Nutzung US-basierter Software ist real: Mit personenbezogenen Daten k\u00f6nnen auch Gesch\u00e4ftsgeheimnisse und europ\u00e4isches Know-how in die USA transferiert und dort von Beh\u00f6rden eingesehen werden.<\/li>\n<\/ul>\n\n\n\n<p><strong>alfaview verl\u00e4sst sich bewusst nicht auf die Angemessenheitsbeschl\u00fcsse<\/strong><strong>, denn das Trans-Atlantic Data Privacy Framework bietet keine tragf\u00e4hige rechtliche Grundlage f\u00fcr eine datenschutzkonforme \u00dcbermittlung von Daten in die USA.<\/strong><\/p>\n\n\n\n<h2 class=\"wp-block-heading\"><strong>Aktuelle politische Entwicklungen in den USA: Datenschutz erneut in Gefahr?<\/strong><\/h2>\n\n\n\n<p>Der politische Umbruch in den USA bringt neue Unruhe: US-Pr\u00e4sident Donald Trump entlie\u00df mehrere Mitglieder des Privacy and Civil Liberties Oversight Board (PCLOB) \u2013 einem zentralen Kontrollgremium f\u00fcr Datenschutz in den USA. Dieses Gremium war ma\u00dfgeblich an der Ausgestaltung des EU-U.S. Data Privacy Framework beteiligt. Zudem stehen mehrere zentrale Executive Orders, darunter auch die EO 14086, auf dem Pr\u00fcfstand. Sie bilden die Grundlage des EU-U.S. Data Privacy Frameworks.<\/p>\n\n\n\n<p>Die daraus resultierende Unsicherheit ist ein unkalkulierbares Risiko f\u00fcr europ\u00e4ische Unternehmen: Jede Organisation, die US-basierte Dienste nutzt \u2013 sei es f\u00fcr Cloud-Speicherung, Videokonferenzen oder andere Formen der Datenverarbeitung \u2013 ist potenziell betroffen. Sollte das Data Privacy Framework scheitern, drohen erneut rechtliche Unsicherheiten, m\u00f6gliche Bu\u00dfgelder und ein hoher Aufwand f\u00fcr Nachbesserungen beim Datenschutz.<\/p>\n\n\n\n<p>Die Frage lautet also nicht, ob, sondern wann eine neue Datenschutzkrise eintritt. Unternehmen sollten die Zeit nutzen, um sich unabh\u00e4ngig zu machen \u2013 durch die Nutzung europ\u00e4ischer Software-Alternativen, die nicht nur die DSGVO vollst\u00e4ndig einhalten, sondern auch langfristige Planungssicherheit bieten.<\/p>\n<\/div>\n<\/div>\n\n\n\n<div style=\"height:100px\" aria-hidden=\"true\" class=\"wp-block-spacer\"><\/div>\n","protected":false},"excerpt":{"rendered":"<p>Die transatlantischen Daten\u00fcbermittlungen zwischen der EU und den USA sorgen immer wieder f\u00fcr Unsicherheit. Politische Entscheidungen in den<i class=\"icon excerpt-icon icon-ic_arrow_forward_24dp\"><\/i><\/p>\n","protected":false},"author":2,"featured_media":0,"parent":0,"menu_order":0,"comment_status":"closed","ping_status":"closed","template":"","meta":{"footnotes":""},"class_list":["post-1524","page","type-page","status-publish","hentry"],"_links":{"self":[{"href":"https:\/\/alfaview.com\/de\/wp-json\/wp\/v2\/pages\/1524","targetHints":{"allow":["GET"]}}],"collection":[{"href":"https:\/\/alfaview.com\/de\/wp-json\/wp\/v2\/pages"}],"about":[{"href":"https:\/\/alfaview.com\/de\/wp-json\/wp\/v2\/types\/page"}],"author":[{"embeddable":true,"href":"https:\/\/alfaview.com\/de\/wp-json\/wp\/v2\/users\/2"}],"replies":[{"embeddable":true,"href":"https:\/\/alfaview.com\/de\/wp-json\/wp\/v2\/comments?post=1524"}],"version-history":[{"count":21,"href":"https:\/\/alfaview.com\/de\/wp-json\/wp\/v2\/pages\/1524\/revisions"}],"predecessor-version":[{"id":8912,"href":"https:\/\/alfaview.com\/de\/wp-json\/wp\/v2\/pages\/1524\/revisions\/8912"}],"wp:attachment":[{"href":"https:\/\/alfaview.com\/de\/wp-json\/wp\/v2\/media?parent=1524"}],"curies":[{"name":"wp","href":"https:\/\/api.w.org\/{rel}","templated":true}]}}