{"id":1872,"date":"2024-11-05T10:09:48","date_gmt":"2024-11-05T10:09:48","guid":{"rendered":"https:\/\/preview.alfaview.com\/?page_id=1872"},"modified":"2026-03-16T15:48:04","modified_gmt":"2026-03-16T14:48:04","slug":"accessibility","status":"publish","type":"page","link":"https:\/\/alfaview.com\/de\/accessibility","title":{"rendered":"Barrierefreiheit"},"content":{"rendered":"\n<div class=\"wp-block-columns are-vertically-aligned-center av-px-xs-0_5 av-mt-xs-4 is-layout-flex wp-container-core-columns-is-layout-e0025a13 wp-block-columns-is-layout-flex\" style=\"margin-top:7rem;margin-bottom:0rem\">\n<div class=\"wp-block-column is-vertically-aligned-center is-layout-flow wp-block-column-is-layout-flow\" style=\"flex-basis:60%\">\n<h1 class=\"wp-block-heading has-text-color-color has-text-color has-link-color has-roboto-black-font-family wp-elements-31e475848c2d45afea164e61eeae7800\">Videoconferencing f\u00fcr alle &#8211; barrierefrei kommunizieren mit alfaview<\/h1>\n\n\n\n<p class=\"av-fs-1 has-roboto-regular-font-family\" style=\"font-size:19px;line-height:1.8\">alfaview steht f\u00fcr eine gelungene barrierefreie digitale Kommunikation. Unser Ziel ist es, Menschen mit Beeintr\u00e4chtigungen ohne fremde Hilfe einen gleichwertigen Zugang zu unserer Kommunikation zu erm\u00f6glichen. Daher sind in allen Tarifen und f\u00fcr alle Nutzer:innen Features zur barrierefreien Nutzung von alfaview enthalten. Bei der Entwicklung der Funktionen zur Barrierefreiheit haben wir uns am internationalen Standard der WCAG AA bzw. AAA orientiert.<\/p>\n<\/div>\n\n\n\n<div class=\"wp-block-column is-vertically-aligned-center is-layout-flow wp-block-column-is-layout-flow\" style=\"flex-basis:40%\">\n<figure class=\"wp-block-image alignright size-full av-align-reset av-img-s-300\"><img loading=\"lazy\" decoding=\"async\" width=\"436\" height=\"439\" src=\"https:\/\/alfaview.com\/wp-content\/uploads\/2024\/11\/barrierefreiheit.png\" alt=\"Grafik Inklusion mit bunten Punkten\" class=\"wp-image-1873\" srcset=\"https:\/\/alfaview.com\/wp-content\/uploads\/2024\/11\/barrierefreiheit.png 436w, https:\/\/alfaview.com\/wp-content\/uploads\/2024\/11\/barrierefreiheit-298x300.png 298w, https:\/\/alfaview.com\/wp-content\/uploads\/2024\/11\/barrierefreiheit-150x150.png 150w\" sizes=\"auto, (max-width: 436px) 100vw, 436px\" \/><\/figure>\n<\/div>\n<\/div>\n\n\n\n<div class=\"wp-block-columns are-vertically-aligned-top av-px-xs-0_5 av-mt-xs-4 column-reverse is-layout-flex wp-container-core-columns-is-layout-ddc08cc5 wp-block-columns-is-layout-flex\" style=\"margin-top:7rem;margin-bottom:0rem\">\n<div class=\"wp-block-column is-vertically-aligned-top is-layout-flow wp-block-column-is-layout-flow\" style=\"flex-basis:50%\">\n<div class=\"carousel slide image-slider \" id=\"av-image-carousel-d0c87193-8934-4d6c-855e-d7cf47efc03a\" role=\"region\" aria-roledescription=\"carousel\" aria-label=\"Image carousel\" tabindex=\"0\" data-bs-keyboard=\"true\" data-slide-effect=\"slide\"><div class=\"carousel-status visually-hidden\" aria-live=\"polite\">Carousel with 2 slides<\/div><div class=\"carousel-inner\"><div style=\"height:340px\" class=\"carousel-item active\" data-bs-interval=\"5000\" id=\"av-image-carousel-d0c87193-8934-4d6c-855e-d7cf47efc03a-slide-0\" role=\"tabpanel\" aria-roledescription=\"slide\" aria-label=\"Slide 1 of 2\"><img decoding=\"async\" src=\"https:\/\/alfaview.com\/wp-content\/uploads\/2024\/11\/barrierefreiheit_barrierefreie_darstellung_de.png\" alt=\"Videokonferenz mit kontrastreichem Design\" class=\"carousel-img\" style=\"height:100%;width:100%;object-fit:cover;object-position:center\"\/><div class=\"carousel-caption\"><p class=\"carousel-item-name\"><\/p><p class=\"carousel-item-content\">Kontrastreiches Design<\/p><\/div><\/div><div style=\"height:340px\" class=\"carousel-item \" data-bs-interval=\"5000\" id=\"av-image-carousel-d0c87193-8934-4d6c-855e-d7cf47efc03a-slide-1\" role=\"tabpanel\" aria-roledescription=\"slide\" aria-label=\"Slide 2 of 2\"><img decoding=\"async\" src=\"https:\/\/alfaview.com\/wp-content\/uploads\/2024\/11\/barrierefreiheit_dunkles_design_de.png\" alt=\"Videokonferenz mit dunklem Design\" class=\"carousel-img\" style=\"height:100%;width:100%;object-fit:cover;object-position:center\"\/><div class=\"carousel-caption\"><p class=\"carousel-item-name\"><\/p><p class=\"carousel-item-content\">Dunkles Design<\/p><\/div><\/div><\/div><button class=\"carousel-control-prev\" type=\"button\" data-bs-target=\"#av-image-carousel-d0c87193-8934-4d6c-855e-d7cf47efc03a\" data-bs-slide=\"prev\" aria-label=\"Previous slide\" aria-controls=\"av-image-carousel-d0c87193-8934-4d6c-855e-d7cf47efc03a\"><span class=\"carousel-control-prev-icon\" aria-hidden=\"true\"><\/span><span class=\"visually-hidden\">Previous<\/span><\/button><button class=\"carousel-control-next\" type=\"button\" data-bs-target=\"#av-image-carousel-d0c87193-8934-4d6c-855e-d7cf47efc03a\" data-bs-slide=\"next\" aria-label=\"Next slide\" aria-controls=\"av-image-carousel-d0c87193-8934-4d6c-855e-d7cf47efc03a\"><span class=\"carousel-control-next-icon\" aria-hidden=\"true\"><\/span><span class=\"visually-hidden\">Next<\/span><\/button><\/div>\n<\/div>\n\n\n\n<div class=\"wp-block-column is-vertically-aligned-top is-layout-flow wp-block-column-is-layout-flow\" style=\"padding-top:3rem;flex-basis:50%\">\n<h2 class=\"wp-block-heading has-text-color-color has-text-color has-link-color wp-elements-791e76313004bb7366c08af0175b591f\">Barrierefreie Darstellung oder dunkles Design<\/h2>\n\n\n\n<p class=\"has-roboto-regular-font-family\" style=\"line-height:1.8\">alfaview bietet Menschen mit Sehbeeintr\u00e4chtigungen mit der Funktion \u201ebarrierefreie Darstellung\u201c ein besonders kontrastreiches und bewegungsreduziertes Design der Benutzeroberfl\u00e4che, das die Navigation und die Textlesbarkeit erleichtert. <br>Menschen, die blendempfindlich sind, k\u00f6nnen ein dunkles Design der <br>Benutzeroberfl\u00e4che w\u00e4hlen.<\/p>\n<\/div>\n<\/div>\n\n\n\n<div class=\"wp-block-columns are-vertically-aligned-center av-px-xs-0_5 av-mt-xs-0 is-layout-flex wp-container-core-columns-is-layout-e0025a13 wp-block-columns-is-layout-flex\" style=\"margin-top:7rem;margin-bottom:0rem\">\n<div class=\"wp-block-column is-vertically-aligned-center is-layout-flow wp-block-column-is-layout-flow\">\n<h2 class=\"wp-block-heading has-text-color-color has-text-color has-link-color wp-elements-aa216da3980c16d71b2ffa1d2bc534de\">Skalierbarkeit und Vergr\u00f6\u00dferung<\/h2>\n\n\n\n<p class=\"has-roboto-regular-font-family\" style=\"line-height:1.8\">Dar\u00fcber hinaus kann die Schriftgr\u00f6\u00dfe der Benutzeroberfl\u00e4che, der privaten Kurznachrichten, des Chats und der Live-Transkription stufenweise an die Bed\u00fcrfnisse der Nutzer:innen angepasst werden.<\/p>\n\n\n\n<p class=\"has-roboto-regular-font-family\" style=\"line-height:1.8\">Bildschirm\u00fcbertragungen, \u00dcbertragungen der Zweitkamera oder die Videobilder von VIPs k\u00f6nnen abgedockt und in einem separaten Fenster gr\u00f6\u00dfer dargestellt werden.<\/p>\n<\/div>\n\n\n\n<div class=\"wp-block-column is-vertically-aligned-center is-layout-flow wp-block-column-is-layout-flow\">\n<figure class=\"wp-block-image alignright size-full av-align-reset av-img-br-24\"><img loading=\"lazy\" decoding=\"async\" width=\"594\" height=\"353\" src=\"https:\/\/alfaview.com\/wp-content\/uploads\/2024\/11\/barrierefreiheit_skalierbarkeit_de.png\" alt=\"Frau an Arbeitsplatz mit zwei Bildschirmen. Auf einem Bildschirm sieht man den Sprecher im Vollbild. \" class=\"wp-image-1881\" srcset=\"https:\/\/alfaview.com\/wp-content\/uploads\/2024\/11\/barrierefreiheit_skalierbarkeit_de.png 594w, https:\/\/alfaview.com\/wp-content\/uploads\/2024\/11\/barrierefreiheit_skalierbarkeit_de-300x178.png 300w\" sizes=\"auto, (max-width: 594px) 100vw, 594px\" \/><\/figure>\n<\/div>\n<\/div>\n\n\n\n<div class=\"wp-block-columns are-vertically-aligned-center av-px-xs-0_5 av-mt-xs-5 column-reverse is-layout-flex wp-container-core-columns-is-layout-e0025a13 wp-block-columns-is-layout-flex\" style=\"margin-top:7rem;margin-bottom:0rem\">\n<div class=\"wp-block-column is-vertically-aligned-center is-layout-flow wp-block-column-is-layout-flow\" style=\"flex-basis:50%\">\n<figure class=\"wp-block-image alignleft size-full av-align-reset av-img-s-200\"><img loading=\"lazy\" decoding=\"async\" width=\"402\" height=\"351\" src=\"https:\/\/alfaview.com\/wp-content\/uploads\/2024\/11\/barrierefreiheit_screenreader.png\" alt=\"Illustration eines Bildschirms mit Text, Sprechblase und Lautsprecher.\" class=\"wp-image-1883\" srcset=\"https:\/\/alfaview.com\/wp-content\/uploads\/2024\/11\/barrierefreiheit_screenreader.png 402w, https:\/\/alfaview.com\/wp-content\/uploads\/2024\/11\/barrierefreiheit_screenreader-300x262.png 300w\" sizes=\"auto, (max-width: 402px) 100vw, 402px\" \/><\/figure>\n<\/div>\n\n\n\n<div class=\"wp-block-column is-vertically-aligned-center is-layout-flow wp-block-column-is-layout-flow\" style=\"flex-basis:50%\">\n<h2 class=\"wp-block-heading has-text-color-color has-text-color has-link-color wp-elements-3cefd6de9c82ccaf716645609cb4818e\">Screenreader-Unterst\u00fctzung<\/h2>\n\n\n\n<p class=\"has-roboto-regular-font-family\" style=\"line-height:1.8\">alfaview unterst\u00fctzt Screenreader-Anwendungen in den Desktop-Apps und den mobilen Apps. F\u00fcr den Webclient steht diese Funktion vorerst noch nicht zur Verf\u00fcgung. Wenn Sie auf Screenreader angewiesen sind, k\u00f6nnen Sie problemlos durch die alfaview-App navigieren, an Besprechungen teilnehmen und Sprachbenachrichtigungen \u00fcber Ereignisse w\u00e4hrend der Besprechung erhalten. Sie k\u00f6nnen sich Informationen auch \u00fcber die Braillezeile ausgeben lassen.<br>Sie k\u00f6nnen in alfaview alle g\u00e4ngigen Screenreader-Anwendungen wie JAWS, NVDA, VoiceOver und TalkBack nutzen.<\/p>\n\n\n\n<p class=\"has-roboto-regular-font-family\" style=\"line-height:1.8\">Weitere Informationen zur Screenreader-Unterst\u00fctzung finden Sie im&nbsp;<a href=\"https:\/\/support.alfaview.com\/de\/alfaview-app\/alfaview-room\/participant-videos-and-presentation-area\/accessibility\/\">Support Center im Artikel Barrierefreiheit<\/a>.<\/p>\n<\/div>\n<\/div>\n\n\n\n<div class=\"wp-block-columns are-vertically-aligned-center av-px-xs-0_5 av-mt-xs-5 is-layout-flex wp-container-core-columns-is-layout-e0025a13 wp-block-columns-is-layout-flex\" style=\"margin-top:7rem;margin-bottom:0rem\">\n<div class=\"wp-block-column is-vertically-aligned-center is-layout-flow wp-block-column-is-layout-flow\">\n<h2 class=\"wp-block-heading has-text-color-color has-text-color has-link-color wp-elements-4f2c1c19de8fd380d010bec65627de01\">Erleichterte Navigation<\/h2>\n\n\n\n<p class=\"has-roboto-regular-font-family\" style=\"line-height:1.8\">Mithilfe der Tastaturnavigation k\u00f6nnen Benutzer:innen alfaview schnell und einfach auch ohne Maus bedienen.<\/p>\n\n\n\n<p class=\"has-roboto-regular-font-family\" style=\"line-height:1.8\">Zus\u00e4tzlich erleichtern benutzerfreundliche Tastaturk\u00fcrzel die Interaktion mit alfaview und erm\u00f6glichen einen schnellen Zugriff auf Bedienelemente. Eine umfassende Dokumentation ist direkt in der alfaview-Desktopanwendung und im <a href=\"https:\/\/support.alfaview.com\/de\/alfaview-app\/alfaview-room\/participant-videos-and-presentation-area\/shortcuts\/\">Support Center im Artikel Tastenk\u00fcrzel<\/a>&nbsp;verf\u00fcgbar.<\/p>\n<\/div>\n\n\n\n<div class=\"wp-block-column is-vertically-aligned-center is-layout-flow wp-block-column-is-layout-flow\">\n<figure class=\"wp-block-image alignright size-full av-align-reset av-img-s-170\"><img loading=\"lazy\" decoding=\"async\" width=\"589\" height=\"291\" src=\"https:\/\/alfaview.com\/wp-content\/uploads\/2024\/11\/barrierefreiheit_tastaturnavigation.png\" alt=\"Illustration zweier Tasten: Strg + C\" class=\"wp-image-1885\" srcset=\"https:\/\/alfaview.com\/wp-content\/uploads\/2024\/11\/barrierefreiheit_tastaturnavigation.png 589w, https:\/\/alfaview.com\/wp-content\/uploads\/2024\/11\/barrierefreiheit_tastaturnavigation-300x148.png 300w\" sizes=\"auto, (max-width: 589px) 100vw, 589px\" \/><\/figure>\n<\/div>\n<\/div>\n\n\n\n<div class=\"wp-block-columns are-vertically-aligned-center av-px-xs-0_5 av-mt-xs-5 column-reverse is-layout-flex wp-container-core-columns-is-layout-e0025a13 wp-block-columns-is-layout-flex\" style=\"margin-top:7rem;margin-bottom:0rem\">\n<div class=\"wp-block-column is-vertically-aligned-center is-layout-flow wp-block-column-is-layout-flow\" style=\"flex-basis:50%\">\n<figure class=\"wp-block-image alignleft size-full av-align-reset av-img-br-24\"><img loading=\"lazy\" decoding=\"async\" width=\"1920\" height=\"1080\" src=\"https:\/\/alfaview.com\/wp-content\/uploads\/2024\/11\/barrierefreiheit_gebaerdesprache.jpg\" alt=\"Videokonferenz mit einem Sprecher und einer Geb\u00e4rdendolmetscherin\" class=\"wp-image-1902\" srcset=\"https:\/\/alfaview.com\/wp-content\/uploads\/2024\/11\/barrierefreiheit_gebaerdesprache.jpg 1920w, https:\/\/alfaview.com\/wp-content\/uploads\/2024\/11\/barrierefreiheit_gebaerdesprache-300x169.jpg 300w, https:\/\/alfaview.com\/wp-content\/uploads\/2024\/11\/barrierefreiheit_gebaerdesprache-1024x576.jpg 1024w, https:\/\/alfaview.com\/wp-content\/uploads\/2024\/11\/barrierefreiheit_gebaerdesprache-768x432.jpg 768w, https:\/\/alfaview.com\/wp-content\/uploads\/2024\/11\/barrierefreiheit_gebaerdesprache-1536x864.jpg 1536w\" sizes=\"auto, (max-width: 1920px) 100vw, 1920px\" \/><\/figure>\n<\/div>\n\n\n\n<div class=\"wp-block-column is-vertically-aligned-center is-layout-flow wp-block-column-is-layout-flow\" style=\"flex-basis:50%\">\n<h2 class=\"wp-block-heading has-text-color-color has-text-color has-link-color wp-elements-eb6529bbf5b4ba9e97bc8be2cea411eb\">Geb\u00e4rdendolmetscher:in<\/h2>\n\n\n\n<p class=\"has-roboto-regular-font-family\" style=\"line-height:1.8\">F\u00fcr Menschen mit H\u00f6rbeeintr\u00e4chtigungen k\u00f6nnen Geb\u00e4rdendolmetscher:innen in den Raum eingeladen und als VIP visuell hervorgehoben und in der Galerieansicht vergr\u00f6\u00dfert oder einem separaten Fenster dargestellt werden.<\/p>\n<\/div>\n<\/div>\n\n\n\n<div class=\"wp-block-columns are-vertically-aligned-center av-px-xs-0_5 av-mt-xs-5 is-layout-flex wp-container-core-columns-is-layout-e0025a13 wp-block-columns-is-layout-flex\" style=\"margin-top:7rem;margin-bottom:0rem\">\n<div class=\"wp-block-column is-vertically-aligned-center is-layout-flow wp-block-column-is-layout-flow\">\n<h2 class=\"wp-block-heading has-text-color-color has-text-color has-link-color wp-elements-f58ddce20bdd54054ac138219dcc0338\">Live-Transkription<\/h2>\n\n\n\n<p class=\"has-roboto-regular-font-family\" style=\"line-height:1.8\">Mit der optionalen Live-Transkription wird das gesprochene Wort in Echtzeit in einer separaten Seitenliste mitgeschrieben, sodass auch Menschen mit H\u00f6rbeeintr\u00e4chtigung via alfaview an Meetings und Veranstaltungen teilnehmen und Gespr\u00e4chen besser folgen k\u00f6nnen.<\/p>\n<\/div>\n\n\n\n<div class=\"wp-block-column is-vertically-aligned-center is-layout-flow wp-block-column-is-layout-flow\">\n<figure class=\"wp-block-image alignright size-full av-align-reset av-img-br-24\"><img loading=\"lazy\" decoding=\"async\" width=\"1440\" height=\"900\" src=\"https:\/\/alfaview.com\/wp-content\/uploads\/2024\/11\/barrierefreiheit_live_transcription.png\" alt=\"Videokonferenz mit Live-Transkription in der Seitenleiste\" class=\"wp-image-1904\" srcset=\"https:\/\/alfaview.com\/wp-content\/uploads\/2024\/11\/barrierefreiheit_live_transcription.png 1440w, https:\/\/alfaview.com\/wp-content\/uploads\/2024\/11\/barrierefreiheit_live_transcription-300x188.png 300w, https:\/\/alfaview.com\/wp-content\/uploads\/2024\/11\/barrierefreiheit_live_transcription-1024x640.png 1024w, https:\/\/alfaview.com\/wp-content\/uploads\/2024\/11\/barrierefreiheit_live_transcription-768x480.png 768w\" sizes=\"auto, (max-width: 1440px) 100vw, 1440px\" \/><\/figure>\n<\/div>\n<\/div>\n\n\n\n<div class=\"wp-block-group av-px-xs-0_5 av-my-xs-4 is-layout-constrained wp-block-group-is-layout-constrained\" style=\"margin-top:7rem;margin-bottom:7rem\">\n<h2 class=\"wp-block-heading\">Zus\u00e4tzliche Tonspur \u00fcber die Simultandolmetscherfunktion<\/h2>\n\n\n\n<p>\u00dcber das Zuschalten einer weiteren Tonspur kann eine Verdolmetschung in Leichte Sprache und eine Audiodeskription angeboten werden.<\/p>\n\n\n\n<h2 class=\"wp-block-heading\" style=\"font-style:normal;font-weight:800\">Weitere Informationen<\/h2>\n\n\n\n<p>Wir bieten eine <a href=\"https:\/\/alfaview.com\/wp-content\/uploads\/2025\/02\/Anleitung-alfaview-in-gepruefter-Leichter-Sprache.pdf\">Anleitung f\u00fcr die Teilnahme an einer Videokonferenz in alfaview in Leichter Sprache zum Download<\/a> an, um Menschen mit Lese- und Lernschwierigkeiten oder Sprachbarrieren den Zugang zu alfaview zu erleichtern.<\/p>\n\n\n\n<p><a href=\"https:\/\/support.alfaview.com\/de\/alfaview-app\/alfaview-room\/participant-videos-and-presentation-area\/accessibility\/\">In unserem Support-Center finden Sie im Artikel Barrierefreiheit<\/a>&nbsp;weitere detaillierte Informationen zu den einzelnen Funktionen und Einstellungen und wie Sie diese individuell konfigurieren k\u00f6nnen.<\/p>\n<\/div>\n","protected":false},"excerpt":{"rendered":"<p>Videoconferencing f\u00fcr alle &#8211; barrierefrei kommunizieren mit alfaview alfaview steht f\u00fcr eine gelungene barrierefreie digitale Kommunikation. Unser Ziel<i class=\"icon excerpt-icon icon-ic_arrow_forward_24dp\"><\/i><\/p>\n","protected":false},"author":2,"featured_media":0,"parent":0,"menu_order":0,"comment_status":"closed","ping_status":"closed","template":"","meta":{"footnotes":""},"class_list":["post-1872","page","type-page","status-publish","hentry"],"_links":{"self":[{"href":"https:\/\/alfaview.com\/de\/wp-json\/wp\/v2\/pages\/1872","targetHints":{"allow":["GET"]}}],"collection":[{"href":"https:\/\/alfaview.com\/de\/wp-json\/wp\/v2\/pages"}],"about":[{"href":"https:\/\/alfaview.com\/de\/wp-json\/wp\/v2\/types\/page"}],"author":[{"embeddable":true,"href":"https:\/\/alfaview.com\/de\/wp-json\/wp\/v2\/users\/2"}],"replies":[{"embeddable":true,"href":"https:\/\/alfaview.com\/de\/wp-json\/wp\/v2\/comments?post=1872"}],"version-history":[{"count":134,"href":"https:\/\/alfaview.com\/de\/wp-json\/wp\/v2\/pages\/1872\/revisions"}],"predecessor-version":[{"id":8886,"href":"https:\/\/alfaview.com\/de\/wp-json\/wp\/v2\/pages\/1872\/revisions\/8886"}],"wp:attachment":[{"href":"https:\/\/alfaview.com\/de\/wp-json\/wp\/v2\/media?parent=1872"}],"curies":[{"name":"wp","href":"https:\/\/api.w.org\/{rel}","templated":true}]}}