{"id":25,"date":"2024-07-10T07:20:02","date_gmt":"2024-07-10T07:20:02","guid":{"rendered":"http:\/\/localhost:8000\/?page_id=8"},"modified":"2026-04-02T12:44:00","modified_gmt":"2026-04-02T10:44:00","slug":"download","status":"publish","type":"page","link":"https:\/\/alfaview.com\/de\/download","title":{"rendered":"Download"},"content":{"rendered":"\n<h1 class=\"wp-block-heading has-text-align-center av-mt-xs-3 has-text-color-color has-text-color has-link-color has-roboto-black-font-family wp-elements-3a077fe606705717c53cb8e28ad7c686\" style=\"margin-top:130px;margin-bottom:var(--wp--preset--spacing--60)\">Download alfaview<\/h1>\n\n\n\n<div class=\"wp-block-columns download-columns is-layout-flex wp-container-core-columns-is-layout-92515837 wp-block-columns-is-layout-flex\">\n<div class=\"wp-block-column is-vertically-aligned-stretch download-column is-layout-flow wp-block-column-is-layout-flow\" style=\"padding-top:var(--wp--preset--spacing--60);padding-bottom:var(--wp--preset--spacing--60)\">\n<h2 class=\"wp-block-heading has-text-align-center has-roboto-black-font-family\" style=\"margin-bottom:0px;font-size:24px\">f\u00fcr Windows<\/h2>\n\n\n\n<p class=\"has-text-align-center has-roboto-regular-font-family\" style=\"font-size:14px\">Windows 10 oder neuer<\/p>\n\n\n\n<div class=\"wp-block-group is-vertical is-content-justification-center is-layout-flex wp-container-core-group-is-layout-28d171b1 wp-block-group-is-layout-flex\"><div class=\"wp-block-button is-style-fill wp-block-alfaview-download-button wp-block-button is-style-fill wp-block-alfaview-download-button\">\n\t<a\n\t\tclass=\"av-download-button wp-block-button__link wp-element-button\"\n\t\tdata-host=\"assets.alfaview.com\"\n\t\tdata-channel=\"stable\"\n\t\tdata-os=\"win\"\n\t\tdata-file=\"version.info\"\n\t\thref=\"https:\/\/assets.alfaview.com\/stable\/win\/alfaview-setup-win-production-9.26.3.exe\"\t\taria-label=\"Download f\u00fcr Windows\"\t\trole=\"button\"\n\t>Download f\u00fcr Windows<\/a>\n<\/div>\n\n\n<div style=\"font-size:14px;\" class=\"wp-block-button is-style-fill wp-block-alfaview-download-button wp-block-button is-style-fill wp-block-alfaview-download-button\">\n\t<a\n\t\tclass=\"av-download-text\"\n\t\tdata-host=\"assets.alfaview.com\"\n\t\tdata-channel=\"stable\"\n\t\tdata-os=\"win\"\n\t\tdata-file=\"msi_version.info\"\n\t\thref=\"https:\/\/assets.alfaview.com\/stable\/win\/alfaview-setup-win-production-9.26.3.msi\"\t\taria-label=\"MSI-Paket herunterladen\"\t\trole=\"button\"\n\t>MSI-Paket herunterladen<\/a>\n<\/div>\n<\/div>\n<\/div>\n\n\n\n<div class=\"wp-block-column is-vertically-aligned-stretch download-column is-layout-flow wp-block-column-is-layout-flow\" style=\"padding-top:var(--wp--preset--spacing--60);padding-bottom:var(--wp--preset--spacing--60)\">\n<h2 class=\"wp-block-heading has-text-align-center has-roboto-black-font-family\" style=\"margin-bottom:0px;font-size:24px\">f\u00fcr Mac<\/h2>\n\n\n\n<p class=\"has-text-align-center has-roboto-regular-font-family\" style=\"font-size:14px\">macOS 12 oder neuer<\/p>\n\n\n\n<div class=\"wp-block-group is-vertical is-content-justification-center is-layout-flex wp-container-core-group-is-layout-fa38c63a wp-block-group-is-layout-flex\"><div class=\"wp-block-button is-style-fill wp-block-alfaview-download-button wp-block-button is-style-fill wp-block-alfaview-download-button\">\n\t<a\n\t\tclass=\"av-download-button wp-block-button__link wp-element-button\"\n\t\tdata-host=\"assets.alfaview.com\"\n\t\tdata-channel=\"stable\"\n\t\tdata-os=\"mac\"\n\t\tdata-file=\"version.info\"\n\t\thref=\"https:\/\/assets.alfaview.com\/stable\/mac\/alfaview-mac-production-9.26.3.pkg\"\t\taria-label=\"Download f\u00fcr Mac\"\t\trole=\"button\"\n\t>Download f\u00fcr Mac<\/a>\n<\/div>\n<\/div>\n\n\n\n<p class=\"has-text-align-center has-roboto-regular-font-family\" style=\"font-size:14px\">Unterst\u00fctzt nativ Apple Silicon<br>und Intel-basierte Macs<\/p>\n<\/div>\n\n\n\n<div class=\"wp-block-column is-vertically-aligned-stretch download-column is-layout-flow wp-block-column-is-layout-flow\" style=\"padding-top:var(--wp--preset--spacing--60);padding-bottom:var(--wp--preset--spacing--60)\">\n<h2 class=\"wp-block-heading has-text-align-center has-roboto-black-font-family\" style=\"margin-bottom:0px;font-size:24px\">f\u00fcr Linux<\/h2>\n\n\n\n<p class=\"has-text-align-center has-roboto-regular-font-family\" style=\"font-size:14px\">Debian und Red Hat Distributionen<\/p>\n\n\n\n<div class=\"wp-block-group is-content-justification-center is-nowrap is-layout-flex wp-container-core-group-is-layout-23441af8 wp-block-group-is-layout-flex\">\n<div class=\"wp-block-group is-vertical is-content-justification-center is-layout-flex wp-container-core-group-is-layout-ce155fab wp-block-group-is-layout-flex\"><div class=\"wp-block-button is-style-fill wp-block-alfaview-download-button wp-block-button is-style-fill wp-block-alfaview-download-button\">\n\t<a\n\t\tclass=\"av-download-button wp-block-button__link wp-element-button\"\n\t\tdata-host=\"assets.alfaview.com\"\n\t\tdata-channel=\"stable\"\n\t\tdata-os=\"linux\/deb\"\n\t\tdata-file=\"version.info\"\n\t\thref=\"https:\/\/assets.alfaview.com\/stable\/linux\/deb\/alfaview_9.26.3.deb\"\t\taria-label=\"Download f\u00fcr Debian\"\t\trole=\"button\"\n\t>Debian<\/a>\n<\/div>\n\n\n\n<div class=\"wp-block-group is-nowrap is-layout-flex wp-container-core-group-is-layout-37505225 wp-block-group-is-layout-flex\"><div style=\"font-size:14px;\" class=\"wp-block-button is-style-fill wp-block-alfaview-download-button wp-block-button is-style-fill wp-block-alfaview-download-button\">\n\t<a\n\t\tclass=\"av-checksum-text\"\n\t\tdata-host=\"assets.alfaview.com\"\n\t\tdata-channel=\"stable\"\n\t\tdata-os=\"linux\/deb\"\n\t\tdata-file=\"version.info\"\n\t\thref=\"https:\/\/assets.alfaview.com\/stable\/linux\/deb\/alfaview_9.26.3.deb\"\t\taria-label=\"SHA256 Checksum for Debian\"\t\trole=\"button\"\n\t>SHA256 (.deb)<\/a>\n<\/div>\n<\/div>\n<\/div>\n\n\n\n<div class=\"wp-block-group is-vertical is-content-justification-center is-layout-flex wp-container-core-group-is-layout-ce155fab wp-block-group-is-layout-flex\"><div class=\"wp-block-button is-style-fill wp-block-alfaview-download-button wp-block-button is-style-fill wp-block-alfaview-download-button\">\n\t<a\n\t\tclass=\"av-download-button wp-block-button__link wp-element-button\"\n\t\tdata-host=\"assets.alfaview.com\"\n\t\tdata-channel=\"stable\"\n\t\tdata-os=\"linux\/rpm\"\n\t\tdata-file=\"version.info\"\n\t\thref=\"https:\/\/assets.alfaview.com\/stable\/linux\/rpm\/alfaview-9.26.3-1.x86_64.rpm\"\t\taria-label=\"Download f\u00fcr Red Hat\"\t\trole=\"button\"\n\t>Red Hat<\/a>\n<\/div>\n\n\n\n<div class=\"wp-block-group is-nowrap is-layout-flex wp-container-core-group-is-layout-37505225 wp-block-group-is-layout-flex\"><div style=\"font-size:14px;\" class=\"wp-block-button is-style-fill wp-block-alfaview-download-button wp-block-button is-style-fill wp-block-alfaview-download-button\">\n\t<a\n\t\tclass=\"av-checksum-text\"\n\t\tdata-host=\"assets.alfaview.com\"\n\t\tdata-channel=\"stable\"\n\t\tdata-os=\"linux\/rpm\"\n\t\tdata-file=\"version.info\"\n\t\thref=\"https:\/\/assets.alfaview.com\/stable\/linux\/rpm\/alfaview-9.26.3-1.x86_64.rpm\"\t\taria-label=\"SHA256 Checksum for Red Hat\"\t\trole=\"button\"\n\t>SHA256 (.rpm)<\/a>\n<\/div>\n<\/div>\n<\/div>\n<\/div>\n<\/div>\n\n\n\n<div class=\"wp-block-column is-vertically-aligned-stretch download-column is-layout-flow wp-block-column-is-layout-flow\" style=\"padding-top:var(--wp--preset--spacing--60);padding-bottom:var(--wp--preset--spacing--60)\">\n<h2 class=\"wp-block-heading has-text-align-center has-roboto-black-font-family\" style=\"margin-bottom:0px;font-size:24px\">f\u00fcr Browser<\/h2>\n\n\n\n<p class=\"has-text-align-center has-roboto-regular-font-family\" style=\"padding-right:2.9rem;padding-left:2.9rem;font-size:14px\">Ohne Installation nutzen<\/p>\n\n\n\n<div class=\"wp-block-buttons is-content-justification-center is-layout-flex wp-container-core-buttons-is-layout-a89b3969 wp-block-buttons-is-layout-flex\">\n<div class=\"wp-block-button\" aria-label=\"Im Browser \u00f6ffnen\"><a class=\"wp-block-button__link wp-element-button\" href=\"https:\/\/webclient.alfaview.com\">Im Browser \u00f6ffnen<\/a><\/div>\n<\/div>\n\n\n\n<p class=\"has-text-align-center has-roboto-regular-font-family\" style=\"padding-right:2.9rem;padding-left:2.9rem;font-size:14px\">Unterst\u00fctzte Browser:<br>Microsoft Edge, Google Chrome, Firefox &amp; Safari<\/p>\n<\/div>\n<\/div>\n\n\n\n<div class=\"wp-block-columns download-columns is-layout-flex wp-container-core-columns-is-layout-0a3f0d00 wp-block-columns-is-layout-flex\" style=\"margin-bottom:var(--wp--preset--spacing--70)\">\n<div class=\"wp-block-column is-vertically-aligned-stretch download-column app is-layout-flow wp-block-column-is-layout-flow\" style=\"padding-top:var(--wp--preset--spacing--60);padding-bottom:var(--wp--preset--spacing--60)\">\n<figure class=\"wp-block-image aligncenter size-full is-resized\"><a href=\"https:\/\/apps.apple.com\/us\/app\/alfaview\/id1383675030\" target=\"_blank\" rel=\"noreferrer noopener\"><img loading=\"lazy\" decoding=\"async\" width=\"240\" height=\"80\" src=\"https:\/\/alfaview.com\/wp-content\/uploads\/2024\/12\/apple-app-badge.png\" alt=\"Laden im App Store\" class=\"wp-image-4001\" style=\"width:auto;height:48px\"\/><\/a><\/figure>\n\n\n\n<h2 class=\"wp-block-heading has-text-align-center has-roboto-black-font-family\" style=\"margin-bottom:0px;font-size:24px\">f\u00fcr iPhone und iPad<\/h2>\n\n\n\n<p class=\"has-text-align-center has-roboto-regular-font-family\" style=\"margin-top:10px;font-size:14px\">iOS und iPadOS 16 oder neuer<\/p>\n<\/div>\n\n\n\n<div class=\"wp-block-column is-vertically-aligned-stretch download-column app is-layout-flow wp-block-column-is-layout-flow\" style=\"padding-top:var(--wp--preset--spacing--60);padding-bottom:var(--wp--preset--spacing--60)\">\n<figure class=\"wp-block-image aligncenter size-full is-resized\"><a href=\"https:\/\/play.google.com\/store\/apps\/details?id=com.alfaview.app&amp;hl=de\" target=\"_blank\" rel=\"noreferrer noopener\"><img loading=\"lazy\" decoding=\"async\" width=\"270\" height=\"80\" src=\"https:\/\/alfaview.com\/wp-content\/uploads\/2024\/12\/google-play-badge.png\" alt=\"Jetzt bei Google Play herunterladen\" class=\"wp-image-4003\" style=\"width:auto;height:48px\"\/><\/a><\/figure>\n\n\n\n<h2 class=\"wp-block-heading has-text-align-center has-roboto-black-font-family\" style=\"margin-bottom:0px;font-size:24px\">f\u00fcr Android<\/h2>\n\n\n\n<div class=\"wp-block-group is-vertical is-content-justification-center is-nowrap is-layout-flex wp-container-core-group-is-layout-201e0823 wp-block-group-is-layout-flex\">\n<p style=\"margin-top:-15px;font-size:14px\">Android 9 oder neuer<\/p>\n\n\n<div style=\"font-size:14px;\" class=\"wp-block-button is-style-fill wp-block-alfaview-download-button wp-block-button is-style-fill d-none wp-block-alfaview-download-button\">\n\t<a\n\t\tclass=\"av-download-text\"\n\t\tdata-host=\"assets.alfaview.com\"\n\t\tdata-channel=\"stable\"\n\t\tdata-os=\"android-armeabi-v7a\"\n\t\tdata-file=\"version.info\"\n\t\thref=\"https:\/\/assets.alfaview.com\/stable\/android-armeabi-v7a\/com.alfaview.app-armeabi-v7a-9.26.3.apk\"\t\taria-label=\"APK Datei f\u00fcr Android herunterladen\"\t\trole=\"button\"\n\t>APK-Download<\/a>\n<\/div>\n<\/div>\n<\/div>\n\n\n\n<div class=\"wp-block-column is-vertically-aligned-stretch download-column app is-layout-flow wp-block-column-is-layout-flow\" style=\"padding-top:var(--wp--preset--spacing--60);padding-bottom:var(--wp--preset--spacing--60)\">\n<figure class=\"wp-block-image aligncenter size-full is-resized\"><a href=\"https:\/\/appsource.microsoft.com\/product\/office\/WA200005288\" target=\"_blank\" rel=\"noreferrer noopener\"><img loading=\"lazy\" decoding=\"async\" width=\"300\" height=\"133\" src=\"https:\/\/alfaview.com\/wp-content\/uploads\/2024\/07\/MS_AppSource-300x133-1.png\" alt=\"Von Windows AppSource herunterladen\" class=\"wp-image-399\" style=\"width:auto;height:55px\"\/><\/a><\/figure>\n\n\n\n<h2 class=\"wp-block-heading has-text-align-center has-roboto-black-font-family\" style=\"margin-bottom:0px;font-size:24px\">f\u00fcr Outlook<\/h2>\n\n\n\n<p class=\"has-text-align-center has-roboto-regular-font-family\" style=\"margin-top:1px;font-size:14px\">Microsoft 365 und Outlook 2016 oder neuer<br><a href=\"https:\/\/support.alfaview.com\/de\/miscellaneous\/outlook-add-in\/\" data-type=\"link\" data-id=\"https:\/\/support.alfaview.com\/en\/miscellaneous\/outlook-add-in\/\" target=\"_blank\" rel=\"noreferrer noopener\">Weitere Informationen im Support-Center<\/a><\/p>\n<\/div>\n<\/div>\n\n\n\n<ul class=\"wp-block-list has-small-font-size\">\n<li>Die Zurverf\u00fcgungstellung der Software zum Download und der Download der Software selbst stellen noch keine rechtlich bindenden Erkl\u00e4rungen dar. Ein Vertrag \u00fcber die Nutzung der Software kommt damit also noch nicht zustande. Um alfaview nutzen zu k\u00f6nnen, m\u00fcssen Sie im Rahmen Ihrer Registrierung oder erstmaligen Anmeldung zun\u00e4chst der Geltung unserer&nbsp;<a href=\"\/de\/terms\">Allgemeinen Gesch\u00e4ftsbedingungen<\/a>&nbsp;zustimmen.<\/li>\n\n\n\n<li>alfaview verwendet die Programmbibliothek <a href=\"https:\/\/ffmpeg.org\" data-type=\"link\" data-id=\"https:\/\/ffmpeg.org\" target=\"_blank\" rel=\"noreferrer noopener\">FFmpeg<\/a>, welche unter der <a href=\"https:\/\/www.gnu.org\/licenses\/old-licenses\/lgpl-2.1.html\" data-type=\"link\" data-id=\"http:\/\/www.gnu.org\/licenses\/old-licenses\/lgpl-2.1.html\" target=\"_blank\" rel=\"noreferrer noopener\">LGPLv2.1<\/a> lizenziert ist. Den zugeh\u00f6rigen Quellcode k\u00f6nnen Sie in unserem GitHub-Projekt <a href=\"https:\/\/github.com\/alfatraining\/FFmpeg\" data-type=\"link\" data-id=\"https:\/\/github.com\/alfatraining\/FFmpeg\" target=\"_blank\" rel=\"noreferrer noopener\">herunterladen<\/a>.<\/li>\n\n\n\n<li>Bitte beachten Sie die <a href=\"https:\/\/support.alfaview.com\/de\/miscellaneous\/technical-information\/system-and-network-requirements\/\">Systemanforderungen und Netzwerkeinstellungen<\/a>. Weitere Informationen finden Sie in unserem <a href=\"https:\/\/support.alfaview.com\/de\/\">Support-Center<\/a>.<\/li>\n<\/ul>\n\n\n\n<div style=\"height:150px\" aria-hidden=\"true\" class=\"wp-block-spacer\"><\/div>\n","protected":false},"excerpt":{"rendered":"<p>Download alfaview f\u00fcr Windows Windows 10 oder neuer f\u00fcr Mac macOS 12 oder neuer Unterst\u00fctzt nativ Apple Siliconund<i class=\"icon excerpt-icon icon-ic_arrow_forward_24dp\"><\/i><\/p>\n","protected":false},"author":2,"featured_media":0,"parent":0,"menu_order":0,"comment_status":"closed","ping_status":"closed","template":"","meta":{"footnotes":""},"class_list":["post-25","page","type-page","status-publish","hentry"],"_links":{"self":[{"href":"https:\/\/alfaview.com\/de\/wp-json\/wp\/v2\/pages\/25","targetHints":{"allow":["GET"]}}],"collection":[{"href":"https:\/\/alfaview.com\/de\/wp-json\/wp\/v2\/pages"}],"about":[{"href":"https:\/\/alfaview.com\/de\/wp-json\/wp\/v2\/types\/page"}],"author":[{"embeddable":true,"href":"https:\/\/alfaview.com\/de\/wp-json\/wp\/v2\/users\/2"}],"replies":[{"embeddable":true,"href":"https:\/\/alfaview.com\/de\/wp-json\/wp\/v2\/comments?post=25"}],"version-history":[{"count":182,"href":"https:\/\/alfaview.com\/de\/wp-json\/wp\/v2\/pages\/25\/revisions"}],"predecessor-version":[{"id":10829,"href":"https:\/\/alfaview.com\/de\/wp-json\/wp\/v2\/pages\/25\/revisions\/10829"}],"wp:attachment":[{"href":"https:\/\/alfaview.com\/de\/wp-json\/wp\/v2\/media?parent=25"}],"curies":[{"name":"wp","href":"https:\/\/api.w.org\/{rel}","templated":true}]}}