{"id":27,"date":"2024-07-10T07:21:05","date_gmt":"2024-07-10T07:21:05","guid":{"rendered":"http:\/\/localhost:8000\/?page_id=12"},"modified":"2026-03-18T15:11:23","modified_gmt":"2026-03-18T14:11:23","slug":"testrooms","status":"publish","type":"page","link":"https:\/\/alfaview.com\/de\/testrooms","title":{"rendered":"Testr\u00e4ume"},"content":{"rendered":"\n<div class=\"wp-block-group av-mt-xs-3 is-layout-constrained wp-container-core-group-is-layout-e77f1e7d wp-block-group-is-layout-constrained\" style=\"margin-top:7rem\">\n<h1 class=\"wp-block-heading has-text-align-center has-roboto-black-font-family\">Testr\u00e4ume<\/h1>\n\n\n\n<p class=\"has-text-align-center\" style=\"line-height:1.7\">Um alfaview ohne Registrierung bzw. ohne ein eigenes Benutzerkonto testen zu k\u00f6nnen, bieten wir Ihnen die M\u00f6glichkeit, unsere \u00f6ffentlichen Testr\u00e4ume zu besuchen. Die Testr\u00e4ume sind frei zug\u00e4nglich f\u00fcr alle Interessierten. Wir empfehlen Ihnen daher, ein Pseudonym bei Eintritt in den virtuellen Raum zu verwenden.<\/p>\n<\/div>\n\n\n\n<div class=\"wp-block-columns is-layout-flex wp-container-core-columns-is-layout-32ad5a07 wp-block-columns-is-layout-flex\" style=\"margin-top:var(--wp--preset--spacing--60);margin-bottom:var(--wp--preset--spacing--60)\">\n<div class=\"wp-block-column is-vertically-aligned-center test-room is-layout-flow wp-container-core-column-is-layout-22e7e2e7 wp-block-column-is-layout-flow\" style=\"padding-top:var(--wp--preset--spacing--70);padding-bottom:var(--wp--preset--spacing--70)\">\n<div class=\"wp-block-alfaview-room-participants-count\"><div class=\"alfaview-room-participants-count\" data-room-id=\"7477056e-99cd-4626-94eb-8165cb8dea4c\"><span class=\"participants-pill\" role=\"status\" tabindex=\"0\" aria-label=\"Room participants\"><svg width=\"16\" height=\"16\" viewBox=\"0 0 17 17\" fill=\"none\" xmlns=\"http:\/\/www.w3.org\/2000\/svg\" class=\"participants-icon\" aria-hidden=\"true\"><path d=\"M8.50001 8.32292C10.0654 8.32292 11.3333 7.055 11.3333 5.48958C11.3333 3.92417 10.0654 2.65625 8.50001 2.65625C6.93459 2.65625 5.66668 3.92417 5.66668 5.48958C5.66668 7.055 6.93459 8.32292 8.50001 8.32292ZM8.50001 9.73958C6.60876 9.73958 2.83334 10.6887 2.83334 12.5729V13.2812C2.83334 13.6708 3.15209 13.9896 3.54168 13.9896H13.4583C13.8479 13.9896 14.1667 13.6708 14.1667 13.2812V12.5729C14.1667 10.6887 10.3913 9.73958 8.50001 9.73958Z\" fill=\"currentColor\"><\/path><\/svg><span class=\"participants-count-number\" aria-live=\"polite\"><span class=\"spinner-border spinner-border-sm\" role=\"status\"><span class=\"visually-hidden\">Loading&#8230;<\/span><\/span><\/span><\/span><\/div><\/div>\n\n\n\n<h2 class=\"wp-block-heading has-text-align-center test-room-heading has-text-color-color has-text-color has-link-color has-roboto-medium-font-family wp-elements-edf2dc0e7e1540622af7db64daa25c83\" style=\"margin-top:0;font-size:19px\">TESTRAUM <mark style=\"background-color:rgba(0, 0, 0, 0)\" class=\"has-inline-color has-acctent-color\">01<\/mark><\/h2>\n\n\n\n<div class=\"wp-block-group is-content-justification-center is-nowrap is-layout-flex wp-container-core-group-is-layout-23441af8 wp-block-group-is-layout-flex\">\n<div class=\"wp-block-alfaview-submenu-button wp-block-button is-style-outline\"><button class=\"av-download-button wp-block-button__link wp-element-button\" aria-haspopup=\"true\" aria-expanded=\"false\" aria-controls=\"submenu-content\">Testraum 01 betreten als&#8230;<span class=\"screen-reader-text\">(opens submenu)<\/span><\/button><div id=\"submenu-content\" class=\"submenu-content\" role=\"menu\" aria-label=\"Submenu\"><a href=\"https:\/\/app.alfaview.com\/#\/join\/test\/7477056e-99cd-4626-94eb-8165cb8dea4c\/CmzEaM4rUOXpFasZp8f42gndP7F4ae0T\/v2\" aria-label=\"Moderator\" target=\"_blank\" rel=\"noopener noreferrer\" role=\"menuitem\" tabindex=\"-1\">Moderator<\/a><a href=\"https:\/\/app.alfaview.com\/#\/join\/test\/7477056e-99cd-4626-94eb-8165cb8dea4c\/AYzJUAnGdLQCS4zyGTAL322gvqYCyZJJ\/v2\" aria-label=\"Teilnehmer\" target=\"_blank\" rel=\"noopener noreferrer\" role=\"menuitem\" tabindex=\"-1\">Teilnehmer<\/a><a href=\"https:\/\/app.alfaview.com\/#\/join\/test\/7477056e-99cd-4626-94eb-8165cb8dea4c\/fgyqbBflV50yYNeDJFpVjrfL3ajO8WLG\/v2\" aria-label=\"Zuschauer\" target=\"_blank\" rel=\"noopener noreferrer\" role=\"menuitem\" tabindex=\"-1\">Zuschauer<\/a><\/div><\/div>\n<\/div>\n<\/div>\n\n\n\n<div class=\"wp-block-column is-vertically-aligned-center test-room is-layout-flow wp-container-core-column-is-layout-22e7e2e7 wp-block-column-is-layout-flow\" style=\"padding-top:var(--wp--preset--spacing--70);padding-bottom:var(--wp--preset--spacing--70)\">\n<div class=\"wp-block-alfaview-room-participants-count\"><div class=\"alfaview-room-participants-count\" data-room-id=\"a8673a61-75b1-4d77-b17f-b0e1a8ea1c28\"><span class=\"participants-pill\" role=\"status\" tabindex=\"0\" aria-label=\"Room participants\"><svg width=\"16\" height=\"16\" viewBox=\"0 0 17 17\" fill=\"none\" xmlns=\"http:\/\/www.w3.org\/2000\/svg\" class=\"participants-icon\" aria-hidden=\"true\"><path d=\"M8.50001 8.32292C10.0654 8.32292 11.3333 7.055 11.3333 5.48958C11.3333 3.92417 10.0654 2.65625 8.50001 2.65625C6.93459 2.65625 5.66668 3.92417 5.66668 5.48958C5.66668 7.055 6.93459 8.32292 8.50001 8.32292ZM8.50001 9.73958C6.60876 9.73958 2.83334 10.6887 2.83334 12.5729V13.2812C2.83334 13.6708 3.15209 13.9896 3.54168 13.9896H13.4583C13.8479 13.9896 14.1667 13.6708 14.1667 13.2812V12.5729C14.1667 10.6887 10.3913 9.73958 8.50001 9.73958Z\" fill=\"currentColor\"><\/path><\/svg><span class=\"participants-count-number\" aria-live=\"polite\"><span class=\"spinner-border spinner-border-sm\" role=\"status\"><span class=\"visually-hidden\">Loading&#8230;<\/span><\/span><\/span><\/span><\/div><\/div>\n\n\n\n<h2 class=\"wp-block-heading has-text-align-center test-room-heading has-text-color-color has-text-color has-link-color has-roboto-medium-font-family wp-elements-bb4852c637b3c26c1ce92113d021da1c\" style=\"margin-top:0;font-size:19px\">TESTRAUM <mark style=\"background-color:rgba(0, 0, 0, 0)\" class=\"has-inline-color has-acctent-color\">02<\/mark><\/h2>\n\n\n\n<div class=\"wp-block-group is-content-justification-center is-nowrap is-layout-flex wp-container-core-group-is-layout-23441af8 wp-block-group-is-layout-flex\">\n<div class=\"wp-block-alfaview-submenu-button wp-block-button is-style-outline\"><button class=\"av-download-button wp-block-button__link wp-element-button\" aria-haspopup=\"true\" aria-expanded=\"false\" aria-controls=\"submenu-content\">Testraum 02 betreten als&#8230;<span class=\"screen-reader-text\">(opens submenu)<\/span><\/button><div id=\"submenu-content\" class=\"submenu-content\" role=\"menu\" aria-label=\"Submenu\"><a href=\"https:\/\/app.alfaview.com\/#\/join\/test\/a8673a61-75b1-4d77-b17f-b0e1a8ea1c28\/t4yxHjDTPTJduHMUXgj84mYeZAGtIx6J\/v2\" aria-label=\"Moderator\" target=\"_blank\" rel=\"noopener noreferrer\" role=\"menuitem\" tabindex=\"-1\">Moderator<\/a><a href=\"https:\/\/app.alfaview.com\/#\/join\/test\/a8673a61-75b1-4d77-b17f-b0e1a8ea1c28\/UwGjFU568Z0pfJ7pmURTZq1fCWaR0baT\/v2\" aria-label=\"Teilnehmer\" target=\"_blank\" rel=\"noopener noreferrer\" role=\"menuitem\" tabindex=\"-1\">Teilnehmer<\/a><a href=\"https:\/\/app.alfaview.com\/#\/join\/test\/a8673a61-75b1-4d77-b17f-b0e1a8ea1c28\/rIkQkvU6o7LuXRBiog9qucMQfWKXfKpz\/v2\" aria-label=\"Zuschauer\" target=\"_blank\" rel=\"noopener noreferrer\" role=\"menuitem\" tabindex=\"-1\">Zuschauer<\/a><\/div><\/div>\n<\/div>\n<\/div>\n\n\n\n<div class=\"wp-block-column is-vertically-aligned-center test-room is-layout-flow wp-container-core-column-is-layout-22e7e2e7 wp-block-column-is-layout-flow\" style=\"padding-top:var(--wp--preset--spacing--70);padding-bottom:var(--wp--preset--spacing--70)\">\n<div class=\"wp-block-alfaview-room-participants-count\"><div class=\"alfaview-room-participants-count\" data-room-id=\"0b658c0d-f395-46a8-8fb7-c5a2dc95e013\"><span class=\"participants-pill\" role=\"status\" tabindex=\"0\" aria-label=\"Room participants\"><svg width=\"16\" height=\"16\" viewBox=\"0 0 17 17\" fill=\"none\" xmlns=\"http:\/\/www.w3.org\/2000\/svg\" class=\"participants-icon\" aria-hidden=\"true\"><path d=\"M8.50001 8.32292C10.0654 8.32292 11.3333 7.055 11.3333 5.48958C11.3333 3.92417 10.0654 2.65625 8.50001 2.65625C6.93459 2.65625 5.66668 3.92417 5.66668 5.48958C5.66668 7.055 6.93459 8.32292 8.50001 8.32292ZM8.50001 9.73958C6.60876 9.73958 2.83334 10.6887 2.83334 12.5729V13.2812C2.83334 13.6708 3.15209 13.9896 3.54168 13.9896H13.4583C13.8479 13.9896 14.1667 13.6708 14.1667 13.2812V12.5729C14.1667 10.6887 10.3913 9.73958 8.50001 9.73958Z\" fill=\"currentColor\"><\/path><\/svg><span class=\"participants-count-number\" aria-live=\"polite\"><span class=\"spinner-border spinner-border-sm\" role=\"status\"><span class=\"visually-hidden\">Loading&#8230;<\/span><\/span><\/span><\/span><\/div><\/div>\n\n\n\n<h2 class=\"wp-block-heading has-text-align-center test-room-heading has-text-color-color has-text-color has-link-color has-roboto-medium-font-family wp-elements-4a9536727646fcc3ebc883eaa3177217\" style=\"margin-top:0;font-size:19px\">TESTRAUM <mark style=\"background-color:rgba(0, 0, 0, 0)\" class=\"has-inline-color has-acctent-color\">03<\/mark><\/h2>\n\n\n\n<div class=\"wp-block-group is-content-justification-center is-nowrap is-layout-flex wp-container-core-group-is-layout-23441af8 wp-block-group-is-layout-flex\">\n<div class=\"wp-block-alfaview-submenu-button wp-block-button is-style-outline\"><button class=\"av-download-button wp-block-button__link wp-element-button\" aria-haspopup=\"true\" aria-expanded=\"false\" aria-controls=\"submenu-content\">Testraum 03 betreten als&#8230;<span class=\"screen-reader-text\">(opens submenu)<\/span><\/button><div id=\"submenu-content\" class=\"submenu-content\" role=\"menu\" aria-label=\"Submenu\"><a href=\"https:\/\/app.alfaview.com\/#\/join\/test\/0b658c0d-f395-46a8-8fb7-c5a2dc95e013\/b8kRYA5SedqEBe75BjUY4cAGl1kvyvbk\/v2\" aria-label=\"Moderator\" target=\"_blank\" rel=\"noopener noreferrer\" role=\"menuitem\" tabindex=\"-1\">Moderator<\/a><a href=\"https:\/\/app.alfaview.com\/#\/join\/test\/0b658c0d-f395-46a8-8fb7-c5a2dc95e013\/hPPw5Sj6itMAvVwMNK9xWZgrgpIApoSz\/v2\" aria-label=\"Teilnehmer\" target=\"_blank\" rel=\"noopener noreferrer\" role=\"menuitem\" tabindex=\"-1\">Teilnehmer<\/a><a href=\"https:\/\/app.alfaview.com\/#\/join\/test\/0b658c0d-f395-46a8-8fb7-c5a2dc95e013\/kAlADlTfOj4ravYzmFludNYNnG8lT0X0\/v2\" aria-label=\"Zuschauer\" target=\"_blank\" rel=\"noopener noreferrer\" role=\"menuitem\" tabindex=\"-1\">Zuschauer<\/a><\/div><\/div>\n<\/div>\n<\/div>\n<\/div>\n\n\n\n<p class=\"has-text-align-center info-text-icon has-roboto-regular-font-family\">Bitte beachten Sie, dass sich in den Testr\u00e4umen keine alfaview-Support-Mitarbeiter:innen befinden.<\/p>\n\n\n\n<div style=\"height:150px\" aria-hidden=\"true\" class=\"wp-block-spacer\"><\/div>\n","protected":false},"excerpt":{"rendered":"<p>Testr\u00e4ume Um alfaview ohne Registrierung bzw. ohne ein eigenes Benutzerkonto testen zu k\u00f6nnen, bieten wir Ihnen die M\u00f6glichkeit,<i class=\"icon excerpt-icon icon-ic_arrow_forward_24dp\"><\/i><\/p>\n","protected":false},"author":2,"featured_media":0,"parent":0,"menu_order":0,"comment_status":"closed","ping_status":"closed","template":"","meta":{"footnotes":""},"class_list":["post-27","page","type-page","status-publish","hentry"],"_links":{"self":[{"href":"https:\/\/alfaview.com\/de\/wp-json\/wp\/v2\/pages\/27","targetHints":{"allow":["GET"]}}],"collection":[{"href":"https:\/\/alfaview.com\/de\/wp-json\/wp\/v2\/pages"}],"about":[{"href":"https:\/\/alfaview.com\/de\/wp-json\/wp\/v2\/types\/page"}],"author":[{"embeddable":true,"href":"https:\/\/alfaview.com\/de\/wp-json\/wp\/v2\/users\/2"}],"replies":[{"embeddable":true,"href":"https:\/\/alfaview.com\/de\/wp-json\/wp\/v2\/comments?post=27"}],"version-history":[{"count":25,"href":"https:\/\/alfaview.com\/de\/wp-json\/wp\/v2\/pages\/27\/revisions"}],"predecessor-version":[{"id":10536,"href":"https:\/\/alfaview.com\/de\/wp-json\/wp\/v2\/pages\/27\/revisions\/10536"}],"wp:attachment":[{"href":"https:\/\/alfaview.com\/de\/wp-json\/wp\/v2\/media?parent=27"}],"curies":[{"name":"wp","href":"https:\/\/api.w.org\/{rel}","templated":true}]}}