{"id":33,"date":"2024-07-10T07:25:47","date_gmt":"2024-07-10T07:25:47","guid":{"rendered":"http:\/\/localhost:8000\/?page_id=24"},"modified":"2026-03-16T14:30:25","modified_gmt":"2026-03-16T13:30:25","slug":"business","status":"publish","type":"page","link":"https:\/\/alfaview.com\/de\/business","title":{"rendered":"Unternehmen"},"content":{"rendered":"\n<div class=\"wp-block-cover alignfull is-light av-cover-vh-60\" style=\"min-height:85vh;aspect-ratio:unset;\"><img loading=\"lazy\" decoding=\"async\" width=\"1920\" height=\"1080\" class=\"wp-block-cover__image-background wp-image-638 size-full\" alt=\"Ein Mann sitzt mit Headset vor einem Laptop und gestikuliert mit den H\u00e4nden.\" src=\"https:\/\/alfaview.com\/wp-content\/uploads\/2024\/08\/Header_01.jpg\" style=\"object-position:100% 50%\" data-object-fit=\"cover\" data-object-position=\"100% 50%\" srcset=\"https:\/\/alfaview.com\/wp-content\/uploads\/2024\/08\/Header_01.jpg 1920w, https:\/\/alfaview.com\/wp-content\/uploads\/2024\/08\/Header_01-300x169.jpg 300w, https:\/\/alfaview.com\/wp-content\/uploads\/2024\/08\/Header_01-1024x576.jpg 1024w, https:\/\/alfaview.com\/wp-content\/uploads\/2024\/08\/Header_01-768x432.jpg 768w, https:\/\/alfaview.com\/wp-content\/uploads\/2024\/08\/Header_01-1536x864.jpg 1536w\" sizes=\"auto, (max-width: 1920px) 100vw, 1920px\" \/><span aria-hidden=\"true\" class=\"wp-block-cover__background has-background-dim-0 has-background-dim\" style=\"background-color:#cad1d2\"><\/span><div class=\"wp-block-cover__inner-container is-layout-constrained wp-block-cover-is-layout-constrained\">\n<div class=\"wp-block-group av-px-xs-0_5 av-pt-xs-3 av-pb-xs-0 is-vertical is-content-justification-right is-layout-flex wp-container-core-group-is-layout-0e7c1980 wp-block-group-is-layout-flex\" style=\"padding-top:10rem;padding-bottom:7rem\">\n<div class=\"wp-block-columns is-layout-flex wp-container-core-columns-is-layout-28f84493 wp-block-columns-is-layout-flex\">\n<div class=\"wp-block-column av-px-xs-0 is-layout-flow wp-block-column-is-layout-flow\" style=\"padding-right:var(--wp--preset--spacing--50);padding-left:var(--wp--preset--spacing--50)\">\n<h1 class=\"wp-block-heading\">Mein digitales Unternehmen<\/h1>\n\n\n\n<p class=\"has-medium-font-size\" style=\"font-style:normal;font-weight:500\">Ihr virtuelles B\u00fcro \u2013 erfolgreich digital und hybrid arbeiten mit alfaview. Work new.<\/p>\n\n\n\n<div class=\"wp-block-buttons is-layout-flex wp-block-buttons-is-layout-flex\">\n<div class=\"wp-block-button\"><a class=\"wp-block-button__link wp-element-button\" href=\"\/de\/download\/\">Herunterladen<\/a><\/div>\n\n\n\n<div class=\"wp-block-button is-style-outline is-style-outline--1\"><a class=\"wp-block-button__link wp-element-button\" href=\"\/de\/pricing#unternehmen\">Preise<\/a><\/div>\n\n\n\n<div class=\"wp-block-button is-style-outline is-style-outline--2\"><a class=\"wp-block-button__link wp-element-button\" href=\"\/de\/features\/\">Funktionen<\/a><\/div>\n<\/div>\n\n\n\n<div class=\"wp-block-group av-mt-xs-0 is-content-justification-right is-nowrap is-layout-flex wp-container-core-group-is-layout-17124a9a wp-block-group-is-layout-flex\">\n<a class=\"wp-block-alfaview-circular-badge circular-badge-output av-cb-top-right industry-badge\" href=\"\/de\/pricing\/free-500-special\" aria-label=\"Link zu alfaview Free 500 Special\"><span class=\"text-one\">10 R\u00e4ume f\u00fcr<br>30 Tage kostenlos<\/span><span class=\"text-two\">Testversion<\/span><\/a>\n<\/div>\n<\/div>\n<\/div>\n<\/div>\n<\/div><\/div>\n\n\n\n<div class=\"wp-block-group av-px-xs-0_5 av-mt-xs-4 av-mb-xs-2 is-layout-constrained wp-container-core-group-is-layout-ce58fa60 wp-block-group-is-layout-constrained\" style=\"margin-top:6rem;margin-bottom:6rem\">\n<h2 class=\"wp-block-heading has-text-align-center has-text-color-color has-text-color has-link-color has-roboto-black-font-family wp-elements-1493a60b45f3e46c47c4efec08a000ea\">Ihre virtuelle Arbeitsst\u00e4tte<\/h2>\n\n\n\n<p class=\"has-text-align-center\" style=\"line-height:1.8\">L\u00f6sen Sie sich von dem Gedanken eines B\u00fcrogeb\u00e4udes als Arbeitsort \u2013 mit  alfaview steht Ihnen Ihr&nbsp;Unternehmen permanent und von \u00fcberall zur Verf\u00fcgung. Ob  im B\u00fcro, hybrid oder im Home-Office, in alfaview arbeiten Sie produktiv an einem  gemeinsamen Ort zusammen. Vertrauliche Einzelgespr\u00e4che, Teamwork oder  Meetings mit unternehmensexternen Personen k\u00f6nnen Sie mit alfaview sicher und  einfach durchf\u00fchren.<\/p>\n<\/div>\n\n\n\n<figure class=\"wp-block-image alignfull size-full\"><img loading=\"lazy\" decoding=\"async\" width=\"5074\" height=\"2375\" src=\"https:\/\/alfaview.com\/wp-content\/uploads\/2024\/08\/fluid_header_company.png\" alt=\"Computerbildschirm mit einer Videokonferenz und aufgeklappter Teilnehmerliste.\" class=\"wp-image-655\" srcset=\"https:\/\/alfaview.com\/wp-content\/uploads\/2024\/08\/fluid_header_company.png 5074w, https:\/\/alfaview.com\/wp-content\/uploads\/2024\/08\/fluid_header_company-300x140.png 300w, https:\/\/alfaview.com\/wp-content\/uploads\/2024\/08\/fluid_header_company-1024x479.png 1024w, https:\/\/alfaview.com\/wp-content\/uploads\/2024\/08\/fluid_header_company-768x359.png 768w, https:\/\/alfaview.com\/wp-content\/uploads\/2024\/08\/fluid_header_company-1536x719.png 1536w, https:\/\/alfaview.com\/wp-content\/uploads\/2024\/08\/fluid_header_company-2048x959.png 2048w\" sizes=\"auto, (max-width: 5074px) 100vw, 5074px\" \/><\/figure>\n\n\n\n<div class=\"wp-block-columns are-vertically-aligned-center av-px-xs-0_5 av-mt-xs-2 av-mb-xs-0 column-reverse is-layout-flex wp-container-core-columns-is-layout-ddc08cc5 wp-block-columns-is-layout-flex\" style=\"margin-top:7rem;margin-bottom:0rem\">\n<div class=\"wp-block-column is-vertically-aligned-center is-layout-flow wp-block-column-is-layout-flow\">\n<figure class=\"wp-block-image alignleft size-large av-align-reset\"><img loading=\"lazy\" decoding=\"async\" width=\"1024\" height=\"691\" src=\"https:\/\/alfaview.com\/wp-content\/uploads\/2024\/12\/unternehmen_usp-1024x691.png\" alt=\"Videokonferenz mit ge\u00f6ffneter Raumliste der Abteilung Vertrieb mit den R\u00e4umen DACH-Region, Asien, Benelux, Skandinavien, Amerika und Meeting.\" class=\"wp-image-4704\" srcset=\"https:\/\/alfaview.com\/wp-content\/uploads\/2024\/12\/unternehmen_usp-1024x691.png 1024w, https:\/\/alfaview.com\/wp-content\/uploads\/2024\/12\/unternehmen_usp-300x202.png 300w, https:\/\/alfaview.com\/wp-content\/uploads\/2024\/12\/unternehmen_usp-768x518.png 768w, https:\/\/alfaview.com\/wp-content\/uploads\/2024\/12\/unternehmen_usp.png 1210w\" sizes=\"auto, (max-width: 1024px) 100vw, 1024px\" \/><\/figure>\n<\/div>\n\n\n\n<div class=\"wp-block-column is-vertically-aligned-center is-layout-flow wp-block-column-is-layout-flow\">\n<h2 class=\"wp-block-heading has-text-color-color has-text-color has-link-color has-roboto-black-font-family wp-elements-726e5e8c4922db77c5d9f7f427393837\">Digitalisieren Sie Ihre B\u00fcros<\/h2>\n\n\n\n<p style=\"line-height:1.8\">Bauen Sie Ihre eigene virtuelle Unternehmensstruktur auf. Bei Bedarf k\u00f6nnen Sie flexibel weitere R\u00e4ume hinzubuchen. \u00dcber den Browserzugang k\u00f6nnen auch G\u00e4ste schnell und einfach an Terminen in alfaview teilnehmen. alfaview ist somit die ideale L\u00f6sung f\u00fcr die interne und externe Unternehmenskommunikation.<\/p>\n<\/div>\n<\/div>\n\n\n\n<div class=\"wp-block-columns are-vertically-aligned-center av-px-xs-0_5 av-mt-xs-5 av-mb-xs-0 is-layout-flex wp-container-core-columns-is-layout-9d06fb02 wp-block-columns-is-layout-flex\" style=\"margin-top:7rem;margin-bottom:0px\">\n<div class=\"wp-block-column is-vertically-aligned-center is-layout-flow wp-block-column-is-layout-flow\">\n<h2 class=\"wp-block-heading has-text-color-color has-text-color has-link-color has-roboto-black-font-family wp-elements-dc58b6287e651d9db3b919e892352b84\">Kommunizieren Sie gesch\u00fctzt <br>und sicher<\/h2>\n\n\n\n<p style=\"line-height:1.8\">Die Gespr\u00e4che, die Sie mit Ihren Kund:innen in Ihren alfaview-R\u00e4umen f\u00fchren, sind gesch\u00fctzt und bleiben vertraulich. Nur die Personen, denen Sie Zugang zu Ihren R\u00e4umen gew\u00e4hren, k\u00f6nnen diese betreten.<\/p>\n<\/div>\n\n\n\n<div class=\"wp-block-column is-vertically-aligned-center is-layout-flow wp-block-column-is-layout-flow\">\n<figure class=\"wp-block-image alignright size-full av-align-reset\"><img loading=\"lazy\" decoding=\"async\" width=\"623\" height=\"497\" src=\"https:\/\/alfaview.com\/wp-content\/uploads\/2024\/09\/unternehmen_rollen_de.png\" alt=\"Drop-down-Men\u00fc mit m\u00f6glichen Nutzerrollen: Admin, Moderator, Teilnehmer, Zuschauer, Gast und kein Zugang. \" class=\"wp-image-1304\" srcset=\"https:\/\/alfaview.com\/wp-content\/uploads\/2024\/09\/unternehmen_rollen_de.png 623w, https:\/\/alfaview.com\/wp-content\/uploads\/2024\/09\/unternehmen_rollen_de-300x239.png 300w\" sizes=\"auto, (max-width: 623px) 100vw, 623px\" \/><\/figure>\n<\/div>\n<\/div>\n\n\n\n<div class=\"wp-block-group av-px-xs-0_5 is-layout-constrained wp-block-group-is-layout-constrained\" style=\"margin-top:7rem;margin-bottom:5rem\">\n<p class=\"av-fs-1\" style=\"font-size:22px\">Entdecken Sie den vollen Funktionsumfang f\u00fcr die Unternehmenskommunikation <br>mit alfaview.<\/p>\n\n\n\n<p class=\"text-link-icon-right\"><a href=\"\/de\/features\">Alle Funktionen auf einen Blick<\/a><\/p>\n<\/div>\n\n\n\n<div class=\"wp-block-columns av-br-24 testimonial-icon av-px-xs-0_5 av-mb-xs-0 has-border-color is-layout-flex wp-container-core-columns-is-layout-d7a87397 wp-block-columns-is-layout-flex\" style=\"border-color:#eaebed;border-width:1px;border-radius:6px;padding-top:6rem;padding-bottom:6rem\">\n<div class=\"wp-block-column is-layout-constrained wp-container-core-column-is-layout-bea02a06 wp-block-column-is-layout-constrained\">\n<h2 class=\"wp-block-heading has-text-align-center\" style=\"font-size:1.5rem\">Kundenmeinungen<\/h2>\n\n\n\n<div class=\"carousel slide  \" id=\"av-carousel-37129f97-0a77-4ad5-bd8b-80ca6954f8ae\" role=\"region\" aria-roledescription=\"carousel\" aria-label=\"Content carousel\" tabindex=\"0\" data-bs-keyboard=\"true\" data-slide-effect=\"slide\"><div class=\"carousel-status visually-hidden\" aria-live=\"polite\">Carousel with 3 slides<\/div><div class=\"carousel-inner\"><div style=\"height:370px\" class=\"carousel-item active\" data-bs-interval=\"5000\" id=\"av-carousel-37129f97-0a77-4ad5-bd8b-80ca6954f8ae-slide-0\" role=\"tabpanel\" aria-labelledby=\"av-carousel-37129f97-0a77-4ad5-bd8b-80ca6954f8ae-indicator-0\" aria-roledescription=\"slide\" aria-label=\"Slide 1 of 3\"><span class=\"carousel-item-company\">Deutsches Zentrum f\u00fcr Luft- und Raumfahrt<\/span><p class=\"carousel-item-name\">Daniele Cerra, Research Fellow, DLR<\/p><p class=\"carousel-item-content\">&#8220;We usually gather in a single location of the globe to discuss several aspects of life all around our planet. As the pandemic made this impossible, alfaview allowed us to successfully reverse our point of view, focussing on a specific instrument in space from all around the world instead.\u201c<\/p><\/div><div style=\"height:370px\" class=\"carousel-item \" data-bs-interval=\"5000\" id=\"av-carousel-37129f97-0a77-4ad5-bd8b-80ca6954f8ae-slide-1\" role=\"tabpanel\" aria-labelledby=\"av-carousel-37129f97-0a77-4ad5-bd8b-80ca6954f8ae-indicator-1\" aria-roledescription=\"slide\" aria-label=\"Slide 2 of 3\"><span class=\"carousel-item-company\">SAP SE<\/span><p class=\"carousel-item-name\">Timo Sch\u00fctte, Global Vice President SAP Product Learning<\/p><p class=\"carousel-item-content\">&#8220;Die Videokonferenzl\u00f6sung alfaview bietet einzigartige Face-to-Face-Konferenzen und Schulungen, deshalb haben wir als Unternehmen uns dazu entschieden, auch f\u00fcr unseren Education Bereich alfaview einzusetzen. Der Vorteil von alfaview ist: Alle Teilnehmerinnen und Teilnehmer eines Kurses k\u00f6nnen sich sehen, h\u00f6ren und im digitalen Seminarraum interaktiv austauschen. Zudem k\u00f6nnen unsere Kundinnen und Kunden nun auch bequem von zuhause oder dem Arbeitsplatz aus an dem Meeting oder dem Seminar teilnehmen. Unsere Kundschaft profitiert von einer professionellen Lernumgebung in alfaview, die hohe Lernerfolge erm\u00f6glicht. Und das Beste daran, alfaview stammt aus deutscher Entwicklung und ist DSGVO-konform.&#8221;<\/p><\/div><div style=\"height:370px\" class=\"carousel-item \" data-bs-interval=\"5000\" id=\"av-carousel-37129f97-0a77-4ad5-bd8b-80ca6954f8ae-slide-2\" role=\"tabpanel\" aria-labelledby=\"av-carousel-37129f97-0a77-4ad5-bd8b-80ca6954f8ae-indicator-2\" aria-roledescription=\"slide\" aria-label=\"Slide 3 of 3\"><span class=\"carousel-item-company\">Bentley InnoMed GmbH<\/span><p class=\"carousel-item-name\">Kerstin Stotz, Communication &amp; Event Coordinator<\/p><p class=\"carousel-item-content\">&#8220;Erstmals haben wir unser j\u00e4hrlich stattfindendes Bentley Global Sales Meeting komplett virtuell mit alfaview umgesetzt. Das Ergebnis begeisterte auch die Teilnehmer: der Mix aus Interaktion und Pr\u00e4sentation, Show und Reflektion, Information und Entertainment flimmerte weltweit in 62 L\u00e4ndern \u00fcber die Bildschirme von \u00fcber 200 Teilnehmern. alfaview war dabei f\u00fcr die Teilnehmenden des Events sehr benutzerfreundlich und leicht zu bedienen.&#8221;<\/p><\/div><\/div><button class=\"av-carousel-nav av-carousel-control-prev\" type=\"button\" data-bs-target=\"#av-carousel-37129f97-0a77-4ad5-bd8b-80ca6954f8ae\" data-bs-slide=\"prev\" aria-label=\"Previous slide\" aria-controls=\"av-carousel-37129f97-0a77-4ad5-bd8b-80ca6954f8ae\"><i class=\"icon-ic_navigate_before_24dp\" aria-hidden=\"true\"><\/i><span class=\"visually-hidden\">Previous<\/span><\/button><button class=\"av-carousel-nav av-carousel-control-next\" type=\"button\" data-bs-target=\"#av-carousel-37129f97-0a77-4ad5-bd8b-80ca6954f8ae\" data-bs-slide=\"next\" aria-label=\"Next slide\" aria-controls=\"av-carousel-37129f97-0a77-4ad5-bd8b-80ca6954f8ae\"><i class=\"icon-ic_navigate_next_24dp\" aria-hidden=\"true\"><\/i><span class=\"visually-hidden\">Next<\/span><\/button><div class=\"carousel-indicators\" id=\"av-carousel-37129f97-0a77-4ad5-bd8b-80ca6954f8ae-indicators\" role=\"tablist\" aria-label=\"Carousel indicators\"><button type=\"button\" data-bs-target=\"#av-carousel-37129f97-0a77-4ad5-bd8b-80ca6954f8ae\" data-bs-slide-to=\"0\" class=\"active\" aria-current=\"true\" aria-label=\"Go to slide 1\" id=\"av-carousel-37129f97-0a77-4ad5-bd8b-80ca6954f8ae-indicator-0\" aria-controls=\"av-carousel-37129f97-0a77-4ad5-bd8b-80ca6954f8ae-slide-0\"><\/button><button type=\"button\" data-bs-target=\"#av-carousel-37129f97-0a77-4ad5-bd8b-80ca6954f8ae\" data-bs-slide-to=\"1\" class=\"\" aria-current=\"false\" aria-label=\"Go to slide 2\" id=\"av-carousel-37129f97-0a77-4ad5-bd8b-80ca6954f8ae-indicator-1\" aria-controls=\"av-carousel-37129f97-0a77-4ad5-bd8b-80ca6954f8ae-slide-1\"><\/button><button type=\"button\" data-bs-target=\"#av-carousel-37129f97-0a77-4ad5-bd8b-80ca6954f8ae\" data-bs-slide-to=\"2\" class=\"\" aria-current=\"false\" aria-label=\"Go to slide 3\" id=\"av-carousel-37129f97-0a77-4ad5-bd8b-80ca6954f8ae-indicator-2\" aria-controls=\"av-carousel-37129f97-0a77-4ad5-bd8b-80ca6954f8ae-slide-2\"><\/button><\/div><\/div>\n<\/div>\n<\/div>\n\n\n\n<div class=\"wp-block-group av-px-xs-0_5 av-mt-xs-5 av-mb-xs-3 is-layout-constrained wp-container-core-group-is-layout-e0d2680f wp-block-group-is-layout-constrained\" style=\"margin-top:7rem;margin-bottom:3rem\">\n<h2 class=\"wp-block-heading has-text-align-center has-roboto-black-font-family\">Ihr virtuelles Unternehmen<\/h2>\n\n\n\n<p class=\"has-text-align-center av-fs-1\" style=\"font-size:19px;line-height:1.8\">Die Organisations- und Raumstruktur Ihres Unternehmens l\u00e4sst sich mit alfaview virtuell wie in einem Geb\u00e4ude abbilden. Daraus ergeben sich beliebig viele Navigationsebenen mit Abteilungen und R\u00e4umen. Somit werden flie\u00dfende \u00dcberg\u00e4nge zwischen dem Arbeiten vor Ort, von unterwegs oder im Home-Office m\u00f6glich.<\/p>\n<\/div>\n\n\n\n<figure class=\"wp-block-image size-full\"><img loading=\"lazy\" decoding=\"async\" width=\"2200\" height=\"1539\" src=\"https:\/\/alfaview.com\/wp-content\/uploads\/2024\/09\/alfaview_raumliste_de.png\" alt=\"Videokonferenz mit ge\u00f6ffneter Raumliste mit verschiedenen R\u00e4umen und Abteilungen. Das Meeting findet im Raum Assistenz statt.\" class=\"wp-image-1327\" srcset=\"https:\/\/alfaview.com\/wp-content\/uploads\/2024\/09\/alfaview_raumliste_de.png 2200w, https:\/\/alfaview.com\/wp-content\/uploads\/2024\/09\/alfaview_raumliste_de-300x210.png 300w, https:\/\/alfaview.com\/wp-content\/uploads\/2024\/09\/alfaview_raumliste_de-1024x716.png 1024w, https:\/\/alfaview.com\/wp-content\/uploads\/2024\/09\/alfaview_raumliste_de-768x537.png 768w, https:\/\/alfaview.com\/wp-content\/uploads\/2024\/09\/alfaview_raumliste_de-1536x1075.png 1536w, https:\/\/alfaview.com\/wp-content\/uploads\/2024\/09\/alfaview_raumliste_de-2048x1433.png 2048w\" sizes=\"auto, (max-width: 2200px) 100vw, 2200px\" \/><\/figure>\n\n\n\n<div class=\"wp-block-columns are-vertically-aligned-center av-px-xs-0_5 column-reverse is-layout-flex wp-container-core-columns-is-layout-f5a44f5b wp-block-columns-is-layout-flex\">\n<div class=\"wp-block-column is-vertically-aligned-center is-layout-flow wp-block-column-is-layout-flow\">\n<figure class=\"wp-block-image alignleft size-full av-align-reset\"><img loading=\"lazy\" decoding=\"async\" width=\"603\" height=\"442\" src=\"https:\/\/alfaview.com\/wp-content\/uploads\/2024\/08\/Unternehmen_Raumliste_en.png\" alt=\"Raumliste der Abteilung Distribution. R\u00e4ume sind DACH-Region, Asia, Benelux, Scandinavia, America und Meeting. Der Maus-Cursor liegt auf Benelux, es werden drei Personen im Mouse-Over angezeigt.\" class=\"wp-image-665\" srcset=\"https:\/\/alfaview.com\/wp-content\/uploads\/2024\/08\/Unternehmen_Raumliste_en.png 603w, https:\/\/alfaview.com\/wp-content\/uploads\/2024\/08\/Unternehmen_Raumliste_en-300x220.png 300w\" sizes=\"auto, (max-width: 603px) 100vw, 603px\" \/><\/figure>\n<\/div>\n\n\n\n<div class=\"wp-block-column is-vertically-aligned-center is-layout-flow wp-block-column-is-layout-flow\">\n<h3 class=\"wp-block-heading has-text-color-color has-text-color has-link-color has-roboto-black-font-family wp-elements-19cf134c334fa135a7475487d512337d\">Ihre individuelle Unternehmensstruktur<\/h3>\n\n\n\n<p style=\"line-height:1.8\">Die alfaview-R\u00e4ume stehen dauerhaft zur Verf\u00fcgung. F\u00fcr alle R\u00e4ume k\u00f6nnen  beliebig viele Hosts definiert werden. Somit k\u00f6nnen Veranstaltungen oder Besprechungen auch von mehreren Personen gleichzeitig betreut werden.<\/p>\n\n\n\n<p style=\"line-height:1.8\">In der Raumliste werden die Anzahl und die Namen der Personen, die sich  bereits im Raum befinden, angezeigt. Mit einem Klick auf den Raumnamen  k\u00f6nnen Sie einfach zwischen den R\u00e4umen wechseln.<\/p>\n<\/div>\n<\/div>\n\n\n\n<div class=\"wp-block-columns are-vertically-aligned-center av-px-xs-0_5 av-mt-xs-4 is-layout-flex wp-container-core-columns-is-layout-ddc08cc5 wp-block-columns-is-layout-flex\" style=\"margin-top:7rem;margin-bottom:0rem\">\n<div class=\"wp-block-column is-vertically-aligned-center is-layout-flow wp-block-column-is-layout-flow\">\n<h3 class=\"wp-block-heading has-text-color-color has-text-color has-link-color has-roboto-black-font-family wp-elements-72c7a7a70c1df7554ab3e14ed7f05fb4\">Nutzen Sie bis zu 50 Breakout-Rooms<\/h3>\n\n\n\n<p style=\"line-height:1.8\">Jeder alfaview-Raum enth\u00e4lt 50 parallel nutzbare Untergruppen, die als  Breakout-Rooms f\u00fcr vertrauliche Gespr\u00e4che oder die Arbeit in kleinen Teams  genutzt und nach Belieben umbenannt werden k\u00f6nnen.<\/p>\n\n\n\n<p style=\"line-height:1.8\">\u00dcber die Teilnehmerliste erkennen Sie jederzeit, wer sich in welcher  Untergruppe befindet.<\/p>\n<\/div>\n\n\n\n<div class=\"wp-block-column is-vertically-aligned-center is-layout-flow wp-block-column-is-layout-flow\">\n<figure class=\"wp-block-image alignright size-full av-align-reset\"><img loading=\"lazy\" decoding=\"async\" width=\"566\" height=\"605\" src=\"https:\/\/alfaview.com\/wp-content\/uploads\/2024\/08\/Teilnehmerliste_Unternehmen_en-1.png\" alt=\"Teilnehmerliste des Raums DACH Region mit Untergruppen. 5 Personen befinden sich im Hauptraum, 3 in Untergruppe Benelux.\" class=\"wp-image-666\" srcset=\"https:\/\/alfaview.com\/wp-content\/uploads\/2024\/08\/Teilnehmerliste_Unternehmen_en-1.png 566w, https:\/\/alfaview.com\/wp-content\/uploads\/2024\/08\/Teilnehmerliste_Unternehmen_en-1-281x300.png 281w\" sizes=\"auto, (max-width: 566px) 100vw, 566px\" \/><\/figure>\n<\/div>\n<\/div>\n\n\n\n<div class=\"wp-block-columns are-vertically-aligned-center av-l-image-box av-round-box av-mx-xs-0_5 av-mb-xs-2 av-mt-xs-5 is-layout-flex wp-container-core-columns-is-layout-0536fa14 wp-block-columns-is-layout-flex\" style=\"margin-top:10rem\">\n<div class=\"wp-block-column is-vertically-aligned-center is-layout-constrained wp-container-core-column-is-layout-12243e0f wp-block-column-is-layout-constrained\" style=\"flex-basis:51%\">\n<div class=\"wp-block-cover is-light av-cover-px-300\" style=\"min-height:550px;aspect-ratio:unset;\"><img loading=\"lazy\" decoding=\"async\" width=\"2560\" height=\"1920\" class=\"wp-block-cover__image-background wp-image-670 size-full\" alt=\"Frau sitzt am Schreibtisch vor einem Computer und ist in einer Videokonferenz.\" src=\"https:\/\/alfaview.com\/wp-content\/uploads\/2024\/08\/Branchen_Unternehmen_download_teaser_device-scaled.jpg\" data-object-fit=\"cover\" srcset=\"https:\/\/alfaview.com\/wp-content\/uploads\/2024\/08\/Branchen_Unternehmen_download_teaser_device-scaled.jpg 2560w, https:\/\/alfaview.com\/wp-content\/uploads\/2024\/08\/Branchen_Unternehmen_download_teaser_device-300x225.jpg 300w, https:\/\/alfaview.com\/wp-content\/uploads\/2024\/08\/Branchen_Unternehmen_download_teaser_device-1024x768.jpg 1024w, https:\/\/alfaview.com\/wp-content\/uploads\/2024\/08\/Branchen_Unternehmen_download_teaser_device-768x576.jpg 768w, https:\/\/alfaview.com\/wp-content\/uploads\/2024\/08\/Branchen_Unternehmen_download_teaser_device-1536x1152.jpg 1536w, https:\/\/alfaview.com\/wp-content\/uploads\/2024\/08\/Branchen_Unternehmen_download_teaser_device-2048x1536.jpg 2048w\" sizes=\"auto, (max-width: 2560px) 100vw, 2560px\" \/><span aria-hidden=\"true\" class=\"wp-block-cover__background has-background-dim-0 has-background-dim\" style=\"background-color:#d9d3cf\"><\/span><div class=\"wp-block-cover__inner-container is-layout-constrained wp-block-cover-is-layout-constrained\">\n<p class=\"has-text-align-center has-large-font-size\"><\/p>\n<\/div><\/div>\n<\/div>\n\n\n\n<div class=\"wp-block-column is-vertically-aligned-center av-px-xs-2 av-pb-xs-2 av-pt-xs-1 is-layout-flow wp-block-column-is-layout-flow\" style=\"padding-top:4rem;padding-right:4rem;padding-bottom:4rem;padding-left:4rem;flex-basis:49%\">\n<h2 class=\"wp-block-heading\">Benutzerfreundliche &amp; intuitive Kommunikation<\/h2>\n\n\n\n<p>Durch die hohe Bildqualit\u00e4t bleiben Mimik und Gestik der Teilnehmenden auch bei gro\u00dfen Meetings sichtbar. Mit alfaview entsteht daher keine Videokonferenz-Fatigue, denn die Kommunikation im virtuellen Raum unterscheidet sich nicht von der im physischen. Durch das klare Design und benutzerfreundliche Funktionen ist alfaview selbsterkl\u00e4rend und intuitiv\u202fzu bedienen.<\/p>\n\n\n\n<p>alfaview l\u00e4uft auf allen g\u00e4ngigen Plattformen und Betriebssystemen sowie auf mobilen Endger\u00e4ten.<\/p>\n\n\n\n<p class=\"text-link-icon-right\" style=\"font-size:19px\"><a href=\"\/de\/download\">alfaview herunterladen<\/a><\/p>\n<\/div>\n<\/div>\n\n\n\n<div class=\"wp-block-group av-px-xs-0_5 is-layout-constrained wp-container-core-group-is-layout-ce58fa60 wp-block-group-is-layout-constrained\" style=\"margin-top:6rem;margin-bottom:6rem\">\n<h2 class=\"wp-block-heading has-text-align-center has-roboto-black-font-family\">Maximale Leistung bei maximalem Datenschutz<\/h2>\n\n\n\n<p class=\"has-text-align-center\" style=\"line-height:1.8\">Datenschutz steht bei alfaview an oberster Stelle. Gerade im Unternehmenskontext, wenn es um sensible Firmendaten geht, d\u00fcrfen keine Kompromisse in puncto Datenschutz gemacht werden. Auch die personenbezogenen Daten Ihrer Mitarbeiter:innen sind bei alfaview sicher.<\/p>\n\n\n\n<p class=\"has-text-align-center\" style=\"line-height:1.8\">alfaview bietet zahlreiche Features, mit denen Sie den Arbeitsalltag sicher gestalten k\u00f6nnen. Einladungslinks k\u00f6nnen personalisiert und mit einem Start- und Enddatum versehen werden. \u00dcber verschiedene individuell zuweisbare Berechtigungsgruppen legen Sie fest, wer zu welchen R\u00e4umen Zutritt erh\u00e4lt und welche Berechtigungen die betreffenden Personen innerhalb dieser R\u00e4ume besitzen.<\/p>\n\n\n\n<div class=\"wp-block-buttons is-content-justification-center is-layout-flex wp-container-core-buttons-is-layout-de3b580a wp-block-buttons-is-layout-flex\" style=\"margin-top:3rem\">\n<div class=\"wp-block-button is-style-outline is-style-outline--3\"><a class=\"wp-block-button__link wp-element-button\" href=\"\/de\/dataprotection\">Mehr Informationen zum Datenschutz<\/a><\/div>\n<\/div>\n<\/div>\n\n\n\n<div class=\"wp-block-group av-px-xs-0_5 av-my-xs-4 is-layout-constrained wp-container-core-group-is-layout-9383cece wp-block-group-is-layout-constrained\" style=\"margin-top:10rem;margin-bottom:10rem\">\n<h2 class=\"wp-block-heading has-text-align-center has-roboto-black-font-family\">Buchen Sie jetzt Ihre alfaview-R\u00e4ume<\/h2>\n\n\n\n<p class=\"has-text-align-center\">Testen Sie alfaview kostenlos und unverbindlich oder buchen Sie direkt alfaview-R\u00e4ume f\u00fcr Ihr Unternehmen.<\/p>\n\n\n\n<div class=\"wp-block-buttons is-content-justification-center is-layout-flex wp-container-core-buttons-is-layout-a89b3969 wp-block-buttons-is-layout-flex\">\n<div class=\"wp-block-button is-style-outline is-style-outline--4\"><a class=\"wp-block-button__link wp-element-button\" href=\"\/de\/testrooms\">Jetzt testen<\/a><\/div>\n\n\n\n<div class=\"wp-block-button\"><a class=\"wp-block-button__link wp-element-button\" href=\"\/de\/pricing\/business?q1=0&amp;q2=1\">Buchen<\/a><\/div>\n<\/div>\n<\/div>\n","protected":false},"excerpt":{"rendered":"<p>Ihre virtuelle Arbeitsst\u00e4tte L\u00f6sen Sie sich von dem Gedanken eines B\u00fcrogeb\u00e4udes als Arbeitsort \u2013 mit alfaview steht Ihnen<i class=\"icon excerpt-icon icon-ic_arrow_forward_24dp\"><\/i><\/p>\n","protected":false},"author":2,"featured_media":0,"parent":0,"menu_order":0,"comment_status":"closed","ping_status":"closed","template":"","meta":{"footnotes":""},"class_list":["post-33","page","type-page","status-publish","hentry"],"_links":{"self":[{"href":"https:\/\/alfaview.com\/de\/wp-json\/wp\/v2\/pages\/33","targetHints":{"allow":["GET"]}}],"collection":[{"href":"https:\/\/alfaview.com\/de\/wp-json\/wp\/v2\/pages"}],"about":[{"href":"https:\/\/alfaview.com\/de\/wp-json\/wp\/v2\/types\/page"}],"author":[{"embeddable":true,"href":"https:\/\/alfaview.com\/de\/wp-json\/wp\/v2\/users\/2"}],"replies":[{"embeddable":true,"href":"https:\/\/alfaview.com\/de\/wp-json\/wp\/v2\/comments?post=33"}],"version-history":[{"count":198,"href":"https:\/\/alfaview.com\/de\/wp-json\/wp\/v2\/pages\/33\/revisions"}],"predecessor-version":[{"id":9212,"href":"https:\/\/alfaview.com\/de\/wp-json\/wp\/v2\/pages\/33\/revisions\/9212"}],"wp:attachment":[{"href":"https:\/\/alfaview.com\/de\/wp-json\/wp\/v2\/media?parent=33"}],"curies":[{"name":"wp","href":"https:\/\/api.w.org\/{rel}","templated":true}]}}