{"id":35,"date":"2024-07-10T07:27:06","date_gmt":"2024-07-10T07:27:06","guid":{"rendered":"http:\/\/localhost:8000\/?page_id=28"},"modified":"2026-01-20T12:49:28","modified_gmt":"2026-01-20T11:49:28","slug":"public-sector","status":"publish","type":"page","link":"https:\/\/alfaview.com\/de\/public-sector","title":{"rendered":"Verwaltung"},"content":{"rendered":"\n<div class=\"wp-block-cover alignfull is-light av-cover-vh-60\" style=\"min-height:85vh;aspect-ratio:unset;\"><img loading=\"lazy\" decoding=\"async\" width=\"1920\" height=\"1080\" class=\"wp-block-cover__image-background wp-image-689 size-full\" alt=\"Frau sitzt an einem Laptop und schiebt einen Stapel Akten vom Schreibtisch.\" src=\"https:\/\/alfaview.com\/wp-content\/uploads\/2024\/08\/Header_01-2.jpg\" style=\"object-position:100% 50%\" data-object-fit=\"cover\" data-object-position=\"100% 50%\" srcset=\"https:\/\/alfaview.com\/wp-content\/uploads\/2024\/08\/Header_01-2.jpg 1920w, https:\/\/alfaview.com\/wp-content\/uploads\/2024\/08\/Header_01-2-300x169.jpg 300w, https:\/\/alfaview.com\/wp-content\/uploads\/2024\/08\/Header_01-2-1024x576.jpg 1024w, https:\/\/alfaview.com\/wp-content\/uploads\/2024\/08\/Header_01-2-768x432.jpg 768w, https:\/\/alfaview.com\/wp-content\/uploads\/2024\/08\/Header_01-2-1536x864.jpg 1536w\" sizes=\"auto, (max-width: 1920px) 100vw, 1920px\" \/><span aria-hidden=\"true\" class=\"wp-block-cover__background has-background-dim-0 has-background-dim\" style=\"background-color:#cad1d2\"><\/span><div class=\"wp-block-cover__inner-container is-layout-constrained wp-block-cover-is-layout-constrained\">\n<div class=\"wp-block-group av-px-xs-0_5 av-pt-xs-3 av-pb-xs-0 is-vertical is-content-justification-right is-layout-flex wp-container-core-group-is-layout-0e7c1980 wp-block-group-is-layout-flex\" style=\"padding-top:10rem;padding-bottom:7rem\">\n<div class=\"wp-block-columns is-layout-flex wp-container-core-columns-is-layout-28f84493 wp-block-columns-is-layout-flex\">\n<div class=\"wp-block-column av-px-xs-0 is-layout-flow wp-block-column-is-layout-flow\" style=\"padding-right:var(--wp--preset--spacing--50);padding-left:var(--wp--preset--spacing--50)\">\n<h1 class=\"wp-block-heading\">Meine digitale Verwaltung<\/h1>\n\n\n\n<p class=\"has-medium-font-size\" style=\"font-style:normal;font-weight:500\">Work new. Mit alfaview digital und DSGVO-konform.<\/p>\n\n\n\n<div class=\"wp-block-buttons is-layout-flex wp-block-buttons-is-layout-flex\">\n<div class=\"wp-block-button\"><a class=\"wp-block-button__link wp-element-button\" href=\"\/de\/download\/\">Herunterladen<\/a><\/div>\n\n\n\n<div class=\"wp-block-button is-style-outline is-style-outline--1\"><a class=\"wp-block-button__link wp-element-button\" href=\"\/de\/pricing\/\">Preise<\/a><\/div>\n\n\n\n<div class=\"wp-block-button is-style-outline is-style-outline--2\"><a class=\"wp-block-button__link wp-element-button\" href=\"\/de\/features\/\">Funktionen<\/a><\/div>\n<\/div>\n\n\n\n<div class=\"wp-block-group av-mt-xs-0 is-content-justification-right is-nowrap is-layout-flex wp-container-core-group-is-layout-17124a9a wp-block-group-is-layout-flex\">\n<a class=\"wp-block-alfaview-circular-badge circular-badge-output av-cb-top-right industry-badge\" href=\"https:\/\/alfaview.com\/de\/pricing\/free-500-special\" aria-label=\"Link zu alfaview Free 500 Special\"><span class=\"text-one\">10 R\u00e4ume f\u00fcr<br>30 Tage kostenlos<\/span><span class=\"text-two\">Testversion<\/span><\/a>\n<\/div>\n<\/div>\n<\/div>\n<\/div>\n<\/div><\/div>\n\n\n\n<div class=\"wp-block-cover alignfull is-light av-cover-vh-50\" style=\"min-height:100vh;aspect-ratio:unset;\"><img loading=\"lazy\" decoding=\"async\" width=\"2560\" height=\"1340\" class=\"wp-block-cover__image-background wp-image-690\" alt=\"Tablet mit Videokonferenz und ge\u00f6ffneter Toolbox. Gezeigte Tools sind unter anderem Termin buchen, Download Center, Stadtportal, Formulare, Aktuelles.\" src=\"https:\/\/alfaview.com\/wp-content\/uploads\/2024\/08\/Verwaltung_fluid-image-2-scaled-1.jpg\" style=\"object-position:100% 50%\" data-object-fit=\"cover\" data-object-position=\"100% 50%\" srcset=\"https:\/\/alfaview.com\/wp-content\/uploads\/2024\/08\/Verwaltung_fluid-image-2-scaled-1.jpg 2560w, https:\/\/alfaview.com\/wp-content\/uploads\/2024\/08\/Verwaltung_fluid-image-2-scaled-1-300x157.jpg 300w, https:\/\/alfaview.com\/wp-content\/uploads\/2024\/08\/Verwaltung_fluid-image-2-scaled-1-1024x536.jpg 1024w, https:\/\/alfaview.com\/wp-content\/uploads\/2024\/08\/Verwaltung_fluid-image-2-scaled-1-768x402.jpg 768w, https:\/\/alfaview.com\/wp-content\/uploads\/2024\/08\/Verwaltung_fluid-image-2-scaled-1-1536x804.jpg 1536w, https:\/\/alfaview.com\/wp-content\/uploads\/2024\/08\/Verwaltung_fluid-image-2-scaled-1-2048x1072.jpg 2048w\" sizes=\"auto, (max-width: 2560px) 100vw, 2560px\" \/><span aria-hidden=\"true\" class=\"wp-block-cover__background has-background-dim-0 has-background-dim\" style=\"background-color:#cad1d2\"><\/span><div class=\"wp-block-cover__inner-container is-layout-constrained wp-block-cover-is-layout-constrained\">\n<div class=\"wp-block-columns av-px-xs-0_5 is-layout-flex wp-container-core-columns-is-layout-28f84493 wp-block-columns-is-layout-flex\">\n<div class=\"wp-block-column is-layout-flow wp-block-column-is-layout-flow\"><\/div>\n\n\n\n<div class=\"wp-block-column is-layout-flow wp-block-column-is-layout-flow\" style=\"flex-basis:40%\">\n<h2 class=\"wp-block-heading\">Digital unterwegs mit alfaview<\/h2>\n\n\n\n<p>Ob virtuelle B\u00fcrgersprechstunde, Wahlhelferschulungen, Sitzungen oder Pressekonferenzen \u2013 st\u00e4rken und flexibilisieren Sie mit alfaview Ihre t\u00e4gliche Kommunikation. alfaview ist die DSGVO-konforme Antwort f\u00fcr eine transparente und direkte interne und externe Kommunikation Ihrer Einrichtung. Im B\u00fcro, hybrid oder im Home-Office \u2013 in alfaview arbeiten Sie produktiv an einem gemeinsamen Ort zusammen, sowohl auf Bundes-, Landes- als auch auf Kommunalebene.<\/p>\n<\/div>\n<\/div>\n<\/div><\/div>\n\n\n\n<div class=\"wp-block-columns are-vertically-aligned-center av-px-xs-0_5 av-mt-xs-2 av-mb-xs-0 is-layout-flex wp-container-core-columns-is-layout-ddc08cc5 wp-block-columns-is-layout-flex\" style=\"margin-top:7rem;margin-bottom:0rem\">\n<div class=\"wp-block-column is-vertically-aligned-center is-layout-flow wp-block-column-is-layout-flow\">\n<h2 class=\"wp-block-heading av-align-reset has-text-color-color has-text-color has-roboto-black-font-family\">Von Networking bis B\u00fcrgersprechstunde<\/h2>\n\n\n\n<p style=\"line-height:1.8\">Mit alfaview f\u00fchren Sie virtuelle oder hybride Veranstaltungen,  \u00f6ffentliche Auftritte oder Gemeindeversammlungen durch und vernetzen sich einfach und ohne lange Wege mit anderen Stellen.<br><\/p>\n<\/div>\n\n\n\n<div class=\"wp-block-column is-vertically-aligned-center is-layout-flow wp-block-column-is-layout-flow\">\n<figure class=\"wp-block-image alignright size-full av-align-reset wp-elements-cbc1fcef566fbf463572278b9d980eb9\"><img loading=\"lazy\" decoding=\"async\" width=\"1500\" height=\"1100\" src=\"https:\/\/alfaview.com\/wp-content\/uploads\/2024\/08\/verwaltung_usp_01.png\" alt=\"Videokonferenz mit 15 Personen und Geb\u00e4rdendolmetscherin. Sprecher und Geb\u00e4rdendolmetscherin sind gr\u00f6\u00dfer dargestellt.\" class=\"wp-image-694\" srcset=\"https:\/\/alfaview.com\/wp-content\/uploads\/2024\/08\/verwaltung_usp_01.png 1500w, https:\/\/alfaview.com\/wp-content\/uploads\/2024\/08\/verwaltung_usp_01-300x220.png 300w, https:\/\/alfaview.com\/wp-content\/uploads\/2024\/08\/verwaltung_usp_01-1024x751.png 1024w, https:\/\/alfaview.com\/wp-content\/uploads\/2024\/08\/verwaltung_usp_01-768x563.png 768w\" sizes=\"auto, (max-width: 1500px) 100vw, 1500px\" \/><\/figure>\n<\/div>\n<\/div>\n\n\n\n<div class=\"wp-block-columns are-vertically-aligned-center av-px-xs-0_5 av-mt-xs-5 av-mb-xs-0 column-reverse is-layout-flex wp-container-core-columns-is-layout-9d06fb02 wp-block-columns-is-layout-flex\" style=\"margin-top:7rem;margin-bottom:0px\">\n<div class=\"wp-block-column is-vertically-aligned-center is-layout-flow wp-block-column-is-layout-flow\">\n<figure class=\"wp-block-image alignleft size-full av-align-reset wp-elements-699b5f013fb5058989c9210e94e66d1d\"><img loading=\"lazy\" decoding=\"async\" width=\"1899\" height=\"1350\" src=\"https:\/\/alfaview.com\/wp-content\/uploads\/2024\/09\/verwaltung_bildschirmuebertragung_de.png\" alt=\"Videokonferenz mit \u00dcbertragung einer Pr\u00e4sentation und ge\u00f6ffneter Toolbox.\" class=\"wp-image-1333\" srcset=\"https:\/\/alfaview.com\/wp-content\/uploads\/2024\/09\/verwaltung_bildschirmuebertragung_de.png 1899w, https:\/\/alfaview.com\/wp-content\/uploads\/2024\/09\/verwaltung_bildschirmuebertragung_de-300x213.png 300w, https:\/\/alfaview.com\/wp-content\/uploads\/2024\/09\/verwaltung_bildschirmuebertragung_de-1024x728.png 1024w, https:\/\/alfaview.com\/wp-content\/uploads\/2024\/09\/verwaltung_bildschirmuebertragung_de-768x546.png 768w, https:\/\/alfaview.com\/wp-content\/uploads\/2024\/09\/verwaltung_bildschirmuebertragung_de-1536x1092.png 1536w\" sizes=\"auto, (max-width: 1899px) 100vw, 1899px\" \/><\/figure>\n<\/div>\n\n\n\n<div class=\"wp-block-column is-vertically-aligned-center is-layout-flow wp-block-column-is-layout-flow\">\n<h2 class=\"wp-block-heading av-align-reset has-text-color-color has-text-color has-roboto-black-font-family\">Von Bildschirm\u00fcbertragung bis Whiteboard<\/h2>\n\n\n\n<p style=\"line-height:1.8\">Starten Sie Ihr Online-Meeting mit durchdachten Funktionen wie dem Whiteboard oder der Bildschirm\u00fcbertragung, bei der mehrere Personen gleichzeitig Inhalte teilen k\u00f6nnen. Binden Sie \u00fcber die Toolbox Ihre favorisierten Kollaborationstools ein.<br><\/p>\n<\/div>\n<\/div>\n\n\n\n<div class=\"wp-block-group av-px-xs-0_5 is-layout-constrained wp-block-group-is-layout-constrained\" style=\"margin-top:7rem;margin-bottom:5rem\">\n<p class=\"av-fs-1\" style=\"font-size:22px\">Entdecken Sie den vollen Funktionsumfang f\u00fcr die virtuelle Vernetzung und Zusammenarbeit mit alfaview.<\/p>\n\n\n\n<p class=\"text-link-icon-right\"><a href=\"\/de\/features\">Alle Funktionen auf einen Blick<\/a><\/p>\n<\/div>\n\n\n\n<div class=\"wp-block-columns av-br-24 testimonial-icon av-mx-xs-0_5 av-mb-xs-0 has-border-color is-layout-flex wp-container-core-columns-is-layout-d7a87397 wp-block-columns-is-layout-flex\" style=\"border-color:#eaebed;border-width:1px;border-radius:6px;padding-top:6rem;padding-bottom:6rem\">\n<div class=\"wp-block-column is-layout-constrained wp-container-core-column-is-layout-bea02a06 wp-block-column-is-layout-constrained\">\n<h2 class=\"wp-block-heading has-text-align-center\" style=\"font-size:1.5rem\">Kundenmeinungen<\/h2>\n\n\n\n<div class=\"carousel slide  \" id=\"av-carousel-7fdefe1e-3ebe-4aca-97ef-e1af85863299\" role=\"region\" aria-roledescription=\"carousel\" aria-label=\"Content carousel\" tabindex=\"0\" data-bs-keyboard=\"true\" data-slide-effect=\"slide\"><div class=\"carousel-status visually-hidden\" aria-live=\"polite\">Carousel with 1 slides<\/div><div class=\"carousel-inner\"><div style=\"height:300px\" class=\"carousel-item active\" data-bs-interval=\"5000\" id=\"av-carousel-7fdefe1e-3ebe-4aca-97ef-e1af85863299-slide-0\" role=\"tabpanel\" aria-labelledby=\"av-carousel-7fdefe1e-3ebe-4aca-97ef-e1af85863299-indicator-0\" aria-roledescription=\"slide\" aria-label=\"Slide 1 of 1\"><span class=\"carousel-item-company\">Stadt Heidelberg<\/span><p class=\"carousel-item-name\"><\/p><p class=\"carousel-item-content\">&#8220;Bei unserer sehr kurzfristig zu planenden Veranstaltung f\u00fcr ein gr\u00f6\u00dferes Publikum fiel unsere Wahl auf alfaview. Wir haben bislang nur gute Erfahrungen mit alfaview gemacht \u2013 nicht nur als Kunden, sondern auch als Teilnehmer bei diversen Bildungskonferenzen. So wussten wir, dass wir uns darauf verlassen k\u00f6nnen, eine technisch einwandfreie L\u00f6sung zu erhalten, auch wenn die Zeit dr\u00e4ngt. Uns wurde nicht zu viel versprochen. Dank der Unterst\u00fctzung von alfaview auch w\u00e4hrend der Veranstaltung hat alles wunderbar geklappt.&#8221;<\/p><\/div><\/div><button class=\"av-carousel-nav av-carousel-control-prev\" type=\"button\" data-bs-target=\"#av-carousel-7fdefe1e-3ebe-4aca-97ef-e1af85863299\" data-bs-slide=\"prev\" aria-label=\"Previous slide\" aria-controls=\"av-carousel-7fdefe1e-3ebe-4aca-97ef-e1af85863299\"><i class=\"icon-ic_navigate_before_24dp\" aria-hidden=\"true\"><\/i><span class=\"visually-hidden\">Previous<\/span><\/button><button class=\"av-carousel-nav av-carousel-control-next\" type=\"button\" data-bs-target=\"#av-carousel-7fdefe1e-3ebe-4aca-97ef-e1af85863299\" data-bs-slide=\"next\" aria-label=\"Next slide\" aria-controls=\"av-carousel-7fdefe1e-3ebe-4aca-97ef-e1af85863299\"><i class=\"icon-ic_navigate_next_24dp\" aria-hidden=\"true\"><\/i><span class=\"visually-hidden\">Next<\/span><\/button><div class=\"carousel-indicators\" id=\"av-carousel-7fdefe1e-3ebe-4aca-97ef-e1af85863299-indicators\" role=\"tablist\" aria-label=\"Carousel indicators\"><button type=\"button\" data-bs-target=\"#av-carousel-7fdefe1e-3ebe-4aca-97ef-e1af85863299\" data-bs-slide-to=\"0\" class=\"active\" aria-current=\"true\" aria-label=\"Go to slide 1\" id=\"av-carousel-7fdefe1e-3ebe-4aca-97ef-e1af85863299-indicator-0\" aria-controls=\"av-carousel-7fdefe1e-3ebe-4aca-97ef-e1af85863299-slide-0\"><\/button><\/div><\/div>\n<\/div>\n<\/div>\n\n\n\n<div class=\"wp-block-group av-px-xs-0_5 av-mt-xs-5 av-mb-xs-3 is-layout-constrained wp-container-core-group-is-layout-e0d2680f wp-block-group-is-layout-constrained\" style=\"margin-top:7rem;margin-bottom:3rem\">\n<h2 class=\"wp-block-heading has-text-align-center has-roboto-black-font-family\">Ihre virtuelle Organisation<\/h2>\n\n\n\n<p class=\"has-text-align-center av-fs-1\" style=\"font-size:19px;line-height:1.8\">Die Organisations- und Raumstruktur Ihrer \u00f6ffentlichen Einrichtung l\u00e4sst sich mit alfaview virtuell wie in einem Geb\u00e4ude abbilden. Daraus ergeben sich beliebig viele Navigationsebenen mit Abteilungen und R\u00e4umen. Somit werden flie\u00dfende \u00dcberg\u00e4nge zwischen dem Arbeiten vor Ort oder im Home-Office m\u00f6glich.<\/p>\n<\/div>\n\n\n\n<figure class=\"wp-block-image size-full\"><img loading=\"lazy\" decoding=\"async\" width=\"2200\" height=\"1539\" src=\"https:\/\/alfaview.com\/wp-content\/uploads\/2024\/09\/verwaltung_raumliste_de.png\" alt=\"Videokonferenz mit ge\u00f6ffneter Raumliste mit verschiedenen R\u00e4umen und Abteilungen.\" class=\"wp-image-1336\" srcset=\"https:\/\/alfaview.com\/wp-content\/uploads\/2024\/09\/verwaltung_raumliste_de.png 2200w, https:\/\/alfaview.com\/wp-content\/uploads\/2024\/09\/verwaltung_raumliste_de-300x210.png 300w, https:\/\/alfaview.com\/wp-content\/uploads\/2024\/09\/verwaltung_raumliste_de-1024x716.png 1024w, https:\/\/alfaview.com\/wp-content\/uploads\/2024\/09\/verwaltung_raumliste_de-768x537.png 768w, https:\/\/alfaview.com\/wp-content\/uploads\/2024\/09\/verwaltung_raumliste_de-1536x1075.png 1536w, https:\/\/alfaview.com\/wp-content\/uploads\/2024\/09\/verwaltung_raumliste_de-2048x1433.png 2048w\" sizes=\"auto, (max-width: 2200px) 100vw, 2200px\" \/><\/figure>\n\n\n\n<div class=\"wp-block-columns are-vertically-aligned-center av-px-xs-0_5 column-reverse is-layout-flex wp-container-core-columns-is-layout-f5a44f5b wp-block-columns-is-layout-flex\">\n<div class=\"wp-block-column is-vertically-aligned-center is-layout-flow wp-block-column-is-layout-flow\">\n<figure class=\"wp-block-image alignleft size-full av-align-reset\"><img loading=\"lazy\" decoding=\"async\" width=\"624\" height=\"310\" src=\"https:\/\/alfaview.com\/wp-content\/uploads\/2024\/09\/verwaltung_struktur_de.png\" alt=\"Raumliste mit R\u00e4umen \u00d6ffentlicher Nahverkehr, Fahrradinfrastruktur und Parkraummanagement. Der Maus-Cursor liegt auf Raum Fahrradinfrastruktur, es werden drei Personen darin angezeigt.\" class=\"wp-image-1338\" srcset=\"https:\/\/alfaview.com\/wp-content\/uploads\/2024\/09\/verwaltung_struktur_de.png 624w, https:\/\/alfaview.com\/wp-content\/uploads\/2024\/09\/verwaltung_struktur_de-300x149.png 300w\" sizes=\"auto, (max-width: 624px) 100vw, 624px\" \/><\/figure>\n<\/div>\n\n\n\n<div class=\"wp-block-column is-vertically-aligned-center is-layout-flow wp-block-column-is-layout-flow\">\n<h3 class=\"wp-block-heading has-text-color-color has-text-color has-link-color has-roboto-black-font-family wp-elements-2f4bf6df401aa53be266075e3dffcb81\">Ihre individuelle Verwaltungsstruktur<\/h3>\n\n\n\n<p style=\"line-height:1.8\">Die alfaview-R\u00e4ume stehen dauerhaft zur Verf\u00fcgung. F\u00fcr alle R\u00e4ume k\u00f6nnen beliebig viele Hosts definiert werden. Somit k\u00f6nnen Veranstaltungen wie z.B. Pressekonferenzen auch von mehreren Personen gleichzeitig betreut werden.<\/p>\n\n\n\n<p style=\"line-height:1.8\">In der Raumliste werden die Anzahl und die Namen der Personen, die sich bereits im Raum befinden, angezeigt. Mit einem Klick auf den Raumnamen k\u00f6nnen Sie einfach zwischen den R\u00e4umen wechseln.<\/p>\n<\/div>\n<\/div>\n\n\n\n<div class=\"wp-block-columns are-vertically-aligned-center av-px-xs-0_5 av-mt-xs-4 is-layout-flex wp-container-core-columns-is-layout-ddc08cc5 wp-block-columns-is-layout-flex\" style=\"margin-top:7rem;margin-bottom:0rem\">\n<div class=\"wp-block-column is-vertically-aligned-center is-layout-flow wp-block-column-is-layout-flow\">\n<h3 class=\"wp-block-heading has-text-color-color has-text-color has-link-color has-roboto-black-font-family wp-elements-72c7a7a70c1df7554ab3e14ed7f05fb4\">Nutzen Sie bis zu 50 Breakout-Rooms<\/h3>\n\n\n\n<p style=\"line-height:1.8\">Jeder alfaview-Raum enth\u00e4lt 50 parallel nutzbare Untergruppen, die als Breakout-Rooms f\u00fcr vertrauliche Gespr\u00e4che genutzt und nach Belieben umbenannt werden k\u00f6nnen.<\/p>\n\n\n\n<p style=\"line-height:1.8\">\u00dcber die Teilnehmerliste erkennen Sie jederzeit, wer sich in welcher Untergruppe befindet.<\/p>\n<\/div>\n\n\n\n<div class=\"wp-block-column is-vertically-aligned-center is-layout-flow wp-block-column-is-layout-flow\">\n<figure class=\"wp-block-image alignright size-full av-align-reset\"><img loading=\"lazy\" decoding=\"async\" width=\"590\" height=\"589\" src=\"https:\/\/alfaview.com\/wp-content\/uploads\/2024\/09\/verwaltung_breakout_room_de.png\" alt=\"Teilnehmerliste des Raums \u00d6ffentlicher Nahverkehr mit Untergruppen. 5 Personen befinden sich im Hauptraum, 4 in Untergruppe Parkraummanagement.\" class=\"wp-image-1340\" srcset=\"https:\/\/alfaview.com\/wp-content\/uploads\/2024\/09\/verwaltung_breakout_room_de.png 590w, https:\/\/alfaview.com\/wp-content\/uploads\/2024\/09\/verwaltung_breakout_room_de-300x300.png 300w, https:\/\/alfaview.com\/wp-content\/uploads\/2024\/09\/verwaltung_breakout_room_de-150x150.png 150w\" sizes=\"auto, (max-width: 590px) 100vw, 590px\" \/><\/figure>\n<\/div>\n<\/div>\n\n\n\n<div class=\"wp-block-columns are-vertically-aligned-center av-r-image-box av-round-box av-mx-xs-0_5 av-mb-xs-2 av-mt-xs-5 column-reverse is-layout-flex wp-container-core-columns-is-layout-0536fa14 wp-block-columns-is-layout-flex\" style=\"margin-top:10rem\">\n<div class=\"wp-block-column is-vertically-aligned-center av-px-xs-2 av-pb-xs-2 av-pt-xs-1 is-layout-flow wp-block-column-is-layout-flow\" style=\"padding-top:4rem;padding-right:4rem;padding-bottom:4rem;padding-left:4rem;flex-basis:49%\">\n<h2 class=\"wp-block-heading\">Intuitiver und einfacher Zugang<\/h2>\n\n\n\n<p>Durch die hohe Bildqualit\u00e4t bleiben Mimik und Gestik der Teilnehmenden auch bei gro\u00dfen Meetings sichtbar. Mit alfaview entsteht daher keine Videokonferenz-Fatigue, denn die Kommunikation im virtuellen Raum unterscheidet sich nicht von der im physischen. Durch das klare Design und benutzerfreundliche Funktionen ist alfaview selbsterkl\u00e4rend und intuitiv\u202fzu bedienen, auch f\u00fcr G\u00e4ste.<\/p>\n\n\n\n<p>alfaview l\u00e4uft auf allen g\u00e4ngigen Plattformen und Betriebssystemen sowie auf mobilen Endger\u00e4ten.<\/p>\n\n\n\n<p class=\"text-link-icon-right\" style=\"font-size:19px\"><a href=\"\/de\/download\">alfaview herunterladen<\/a><\/p>\n<\/div>\n\n\n\n<div class=\"wp-block-column is-vertically-aligned-center is-layout-constrained wp-container-core-column-is-layout-12243e0f wp-block-column-is-layout-constrained\" style=\"flex-basis:51%\">\n<div class=\"wp-block-cover is-light av-cover-px-300\" style=\"min-height:550px;aspect-ratio:unset;\"><img loading=\"lazy\" decoding=\"async\" width=\"1000\" height=\"667\" class=\"wp-block-cover__image-background wp-image-698 size-full\" alt=\"Frau sitzt vor Laptop und befindet sich in einer Videokonferenz.\" src=\"https:\/\/alfaview.com\/wp-content\/uploads\/2024\/08\/Branchen_Verwaltung_download_teaser_device.png\" data-object-fit=\"cover\" srcset=\"https:\/\/alfaview.com\/wp-content\/uploads\/2024\/08\/Branchen_Verwaltung_download_teaser_device.png 1000w, https:\/\/alfaview.com\/wp-content\/uploads\/2024\/08\/Branchen_Verwaltung_download_teaser_device-300x200.png 300w, https:\/\/alfaview.com\/wp-content\/uploads\/2024\/08\/Branchen_Verwaltung_download_teaser_device-768x512.png 768w\" sizes=\"auto, (max-width: 1000px) 100vw, 1000px\" \/><span aria-hidden=\"true\" class=\"wp-block-cover__background has-background-dim-0 has-background-dim\" style=\"background-color:#d0d1d3\"><\/span><div class=\"wp-block-cover__inner-container is-layout-constrained wp-block-cover-is-layout-constrained\">\n<p class=\"has-text-align-center has-large-font-size\"><\/p>\n<\/div><\/div>\n<\/div>\n<\/div>\n\n\n\n<div class=\"wp-block-group av-px-xs-0_5 is-layout-constrained wp-container-core-group-is-layout-ce58fa60 wp-block-group-is-layout-constrained\" style=\"margin-top:6rem;margin-bottom:6rem\">\n<h2 class=\"wp-block-heading has-text-align-center has-roboto-black-font-family\">Maximale Leistung bei maximalem Datenschutz<\/h2>\n\n\n\n<p class=\"has-text-align-center\" style=\"line-height:1.8\">Datenschutz steht bei alfaview an oberster Stelle. Gerade im Beh\u00f6rdenkontext, wenn es um sensible B\u00fcrgerdaten geht, d\u00fcrfen keine Kompromisse in puncto Datenschutz gemacht werden. Auch die personenbezogenen Daten Ihrer Mitarbeiter:innen sind bei alfaview sicher.<\/p>\n\n\n\n<p class=\"has-text-align-center\" style=\"line-height:1.8\">alfaview bietet zahlreiche Features, mit denen Sie den Arbeitsalltag sicher gestalten k\u00f6nnen. Einladungslinks k\u00f6nnen personalisiert und mit einem Start- und Enddatum versehen werden. \u00dcber verschiedene, individuell zuweisbare Berechtigungsgruppen legen Sie fest, wer zu welchen R\u00e4umen Zutritt erh\u00e4lt und welche Berechtigungen die betreffenden Personen innerhalb dieser R\u00e4ume besitzen.<\/p>\n\n\n\n<div class=\"wp-block-buttons is-content-justification-center is-layout-flex wp-container-core-buttons-is-layout-48d0e691 wp-block-buttons-is-layout-flex\" style=\"margin-top:var(--wp--preset--spacing--60);margin-bottom:var(--wp--preset--spacing--60)\">\n<div class=\"wp-block-button is-style-outline is-style-outline--3\"><a class=\"wp-block-button__link wp-element-button\" href=\"\/de\/dataprotection\">Mehr Informationen zum Datenschutz<\/a><\/div>\n<\/div>\n<\/div>\n\n\n\n<div class=\"wp-block-group av-px-xs-0_5 av-my-xs-4 is-layout-constrained wp-container-core-group-is-layout-9383cece wp-block-group-is-layout-constrained\" style=\"margin-top:10rem;margin-bottom:10rem\">\n<h2 class=\"wp-block-heading has-text-align-center has-roboto-black-font-family\">Buchen Sie jetzt Ihre alfaview-R\u00e4ume<\/h2>\n\n\n\n<p class=\"has-text-align-center\">Testen Sie alfaview kostenlos und unverbindlich oder buchen Sie direkt alfaview-R\u00e4ume f\u00fcr Ihre Organisation.<\/p>\n\n\n\n<div class=\"wp-block-buttons is-content-justification-center is-layout-flex wp-container-core-buttons-is-layout-a89b3969 wp-block-buttons-is-layout-flex\">\n<div class=\"wp-block-button is-style-outline is-style-outline--4\"><a class=\"wp-block-button__link wp-element-button\" href=\"\/de\/testrooms\">Jetzt testen<\/a><\/div>\n\n\n\n<div class=\"wp-block-button\"><a class=\"wp-block-button__link wp-element-button\" href=\"\/de\/pricing\/public?q1=0&amp;q2=1\">Buchen<\/a><\/div>\n<\/div>\n<\/div>\n","protected":false},"excerpt":{"rendered":"<p>Von Networking bis B\u00fcrgersprechstunde Mit alfaview f\u00fchren Sie virtuelle oder hybride Veranstaltungen, \u00f6ffentliche Auftritte oder Gemeindeversammlungen durch und<i class=\"icon excerpt-icon icon-ic_arrow_forward_24dp\"><\/i><\/p>\n","protected":false},"author":3,"featured_media":0,"parent":0,"menu_order":0,"comment_status":"closed","ping_status":"closed","template":"","meta":{"footnotes":""},"class_list":["post-35","page","type-page","status-publish","hentry"],"_links":{"self":[{"href":"https:\/\/alfaview.com\/de\/wp-json\/wp\/v2\/pages\/35","targetHints":{"allow":["GET"]}}],"collection":[{"href":"https:\/\/alfaview.com\/de\/wp-json\/wp\/v2\/pages"}],"about":[{"href":"https:\/\/alfaview.com\/de\/wp-json\/wp\/v2\/types\/page"}],"author":[{"embeddable":true,"href":"https:\/\/alfaview.com\/de\/wp-json\/wp\/v2\/users\/3"}],"replies":[{"embeddable":true,"href":"https:\/\/alfaview.com\/de\/wp-json\/wp\/v2\/comments?post=35"}],"version-history":[{"count":104,"href":"https:\/\/alfaview.com\/de\/wp-json\/wp\/v2\/pages\/35\/revisions"}],"predecessor-version":[{"id":9217,"href":"https:\/\/alfaview.com\/de\/wp-json\/wp\/v2\/pages\/35\/revisions\/9217"}],"wp:attachment":[{"href":"https:\/\/alfaview.com\/de\/wp-json\/wp\/v2\/media?parent=35"}],"curies":[{"name":"wp","href":"https:\/\/api.w.org\/{rel}","templated":true}]}}