{"id":3687,"date":"2024-12-10T10:04:58","date_gmt":"2024-12-10T10:04:58","guid":{"rendered":"https:\/\/preview.alfaview.com\/?page_id=3687"},"modified":"2025-07-17T11:09:58","modified_gmt":"2025-07-17T09:09:58","slug":"free-500-special","status":"publish","type":"page","link":"https:\/\/alfaview.com\/de\/pricing\/free-500-special","title":{"rendered":"Free 500 Special"},"content":{"rendered":"\n<div class=\"wp-block-cover alignfull is-light\" style=\"min-height:80vh;aspect-ratio:unset;\"><img loading=\"lazy\" decoding=\"async\" width=\"2560\" height=\"1709\" class=\"wp-block-cover__image-background wp-image-3795\" alt=\"Mann sitzt vor Laptop und l\u00e4chelt.\" src=\"https:\/\/alfaview.com\/wp-content\/uploads\/2024\/12\/free_500_header.jpg\" data-object-fit=\"cover\" srcset=\"https:\/\/alfaview.com\/wp-content\/uploads\/2024\/12\/free_500_header.jpg 2560w, https:\/\/alfaview.com\/wp-content\/uploads\/2024\/12\/free_500_header-300x200.jpg 300w, https:\/\/alfaview.com\/wp-content\/uploads\/2024\/12\/free_500_header-1024x684.jpg 1024w, https:\/\/alfaview.com\/wp-content\/uploads\/2024\/12\/free_500_header-768x513.jpg 768w, https:\/\/alfaview.com\/wp-content\/uploads\/2024\/12\/free_500_header-1536x1025.jpg 1536w, https:\/\/alfaview.com\/wp-content\/uploads\/2024\/12\/free_500_header-2048x1367.jpg 2048w\" sizes=\"auto, (max-width: 2560px) 100vw, 2560px\" \/><span aria-hidden=\"true\" class=\"wp-block-cover__background has-background-dim-0 has-background-dim\" style=\"background-color:#cad1d2\"><\/span><div class=\"wp-block-cover__inner-container is-layout-constrained wp-block-cover-is-layout-constrained\">\n<div class=\"wp-block-columns is-layout-flex wp-container-core-columns-is-layout-680e4b19 wp-block-columns-is-layout-flex\" style=\"margin-top:-100px;padding-right:0;padding-left:0px\">\n<div class=\"wp-block-column is-layout-flow wp-container-core-column-is-layout-583a2c53 wp-block-column-is-layout-flow\" style=\"padding-right:var(--wp--preset--spacing--70);padding-bottom:var(--wp--preset--spacing--80);padding-left:var(--wp--preset--spacing--70)\">\n<div class=\"wp-block-columns is-layout-flex wp-container-core-columns-is-layout-4666c398 wp-block-columns-is-layout-flex\">\n<div class=\"wp-block-column is-layout-flow wp-container-core-column-is-layout-22223934 wp-block-column-is-layout-flow\">\n<h1 class=\"wp-block-heading\" style=\"margin-bottom:-5px\">alfaview Free 500 Special<\/h1>\n\n\n\n<p class=\"has-medium-font-size\"><strong>10 kostenfreie alfaview-R\u00e4ume f\u00fcr 30 Tage.<\/strong><\/p>\n\n\n\n<div style=\"height:5px\" aria-hidden=\"true\" class=\"wp-block-spacer\"><\/div>\n\n\n\n<p>F\u00fcr jeweils 500 Personen gleichzeitig, davon 200 mit Audio und Video.<\/p>\n\n\n\n<div style=\"height:5px\" aria-hidden=\"true\" class=\"wp-block-spacer\"><\/div>\n<\/div>\n<\/div>\n\n\n\n<div class=\"wp-block-columns is-layout-flex wp-container-core-columns-is-layout-28f84493 wp-block-columns-is-layout-flex\">\n<div class=\"wp-block-column is-layout-flow wp-container-core-column-is-layout-c6626a78 wp-block-column-is-layout-flow\">\n<p class=\"has-medium-font-size\"><strong>F\u00fcr Unternehmen, Non-Profit-Organisationen und \u00f6ffentliche Einrichtungen.<\/strong><\/p>\n\n\n\n<div class=\"wp-block-buttons is-layout-flex wp-block-buttons-is-layout-flex\">\n<div class=\"wp-block-button\"><a class=\"wp-block-button__link wp-element-button\" href=\"\/features\">Alle Funktionen<\/a><\/div>\n\n\n\n<div class=\"wp-block-button\"><a class=\"wp-block-button__link wp-element-button\" href=\"https:\/\/app.alfaview.com\/#\/signup?planId=free-business\">Jetzt kostenlos registrieren<\/a><\/div>\n<\/div>\n<\/div>\n<\/div>\n<\/div>\n\n\n\n<div class=\"wp-block-column is-layout-flow wp-block-column-is-layout-flow\">\n<div style=\"height:25px\" aria-hidden=\"true\" class=\"wp-block-spacer\"><\/div>\n<\/div>\n<\/div>\n<\/div><\/div>\n\n\n\n<div class=\"wp-block-columns is-layout-flex wp-container-core-columns-is-layout-c86dfb95 wp-block-columns-is-layout-flex\" style=\"margin-top:-120px;margin-bottom:var(--wp--preset--spacing--80)\">\n<div class=\"wp-block-column is-vertically-aligned-center is-layout-flow wp-block-column-is-layout-flow\" style=\"padding-right:0;padding-left:0;flex-basis:50%\">\n<figure style=\"padding-top:var(--wp--preset--spacing--50);padding-right:var(--wp--preset--spacing--60);padding-bottom:var(--wp--preset--spacing--50);padding-left:var(--wp--preset--spacing--60)\" class=\"wp-block-video\"><video height=\"1080\" style=\"aspect-ratio: 1920 \/ 1080;\" width=\"1920\" controls poster=\"https:\/\/alfaview.com\/wp-content\/uploads\/2024\/12\/teaser_500.png\" src=\"https:\/\/alfaview.com\/wp-content\/uploads\/2024\/07\/alfaview_Gruppengroessen_komp.mp4\"><\/video><\/figure>\n<\/div>\n\n\n\n<div class=\"wp-block-column is-vertically-aligned-bottom is-layout-flow wp-block-column-is-layout-flow\" style=\"padding-bottom:var(--wp--preset--spacing--70);flex-basis:50%\">\n<p class=\"has-roboto-regular-font-family\" style=\"line-height:1.8\"><strong>Das Angebot l\u00e4uft automatisch aus.&nbsp;Wir beraten Sie gerne, wie Sie Ihre alfaview-R\u00e4ume auch nach Ablauf der 30 Tage weiter nutzen k\u00f6nnen.<\/strong><\/p>\n\n\n\n<p class=\"has-roboto-regular-font-family\" style=\"line-height:1.8\"><strong>Der Tarif ist pro Unternehmen\/Organisation einmalig nutzbar.<\/strong><\/p>\n<\/div>\n<\/div>\n\n\n\n<div class=\"wp-block-columns is-layout-flex wp-container-core-columns-is-layout-28f84493 wp-block-columns-is-layout-flex\">\n<div class=\"wp-block-column is-layout-flow wp-block-column-is-layout-flow\">\n<h2 class=\"wp-block-heading has-text-align-center\">Mit alfaview in die digitale Zukunft<\/h2>\n<\/div>\n<\/div>\n\n\n\n<div class=\"wp-block-columns alignfull is-layout-flex wp-container-core-columns-is-layout-72c01b58 wp-block-columns-is-layout-flex\" style=\"padding-right:320px;padding-left:320px\">\n<div class=\"wp-block-column is-layout-flow wp-block-column-is-layout-flow\">\n<div class=\"wp-block-group image-box is-layout-constrained wp-block-group-is-layout-constrained\">\n<figure class=\"wp-block-image size-full\"><a href=\"#\"><img loading=\"lazy\" decoding=\"async\" width=\"600\" height=\"544\" src=\"https:\/\/alfaview.com\/wp-content\/uploads\/2024\/07\/teaser_bildung.png\" alt=\"Studentin sitzt mit Laptop und Headset im Freien und l\u00e4chelt.\" class=\"wp-image-260\" style=\"object-fit:cover\" srcset=\"https:\/\/alfaview.com\/wp-content\/uploads\/2024\/07\/teaser_bildung.png 600w, https:\/\/alfaview.com\/wp-content\/uploads\/2024\/07\/teaser_bildung-300x272.png 300w\" sizes=\"auto, (max-width: 600px) 100vw, 600px\" \/><\/a><\/figure>\n\n\n\n<div class=\"wp-block-group image-box-content is-layout-constrained wp-block-group-is-layout-constrained\">\n<h3 class=\"wp-block-heading has-text-align-center has-roboto-regular-font-family\" style=\"font-size:26px;font-style:normal;font-weight:400\">Mein digitaler Campus<\/h3>\n\n\n\n<p class=\"has-text-align-center has-roboto-regular-font-family\" style=\"font-size:16px\">Hochschulen | Universit\u00e4ten |&nbsp;Schulen | Berufsschulen<\/p>\n<\/div>\n<\/div>\n<\/div>\n\n\n\n<div class=\"wp-block-column is-layout-flow wp-block-column-is-layout-flow\">\n<div class=\"wp-block-group image-box is-layout-constrained wp-block-group-is-layout-constrained\">\n<figure class=\"wp-block-image size-full\"><a href=\"#\"><img loading=\"lazy\" decoding=\"async\" width=\"600\" height=\"544\" src=\"https:\/\/alfaview.com\/wp-content\/uploads\/2024\/07\/teaser_unternehmen.png\" alt=\"Ein Mann sitzt mit Headset vor einem Laptop und gestikuliert mit den H\u00e4nden.\" class=\"wp-image-262\" style=\"object-fit:cover\" srcset=\"https:\/\/alfaview.com\/wp-content\/uploads\/2024\/07\/teaser_unternehmen.png 600w, https:\/\/alfaview.com\/wp-content\/uploads\/2024\/07\/teaser_unternehmen-300x272.png 300w\" sizes=\"auto, (max-width: 600px) 100vw, 600px\" \/><\/a><\/figure>\n\n\n\n<div class=\"wp-block-group image-box-content is-layout-constrained wp-block-group-is-layout-constrained\">\n<h3 class=\"wp-block-heading has-text-align-center has-roboto-regular-font-family\" style=\"font-size:26px;font-style:normal;font-weight:400\">Mein digitales Unternehmen<\/h3>\n\n\n\n<p class=\"has-text-align-center has-roboto-regular-font-family\" style=\"font-size:16px\">Selbstst\u00e4ndige | KMUs | Konzerne<\/p>\n<\/div>\n<\/div>\n<\/div>\n\n\n\n<div class=\"wp-block-column is-layout-flow wp-block-column-is-layout-flow\">\n<div class=\"wp-block-group image-box is-layout-constrained wp-block-group-is-layout-constrained\">\n<figure class=\"wp-block-image size-full\"><a href=\"#\"><img loading=\"lazy\" decoding=\"async\" width=\"600\" height=\"544\" src=\"https:\/\/alfaview.com\/wp-content\/uploads\/2024\/07\/teaser_verwaltung.png\" alt=\"Frau sitzt an einem Laptop und schiebt einen Stapel Akten vom Schreibtisch.\" class=\"wp-image-263\" style=\"object-fit:cover\" srcset=\"https:\/\/alfaview.com\/wp-content\/uploads\/2024\/07\/teaser_verwaltung.png 600w, https:\/\/alfaview.com\/wp-content\/uploads\/2024\/07\/teaser_verwaltung-300x272.png 300w\" sizes=\"auto, (max-width: 600px) 100vw, 600px\" \/><\/a><\/figure>\n\n\n\n<div class=\"wp-block-group image-box-content is-layout-constrained wp-block-group-is-layout-constrained\">\n<h3 class=\"wp-block-heading has-text-align-center has-roboto-regular-font-family\" style=\"font-size:26px;font-style:normal;font-weight:400\">Meine digitale Verwaltung<\/h3>\n\n\n\n<p class=\"has-text-align-center has-roboto-regular-font-family\" style=\"font-size:16px\">St\u00e4dte | Ministerien | Fraktionen | \u00f6ffentliche Einrichtungen<\/p>\n<\/div>\n<\/div>\n<\/div>\n\n\n\n<div class=\"wp-block-column is-layout-flow wp-block-column-is-layout-flow\">\n<div class=\"wp-block-group image-box is-layout-constrained wp-block-group-is-layout-constrained\">\n<figure class=\"wp-block-image size-full\"><a href=\"#\"><img loading=\"lazy\" decoding=\"async\" width=\"600\" height=\"544\" src=\"https:\/\/alfaview.com\/wp-content\/uploads\/2024\/07\/teaser_events.png\" alt=\"gro\u00dfe Videow\u00e4nde mit mehreren hundert Videokonferenzteilnehmenden bei einem Live-Event\" class=\"wp-image-264\" style=\"object-fit:cover\" srcset=\"https:\/\/alfaview.com\/wp-content\/uploads\/2024\/07\/teaser_events.png 600w, https:\/\/alfaview.com\/wp-content\/uploads\/2024\/07\/teaser_events-300x272.png 300w\" sizes=\"auto, (max-width: 600px) 100vw, 600px\" \/><\/a><\/figure>\n\n\n\n<div class=\"wp-block-group image-box-content is-layout-constrained wp-block-group-is-layout-constrained\">\n<h3 class=\"wp-block-heading has-text-align-center has-roboto-regular-font-family\" style=\"font-size:26px;font-style:normal;font-weight:400\">Mein digitales Event<\/h3>\n\n\n\n<p class=\"has-text-align-center has-roboto-regular-font-family\" style=\"font-size:16px\">Veranstaltungen | Kongresse | Messen \u2013 digital oder hybrid<\/p>\n<\/div>\n<\/div>\n<\/div>\n<\/div>\n\n\n\n<div style=\"height:30px\" aria-hidden=\"true\" class=\"wp-block-spacer\"><\/div>\n\n\n\n<div class=\"wp-block-columns is-layout-flex wp-container-core-columns-is-layout-28f84493 wp-block-columns-is-layout-flex\">\n<div class=\"wp-block-column is-layout-flow wp-block-column-is-layout-flow\">\n<div class=\"wp-block-buttons is-content-justification-center is-layout-flex wp-container-core-buttons-is-layout-a89b3969 wp-block-buttons-is-layout-flex\">\n<div class=\"wp-block-button\"><a class=\"wp-block-button__link wp-element-button\" href=\"https:\/\/app.alfaview.com\/#\/signup?planId=free-business\">Jetzt kostenlos registrieren<\/a><\/div>\n<\/div>\n<\/div>\n<\/div>\n\n\n\n<div style=\"height:100px\" aria-hidden=\"true\" class=\"wp-block-spacer\"><\/div>\n","protected":false},"excerpt":{"rendered":"<p>Das Angebot l\u00e4uft automatisch aus.&nbsp;Wir beraten Sie gerne, wie Sie Ihre alfaview-R\u00e4ume auch nach Ablauf der 30 Tage<i class=\"icon excerpt-icon icon-ic_arrow_forward_24dp\"><\/i><\/p>\n","protected":false},"author":2,"featured_media":0,"parent":32,"menu_order":0,"comment_status":"closed","ping_status":"closed","template":"","meta":{"footnotes":""},"class_list":["post-3687","page","type-page","status-publish","hentry"],"_links":{"self":[{"href":"https:\/\/alfaview.com\/de\/wp-json\/wp\/v2\/pages\/3687","targetHints":{"allow":["GET"]}}],"collection":[{"href":"https:\/\/alfaview.com\/de\/wp-json\/wp\/v2\/pages"}],"about":[{"href":"https:\/\/alfaview.com\/de\/wp-json\/wp\/v2\/types\/page"}],"author":[{"embeddable":true,"href":"https:\/\/alfaview.com\/de\/wp-json\/wp\/v2\/users\/2"}],"replies":[{"embeddable":true,"href":"https:\/\/alfaview.com\/de\/wp-json\/wp\/v2\/comments?post=3687"}],"version-history":[{"count":75,"href":"https:\/\/alfaview.com\/de\/wp-json\/wp\/v2\/pages\/3687\/revisions"}],"predecessor-version":[{"id":8443,"href":"https:\/\/alfaview.com\/de\/wp-json\/wp\/v2\/pages\/3687\/revisions\/8443"}],"up":[{"embeddable":true,"href":"https:\/\/alfaview.com\/de\/wp-json\/wp\/v2\/pages\/32"}],"wp:attachment":[{"href":"https:\/\/alfaview.com\/de\/wp-json\/wp\/v2\/media?parent=3687"}],"curies":[{"name":"wp","href":"https:\/\/api.w.org\/{rel}","templated":true}]}}