{"id":37,"date":"2024-07-10T07:27:51","date_gmt":"2024-07-10T07:27:51","guid":{"rendered":"http:\/\/localhost:8000\/?page_id=32"},"modified":"2026-03-16T15:53:42","modified_gmt":"2026-03-16T14:53:42","slug":"mission-statement","status":"publish","type":"page","link":"https:\/\/alfaview.com\/de\/mission-statement","title":{"rendered":"Leitbild"},"content":{"rendered":"\n<div class=\"wp-block-group av-px-xs-0_5 av-my-xs-3 is-layout-constrained wp-block-group-is-layout-constrained\" style=\"margin-top:6rem;margin-bottom:6rem\">\n<h1 class=\"wp-block-heading has-text-align-center has-roboto-black-font-family\" style=\"font-size:1.75rem\">Unser&nbsp;<mark style=\"background-color:rgba(0, 0, 0, 0)\" class=\"has-inline-color has-av-blue-color\">Leitbild<\/mark> \u2013 unsere&nbsp;<mark style=\"background-color:rgba(0, 0, 0, 0)\" class=\"has-inline-color has-av-blue-color\">Werte<\/mark> \u2013 unser&nbsp;<mark style=\"background-color:rgba(0, 0, 0, 0)\" class=\"has-inline-color has-av-blue-color\">Unternehmen<\/mark><\/h1>\n<\/div>\n\n\n\n<div class=\"wp-block-group av-mx-xs-0_5 av-m is-layout-grid wp-container-core-group-is-layout-26295aa8 wp-block-group-is-layout-grid\" style=\"margin-top:3rem;margin-bottom:10rem\">\n<div class=\"wp-block-group features is-vertical is-content-justification-center is-layout-flex wp-container-core-group-is-layout-ce155fab wp-block-group-is-layout-flex\">\n<div class=\"wp-block-alfaview-icon-button av-button-main-menu av-button-blue\"><i class=\"icon icon-ic_group_24dp\"><\/i><\/div>\n\n\n\n<h2 class=\"wp-block-heading has-text-align-center has-medium-font-size\">Werte<\/h2>\n\n\n\n<p class=\"has-text-align-center\">alfaview steht f\u00fcr eine barrierefreie, demokratische und emanzipative Kommunikation, die Distanzen \u00fcberwindet \u2013 im w\u00f6rtlichen wie im \u00fcbertragenen Sinne: Sprachbarrieren, r\u00e4umliche Entfernungen und Einschr\u00e4nkungen durch Handicaps verlieren an Bedeutung, da unsere Videokonferenzsoftware eine inklusive und intuitive M\u00f6glichkeit der Kommunikation bietet.<\/p>\n<\/div>\n\n\n\n<div class=\"wp-block-group features is-vertical is-content-justification-center is-layout-flex wp-container-core-group-is-layout-ce155fab wp-block-group-is-layout-flex\">\n<div class=\"wp-block-alfaview-icon-button av-button-main-menu av-button-blue\"><i class=\"icon icon-ic_radio_button_checked_24dp\"><\/i><\/div>\n\n\n\n<h2 class=\"wp-block-heading has-text-align-center has-medium-font-size\">Mission<\/h2>\n\n\n\n<p class=\"has-text-align-center\">Wir sind \u00fcberzeugt, dass wir in der digitalen Kommunikation keine Kompromisse in Bezug auf den Datenschutz eingehen d\u00fcrfen \u2013 unsere Standards erf\u00fcllen deshalb nicht nur die Anforderungen der DSGVO, sondern \u00fcbertreffen diese sogar. Unsere ISO 27001-Zertifizierung best\u00e4tigt unseren verantwortungsvollen Umgang mit Informationen und die hohe Sicherheit und Qualit\u00e4t unserer Gesch\u00e4ftsprozesse.<\/p>\n<\/div>\n\n\n\n<div class=\"wp-block-group features is-vertical is-content-justification-center is-layout-flex wp-container-core-group-is-layout-ce155fab wp-block-group-is-layout-flex\">\n<div class=\"wp-block-alfaview-icon-button av-button-main-menu av-button-blue\"><i class=\"icon icon-ic_business_24dp\"><\/i><\/div>\n\n\n\n<h2 class=\"wp-block-heading has-text-align-center has-medium-font-size\">Unternehmen<\/h2>\n\n\n\n<p class=\"has-text-align-center\">Unser Unternehmen hat seinen Sitz in Karlsruhe, Deutschland, unsere Entwickler:innen arbeiten deutschland- und europaweit gemeinsam in alfaview an alfaview. Mit unseren innovativen Entwicklungen tragen wir aktiv zur digitalen Souver\u00e4nit\u00e4t Europas bei und f\u00f6rdern neue digitale und hybride Arbeitsweisen: alfaview als virtuelle Betriebsst\u00e4tte erm\u00f6glicht uns eine kollegiale Zusammenarbeit und flexible Arbeitsweisen, sowohl im Home-Office als auch vor Ort im B\u00fcro. Gesch\u00e4ftsreisen und lange Pendelwege werden \u00fcberfl\u00fcssig \u2013 so sparen wir nicht nur wertvolle Lebenszeit, sondern schonen auch das Klima.<\/p>\n<\/div>\n\n\n\n<div class=\"wp-block-group features is-vertical is-content-justification-center is-layout-flex wp-container-core-group-is-layout-ce155fab wp-block-group-is-layout-flex\">\n<div class=\"wp-block-alfaview-icon-button av-button-main-menu av-button-blue\"><i class=\"icon icon-ic_visibility_24dp\"><\/i><\/div>\n\n\n\n<h2 class=\"wp-block-heading has-text-align-center has-medium-font-size\">Vision<\/h2>\n\n\n\n<p class=\"has-text-align-center\">Wir glauben an eine gleichberechtigte und produktive Kommunikation als Grundlage f\u00fcr eine erfolgreiche und friedliche weitere Entwicklung der Gesellschaft. Diese \u00dcberzeugung motiviert uns, jeden Tag weiter daran zu arbeiten, Kommunikation auch \u00fcber die Distanz intuitiv, stabil, inklusiv und sicher zu gestalten.<\/p>\n<\/div>\n\n\n\n<div class=\"wp-block-group features is-vertical is-content-justification-center is-layout-flex wp-container-core-group-is-layout-ce155fab wp-block-group-is-layout-flex\">\n<div class=\"wp-block-alfaview-icon-button av-button-main-menu av-button-blue\"><i class=\"icon icon-ic_security_24dp\"><\/i><\/div>\n\n\n\n<h2 class=\"wp-block-heading has-text-align-center has-medium-font-size\">Sicherheit<\/h2>\n\n\n\n<p class=\"has-text-align-center\">Informationssicherheit ist kein Zusatz, sondern die Grundlage f\u00fcr Zuverl\u00e4ssigkeit, Vertrauen und nachhaltigen Erfolg. Wir begreifen Informationssicherheit als zentralen Bestandteil unseres Kundenservices. Sie sch\u00fctzt die Vertraulichkeit sensibler Daten und sichert die kontinuierliche Verf\u00fcgbarkeit unserer Systeme \u2013 Tag f\u00fcr Tag. Besonderes Augenmerk legen wir auf den Schutz personenbezogener Daten sowie auf die stabile, ausfallsichere Nutzung unserer Softwarel\u00f6sungen.<\/p>\n<\/div>\n<\/div>\n","protected":false},"excerpt":{"rendered":"<p>Unser&nbsp;Leitbild \u2013 unsere&nbsp;Werte \u2013 unser&nbsp;Unternehmen Werte alfaview steht f\u00fcr eine barrierefreie, demokratische und emanzipative Kommunikation, die Distanzen \u00fcberwindet<i class=\"icon excerpt-icon icon-ic_arrow_forward_24dp\"><\/i><\/p>\n","protected":false},"author":2,"featured_media":0,"parent":0,"menu_order":0,"comment_status":"closed","ping_status":"closed","template":"","meta":{"footnotes":""},"class_list":["post-37","page","type-page","status-publish","hentry"],"_links":{"self":[{"href":"https:\/\/alfaview.com\/de\/wp-json\/wp\/v2\/pages\/37","targetHints":{"allow":["GET"]}}],"collection":[{"href":"https:\/\/alfaview.com\/de\/wp-json\/wp\/v2\/pages"}],"about":[{"href":"https:\/\/alfaview.com\/de\/wp-json\/wp\/v2\/types\/page"}],"author":[{"embeddable":true,"href":"https:\/\/alfaview.com\/de\/wp-json\/wp\/v2\/users\/2"}],"replies":[{"embeddable":true,"href":"https:\/\/alfaview.com\/de\/wp-json\/wp\/v2\/comments?post=37"}],"version-history":[{"count":25,"href":"https:\/\/alfaview.com\/de\/wp-json\/wp\/v2\/pages\/37\/revisions"}],"predecessor-version":[{"id":8509,"href":"https:\/\/alfaview.com\/de\/wp-json\/wp\/v2\/pages\/37\/revisions\/8509"}],"wp:attachment":[{"href":"https:\/\/alfaview.com\/de\/wp-json\/wp\/v2\/media?parent=37"}],"curies":[{"name":"wp","href":"https:\/\/api.w.org\/{rel}","templated":true}]}}