{"id":38,"date":"2024-07-10T07:28:11","date_gmt":"2024-07-10T07:28:11","guid":{"rendered":"http:\/\/localhost:8000\/?page_id=34"},"modified":"2026-04-07T12:07:53","modified_gmt":"2026-04-07T10:07:53","slug":"alfaview-team","status":"publish","type":"page","link":"https:\/\/alfaview.com\/de\/alfaview-team","title":{"rendered":"Team"},"content":{"rendered":"\n<div class=\"wp-block-group av-px-xs-0_5 av-mt-xs-3 av-mb-xs-0 is-layout-constrained wp-block-group-is-layout-constrained\" style=\"margin-top:10rem;margin-bottom:6rem\">\n<h1 class=\"wp-block-heading has-roboto-black-font-family\">alfaview-Team<\/h1>\n\n\n\n<div class=\"wp-block-columns is-layout-flex wp-container-core-columns-is-layout-f5a44f5b wp-block-columns-is-layout-flex\">\n<div class=\"wp-block-column is-layout-flow wp-block-column-is-layout-flow\" style=\"flex-basis:60%\">\n<p class=\"has-roboto-regular-font-family\" style=\"line-height:1.8\">alfaview ist unsere&nbsp;virtuelle Betriebsst\u00e4tte und erm\u00f6glicht eine kollegiale Zusammenarbeit und flexible Arbeitsweise, sowohl im Home-Office als auch vor Ort im B\u00fcro. Die virtuelle N\u00e4he zu den Kolleginnen und Kollegen deutschlandweit ist dabei ein riesiger Vorteil. Mit mehr als zehn Jahren Erfahrung im virtuellen B\u00fcro bietet Ihnen das alfaview-Team die bestm\u00f6gliche Beratung.<\/p>\n\n\n\n<p class=\"has-roboto-regular-font-family\" style=\"line-height:1.8\">Unsere Kolleginnen und Kollegen arbeiten gemeinschaftlich und auf der Basis flacher Hierarchien zusammen und leben durch den aktiven Einsatz des Videokonferenzsystems alfaview eine transparente, kommunikative und offene Unternehmenskultur. Wir legen viel Wert darauf, abteilungs\u00fcbergreifend an unseren eigenen Produkten zu arbeiten und Ziele gemeinsam zu erreichen.<\/p>\n<\/div>\n\n\n\n<div class=\"wp-block-column is-layout-flow wp-block-column-is-layout-flow\">\n<h2 class=\"wp-block-heading has-roboto-regular-font-family has-medium-font-size\">Nehmen Sie gerne Kontakt mit uns auf:<\/h2>\n\n\n\n<div class=\"wp-block-group is-nowrap is-layout-flex wp-container-core-group-is-layout-6c531013 wp-block-group-is-layout-flex\">\n<div class=\"wp-block-alfaview-icon-button av-button-main-menu av-button-grey\"><i class=\"icon icon-ic_laptop_24dp\"><\/i><\/div>\n\n\n\n<p style=\"font-size:22px\"><a href=\"https:\/\/alfaview.com\/de\/contact\/\" data-type=\"page\" data-id=\"2073\">Kontaktformular<\/a><\/p>\n<\/div>\n\n\n\n<div class=\"wp-block-group is-nowrap is-layout-flex wp-container-core-group-is-layout-6c531013 wp-block-group-is-layout-flex\">\n<div class=\"wp-block-alfaview-icon-button av-button-main-menu av-button-grey\"><i class=\"icon icon-ic_mail_24dp\"><\/i><\/div>\n\n\n\n<p style=\"font-size:22px\"><a href=\"mailto:info@alfaview.com\">info@alfaview.com<\/a><\/p>\n<\/div>\n\n\n\n<div class=\"wp-block-group is-nowrap is-layout-flex wp-container-core-group-is-layout-6c531013 wp-block-group-is-layout-flex\">\n<div class=\"wp-block-alfaview-icon-button av-button-main-menu av-button-grey\"><i class=\"icon icon-ic_phone_24dp\"><\/i><\/div>\n\n\n\n<p style=\"font-size:22px\">0721 35450-450<\/p>\n<\/div>\n<\/div>\n<\/div>\n<\/div>\n\n\n\n<div class=\"wp-block-columns av-mx-xs-0_5 av-mt-xs-4 av-mb-xs-0 is-layout-flex wp-container-core-columns-is-layout-fdbee368 wp-block-columns-is-layout-flex\" style=\"margin-top:7rem\">\n<div class=\"wp-block-column team-single is-layout-flow wp-container-core-column-is-layout-47e5a185 wp-block-column-is-layout-flow\">\n<figure class=\"wp-block-image size-full is-resized has-custom-border av-img-br-24\"><a href=\"https:\/\/alfaview.com\/de\/alfaview-team\/ceo\"><img loading=\"lazy\" decoding=\"async\" width=\"1200\" height=\"755\" src=\"https:\/\/alfaview.com\/wp-content\/uploads\/2024\/08\/Fostiropoulos.jpg\" alt=\"Gr\u00fcnder und Gesch\u00e4ftsf\u00fchrer Niko Fostiropoulos\" class=\"wp-image-714\" style=\"border-top-left-radius:6px;border-top-right-radius:6px;border-bottom-left-radius:6px;border-bottom-right-radius:6px;width:440px;height:auto\" srcset=\"https:\/\/alfaview.com\/wp-content\/uploads\/2024\/08\/Fostiropoulos.jpg 1200w, https:\/\/alfaview.com\/wp-content\/uploads\/2024\/08\/Fostiropoulos-300x189.jpg 300w, https:\/\/alfaview.com\/wp-content\/uploads\/2024\/08\/Fostiropoulos-1024x644.jpg 1024w, https:\/\/alfaview.com\/wp-content\/uploads\/2024\/08\/Fostiropoulos-768x483.jpg 768w\" sizes=\"auto, (max-width: 1200px) 100vw, 1200px\" \/><\/a><\/figure>\n\n\n\n<div class=\"wp-block-group team-content has-horizon-background-color has-background is-layout-constrained wp-block-group-is-layout-constrained\" style=\"border-bottom-left-radius:6px;border-bottom-right-radius:6px\">\n<h5 class=\"wp-block-heading has-text-align-center has-white-color has-text-color has-link-color has-roboto-medium-font-family wp-elements-499f40381be682cfe6bf55fdb691216a\" style=\"margin-top:0px;margin-bottom:0px;padding-top:0px;padding-bottom:0px;font-size:20px\">Niko Fostiropoulos<\/h5>\n\n\n\n<p class=\"has-text-align-center has-white-color has-text-color has-link-color wp-elements-4376f80f368e758d2df869bd1521955f\" style=\"margin-top:0px;margin-bottom:0px;padding-top:5px;padding-bottom:0px;font-size:1em\">Gr\u00fcnder &amp; Gesch\u00e4ftsf\u00fchrer<\/p>\n<\/div>\n<\/div>\n\n\n\n<div class=\"wp-block-column team-single is-layout-flow wp-container-core-column-is-layout-47e5a185 wp-block-column-is-layout-flow\">\n<figure class=\"wp-block-image size-full is-resized has-custom-border av-img-br-24\"><img loading=\"lazy\" decoding=\"async\" width=\"1200\" height=\"755\" src=\"https:\/\/alfaview.com\/wp-content\/uploads\/2024\/08\/Rudi.jpg\" alt=\"Mitarbeiterin der Abteilung Beratung und Vertrieb Kerstin Rudi\" class=\"wp-image-719\" style=\"border-radius:6px;width:440px;height:auto\" srcset=\"https:\/\/alfaview.com\/wp-content\/uploads\/2024\/08\/Rudi.jpg 1200w, https:\/\/alfaview.com\/wp-content\/uploads\/2024\/08\/Rudi-300x189.jpg 300w, https:\/\/alfaview.com\/wp-content\/uploads\/2024\/08\/Rudi-1024x644.jpg 1024w, https:\/\/alfaview.com\/wp-content\/uploads\/2024\/08\/Rudi-768x483.jpg 768w\" sizes=\"auto, (max-width: 1200px) 100vw, 1200px\" \/><\/figure>\n\n\n\n<div class=\"wp-block-group team-content has-horizon-background-color has-background is-layout-constrained wp-block-group-is-layout-constrained\" style=\"border-bottom-left-radius:6px;border-bottom-right-radius:6px\">\n<h5 class=\"wp-block-heading has-text-align-center has-white-color has-text-color has-link-color has-roboto-medium-font-family wp-elements-d89830654041798adcad9e82f5aec547\" style=\"margin-top:0px;margin-bottom:0px;padding-top:0px;padding-bottom:0px;font-size:22px\">Kerstin Rudi<\/h5>\n\n\n\n<p class=\"has-text-align-center has-white-color has-text-color has-link-color wp-elements-94bdb4920a76d6c043efc64f7e973227\" style=\"margin-top:0px;margin-bottom:0px;padding-top:5px;padding-bottom:0px;font-size:1em\">Beratung &amp; Vertrieb<\/p>\n<\/div>\n<\/div>\n\n\n\n<div class=\"wp-block-column team-single is-layout-flow wp-container-core-column-is-layout-47e5a185 wp-block-column-is-layout-flow\">\n<figure class=\"wp-block-image size-full is-resized has-custom-border av-img-br-24\"><img loading=\"lazy\" decoding=\"async\" width=\"1200\" height=\"755\" src=\"https:\/\/alfaview.com\/wp-content\/uploads\/2024\/08\/Kremerskothen.jpg\" alt=\"Mitarbeiterin der Abteilung Beratung und Vertrieb Sarah Schmieg\" class=\"wp-image-723\" style=\"border-radius:6px;width:440px;height:auto\" srcset=\"https:\/\/alfaview.com\/wp-content\/uploads\/2024\/08\/Kremerskothen.jpg 1200w, https:\/\/alfaview.com\/wp-content\/uploads\/2024\/08\/Kremerskothen-300x189.jpg 300w, https:\/\/alfaview.com\/wp-content\/uploads\/2024\/08\/Kremerskothen-1024x644.jpg 1024w, https:\/\/alfaview.com\/wp-content\/uploads\/2024\/08\/Kremerskothen-768x483.jpg 768w\" sizes=\"auto, (max-width: 1200px) 100vw, 1200px\" \/><\/figure>\n\n\n\n<div class=\"wp-block-group team-content has-horizon-background-color has-background is-layout-constrained wp-block-group-is-layout-constrained\" style=\"border-bottom-left-radius:6px;border-bottom-right-radius:6px\">\n<h5 class=\"wp-block-heading has-text-align-center has-white-color has-text-color has-link-color has-roboto-medium-font-family wp-elements-e13724211aa1dceceae2eae119c9b124\" style=\"margin-top:0px;margin-bottom:0px;padding-top:0px;padding-bottom:0px;font-size:22px\">Sarah Schmieg<\/h5>\n\n\n\n<p class=\"has-text-align-center has-white-color has-text-color has-link-color wp-elements-94bdb4920a76d6c043efc64f7e973227\" style=\"margin-top:0px;margin-bottom:0px;padding-top:5px;padding-bottom:0px;font-size:1em\">Beratung &amp; Vertrieb<\/p>\n<\/div>\n<\/div>\n<\/div>\n\n\n\n<div class=\"wp-block-columns av-mx-xs-0_5 av-mt-xs-4 av-mb-xs-5 is-layout-flex wp-container-core-columns-is-layout-aa20d0ee wp-block-columns-is-layout-flex\" style=\"margin-bottom:10rem\">\n<div class=\"wp-block-column team-single is-layout-flow wp-container-core-column-is-layout-47e5a185 wp-block-column-is-layout-flow\" style=\"flex-basis:416px\">\n<figure class=\"wp-block-image size-full is-resized has-custom-border av-img-br-24\"><img loading=\"lazy\" decoding=\"async\" width=\"1200\" height=\"755\" src=\"https:\/\/alfaview.com\/wp-content\/uploads\/2024\/08\/Pohl.jpg\" alt=\"Mitarbeiter der Abteilung Beratung und Vertrieb Michael Pohl\" class=\"wp-image-722\" style=\"border-radius:6px;width:440px;height:auto\" srcset=\"https:\/\/alfaview.com\/wp-content\/uploads\/2024\/08\/Pohl.jpg 1200w, https:\/\/alfaview.com\/wp-content\/uploads\/2024\/08\/Pohl-300x189.jpg 300w, https:\/\/alfaview.com\/wp-content\/uploads\/2024\/08\/Pohl-1024x644.jpg 1024w, https:\/\/alfaview.com\/wp-content\/uploads\/2024\/08\/Pohl-768x483.jpg 768w\" sizes=\"auto, (max-width: 1200px) 100vw, 1200px\" \/><\/figure>\n\n\n\n<div class=\"wp-block-group team-content has-horizon-background-color has-background is-layout-constrained wp-block-group-is-layout-constrained\" style=\"border-bottom-left-radius:6px;border-bottom-right-radius:6px\">\n<h5 class=\"wp-block-heading has-text-align-center has-white-color has-text-color has-link-color has-roboto-medium-font-family wp-elements-bbd16e846ef0814174509255c39a9bdd\" style=\"margin-top:0px;margin-bottom:0px;padding-top:0px;padding-bottom:0px;font-size:22px\">Michael Pohl<\/h5>\n\n\n\n<p class=\"has-text-align-center has-white-color has-text-color has-link-color wp-elements-94bdb4920a76d6c043efc64f7e973227\" style=\"margin-top:0px;margin-bottom:0px;padding-top:5px;padding-bottom:0px;font-size:1em\">Beratung &amp; Vertrieb<\/p>\n<\/div>\n<\/div>\n\n\n\n<div class=\"wp-block-column team-single is-layout-flow wp-container-core-column-is-layout-47e5a185 wp-block-column-is-layout-flow\" style=\"flex-basis:416px\">\n<figure class=\"wp-block-image size-full is-resized has-custom-border av-img-br-24\"><img loading=\"lazy\" decoding=\"async\" width=\"1200\" height=\"755\" src=\"https:\/\/alfaview.com\/wp-content\/uploads\/2024\/08\/Siegmund.jpg\" alt=\"Mitarbeiterin der Abteilung Beratung und Vertrieb Kathrin Klein\" class=\"wp-image-724\" style=\"border-top-left-radius:6px;border-top-right-radius:6px;border-bottom-left-radius:6px;border-bottom-right-radius:6px;width:440px;height:auto\" srcset=\"https:\/\/alfaview.com\/wp-content\/uploads\/2024\/08\/Siegmund.jpg 1200w, https:\/\/alfaview.com\/wp-content\/uploads\/2024\/08\/Siegmund-300x189.jpg 300w, https:\/\/alfaview.com\/wp-content\/uploads\/2024\/08\/Siegmund-1024x644.jpg 1024w, https:\/\/alfaview.com\/wp-content\/uploads\/2024\/08\/Siegmund-768x483.jpg 768w\" sizes=\"auto, (max-width: 1200px) 100vw, 1200px\" \/><\/figure>\n\n\n\n<div class=\"wp-block-group team-content has-horizon-background-color has-background is-layout-constrained wp-block-group-is-layout-constrained\" style=\"border-bottom-left-radius:6px;border-bottom-right-radius:6px\">\n<h5 class=\"wp-block-heading has-text-align-center has-white-color has-text-color has-link-color has-roboto-medium-font-family wp-elements-e7d2deed3071f20fc7b7543879e78f58\" style=\"margin-top:0px;margin-bottom:0px;padding-top:0px;padding-bottom:0px;font-size:20px\">Kathrin Klein<\/h5>\n\n\n\n<p class=\"has-text-align-center has-white-color has-text-color has-link-color wp-elements-c582f3b61206410fbe0d72a72e0447a5\" style=\"margin-top:0px;margin-bottom:0px;padding-top:5px;padding-bottom:0px;font-size:1em\">Beratung &amp; Vertrieb<\/p>\n<\/div>\n<\/div>\n<\/div>\n","protected":false},"excerpt":{"rendered":"<p>alfaview-Team alfaview ist unsere&nbsp;virtuelle Betriebsst\u00e4tte und erm\u00f6glicht eine kollegiale Zusammenarbeit und flexible Arbeitsweise, sowohl im Home-Office als auch<i class=\"icon excerpt-icon icon-ic_arrow_forward_24dp\"><\/i><\/p>\n","protected":false},"author":2,"featured_media":0,"parent":0,"menu_order":0,"comment_status":"closed","ping_status":"closed","template":"","meta":{"footnotes":""},"class_list":["post-38","page","type-page","status-publish","hentry"],"_links":{"self":[{"href":"https:\/\/alfaview.com\/de\/wp-json\/wp\/v2\/pages\/38","targetHints":{"allow":["GET"]}}],"collection":[{"href":"https:\/\/alfaview.com\/de\/wp-json\/wp\/v2\/pages"}],"about":[{"href":"https:\/\/alfaview.com\/de\/wp-json\/wp\/v2\/types\/page"}],"author":[{"embeddable":true,"href":"https:\/\/alfaview.com\/de\/wp-json\/wp\/v2\/users\/2"}],"replies":[{"embeddable":true,"href":"https:\/\/alfaview.com\/de\/wp-json\/wp\/v2\/comments?post=38"}],"version-history":[{"count":32,"href":"https:\/\/alfaview.com\/de\/wp-json\/wp\/v2\/pages\/38\/revisions"}],"predecessor-version":[{"id":10833,"href":"https:\/\/alfaview.com\/de\/wp-json\/wp\/v2\/pages\/38\/revisions\/10833"}],"wp:attachment":[{"href":"https:\/\/alfaview.com\/de\/wp-json\/wp\/v2\/media?parent=38"}],"curies":[{"name":"wp","href":"https:\/\/api.w.org\/{rel}","templated":true}]}}