{"id":41,"date":"2024-07-10T07:29:05","date_gmt":"2024-07-10T07:29:05","guid":{"rendered":"http:\/\/localhost:8000\/?page_id=40"},"modified":"2026-03-16T15:07:02","modified_gmt":"2026-03-16T14:07:02","slug":"jobs","status":"publish","type":"page","link":"https:\/\/alfaview.com\/de\/jobs","title":{"rendered":"Jobs"},"content":{"rendered":"\n<div class=\"wp-block-cover alignfull is-light av-cover-vh-35\" style=\"min-height:55vh;aspect-ratio:unset;\"><img loading=\"lazy\" decoding=\"async\" width=\"1000\" height=\"371\" class=\"wp-block-cover__image-background wp-image-6293\" alt=\"Gruppe von Teilnehmern, die stehen und miteinander sprechen.\" src=\"https:\/\/alfaview.com\/wp-content\/uploads\/2025\/03\/shutterstock_2167214031.jpg\" data-object-fit=\"cover\" srcset=\"https:\/\/alfaview.com\/wp-content\/uploads\/2025\/03\/shutterstock_2167214031.jpg 1000w, https:\/\/alfaview.com\/wp-content\/uploads\/2025\/03\/shutterstock_2167214031-300x111.jpg 300w, https:\/\/alfaview.com\/wp-content\/uploads\/2025\/03\/shutterstock_2167214031-768x285.jpg 768w\" sizes=\"auto, (max-width: 1000px) 100vw, 1000px\" \/><span aria-hidden=\"true\" class=\"wp-block-cover__background has-background-dim-0 has-background-dim\" style=\"background-color:#cad1d2\"><\/span><div class=\"wp-block-cover__inner-container is-layout-constrained wp-block-cover-is-layout-constrained\">\n<div class=\"wp-block-columns is-layout-flex wp-container-core-columns-is-layout-28f84493 wp-block-columns-is-layout-flex\">\n<div class=\"wp-block-column is-layout-flow wp-block-column-is-layout-flow\"><\/div>\n<\/div>\n<\/div><\/div>\n\n\n\n<div class=\"wp-block-group av-px-xs-0_5 av-mt-xs-3 av-mb-xs-0 is-layout-constrained wp-block-group-is-layout-constrained\" style=\"margin-top:4rem;margin-bottom:7rem\">\n<h1 class=\"wp-block-heading\">Aktuelle Stellenangebote<\/h1>\n\n\n\n<div class=\"wp-block-columns is-layout-flex wp-container-core-columns-is-layout-14cf5ab5 wp-block-columns-is-layout-flex\">\n<div class=\"wp-block-column is-layout-flow wp-block-column-is-layout-flow\">\n<p><a href=\"https:\/\/jobs.alfatraining.de\/jobposting\/f1130971ce952fa3c346f6d6f14de2f8c84807040?ref=homepage\" target=\"_blank\" rel=\"noopener\">Informationssicherheitsbeauftragter (ISB) (w\/m\/d)<\/a><\/p>\n\n\n\n<p><a href=\"https:\/\/jobs.alfatraining.de\/jobposting\/c039c90cc44e22f66b145c3183115e8f8975d7d60?ref=homepage\" target=\"_blank\" rel=\"noopener\">Sales Manager (w\/m\/d) SaaS \u2013 Videokonferenzplattform alfaview<\/a><\/p>\n<\/div>\n<\/div>\n<\/div>\n\n\n\n<div class=\"wp-block-columns av-px-xs-0_5 av-mt-xs-3 av-mb-xs-7 is-layout-flex wp-container-core-columns-is-layout-d18f4b70 wp-block-columns-is-layout-flex\" style=\"margin-top:7rem;margin-bottom:15rem\">\n<div class=\"wp-block-column is-layout-flow wp-block-column-is-layout-flow\" style=\"flex-basis:66.66%\">\n<h2 class=\"wp-block-heading\">Das Unternehmen<\/h2>\n\n\n\n<p class=\"has-text-align-left\">Die alfaview gmbh ist ein Unternehmen der alfa-Gruppe. Als Vorreiter bei der Entwicklung von DSGVO-konformen Videokonferenzsystemen arbeiten wir kontinuierlich an der Verbesserung der digitalen Kommunikation. Gemeinsam mit unseren Partnern <a href=\"https:\/\/www.eml.org\/\" target=\"_blank\" rel=\"noopener\">EML<\/a> und <a href=\"https:\/\/semanux.com\/\" target=\"_blank\" rel=\"noopener\">Semanux<\/a> leisten wir einen aktiven Beitrag zur barrierefreien Kommunikation und digitalen Souver\u00e4nit\u00e4t Europas. Wir legen viel Wert darauf, zukunftsorientiert und abteilungs\u00fcbergreifend zu arbeiten und Ziele gemeinsam in unserem internationalen Team zu erreichen.<\/p>\n\n\n\n<p class=\"has-text-align-left\">Haben wir dein Interesse geweckt? Wir sind weiterhin auf Expansionskurs und suchen daher engagierte Kolleginnen und Kollegen! Klick dich durch unsere Stellenangebote. Wir freuen uns auf deine Online-Bewerbung.<\/p>\n<\/div>\n\n\n\n<div class=\"wp-block-column is-layout-flow wp-block-column-is-layout-flow\" style=\"flex-basis:33.33%\">\n<h2 class=\"wp-block-heading\">Kontakt<\/h2>\n\n\n\n<p class=\"has-text-align-left\">Wenn du weitere Fragen zu unseren Stellenangeboten hast, wende dich bitte an unsere Personalabteilung:&nbsp;<a href=\"mailto:jobs@alfaview.com\">jobs@alfaview.com<\/a><\/p>\n<\/div>\n<\/div>\n","protected":false},"excerpt":{"rendered":"<p>Aktuelle Stellenangebote Informationssicherheitsbeauftragter (ISB) (w\/m\/d) Sales Manager (w\/m\/d) SaaS \u2013 Videokonferenzplattform alfaview Das Unternehmen Die alfaview gmbh ist<i class=\"icon excerpt-icon icon-ic_arrow_forward_24dp\"><\/i><\/p>\n","protected":false},"author":2,"featured_media":0,"parent":0,"menu_order":0,"comment_status":"closed","ping_status":"closed","template":"","meta":{"footnotes":""},"class_list":["post-41","page","type-page","status-publish","hentry"],"_links":{"self":[{"href":"https:\/\/alfaview.com\/de\/wp-json\/wp\/v2\/pages\/41","targetHints":{"allow":["GET"]}}],"collection":[{"href":"https:\/\/alfaview.com\/de\/wp-json\/wp\/v2\/pages"}],"about":[{"href":"https:\/\/alfaview.com\/de\/wp-json\/wp\/v2\/types\/page"}],"author":[{"embeddable":true,"href":"https:\/\/alfaview.com\/de\/wp-json\/wp\/v2\/users\/2"}],"replies":[{"embeddable":true,"href":"https:\/\/alfaview.com\/de\/wp-json\/wp\/v2\/comments?post=41"}],"version-history":[{"count":102,"href":"https:\/\/alfaview.com\/de\/wp-json\/wp\/v2\/pages\/41\/revisions"}],"predecessor-version":[{"id":9618,"href":"https:\/\/alfaview.com\/de\/wp-json\/wp\/v2\/pages\/41\/revisions\/9618"}],"wp:attachment":[{"href":"https:\/\/alfaview.com\/de\/wp-json\/wp\/v2\/media?parent=41"}],"curies":[{"name":"wp","href":"https:\/\/api.w.org\/{rel}","templated":true}]}}