{"id":7170,"date":"2025-06-27T07:42:38","date_gmt":"2025-06-27T07:42:38","guid":{"rendered":"https:\/\/alfaview.com\/?page_id=7170"},"modified":"2026-03-19T11:08:56","modified_gmt":"2026-03-19T10:08:56","slug":"accessibility-note","status":"publish","type":"page","link":"https:\/\/alfaview.com\/de\/accessibility-note","title":{"rendered":"Informationen zur Barrierefreiheit"},"content":{"rendered":"\n<h1 class=\"wp-block-heading\"><strong>Informationen zur Barrierefreiheit<\/strong><\/h1>\n\n\n\n<div style=\"height:50px\" aria-hidden=\"true\" class=\"wp-block-spacer\"><\/div>\n\n\n\n<h2 class=\"wp-block-heading\">Informationen zur Barrierefreiheit f\u00fcr die alfaview-Website<\/h2>\n\n\n\n<div style=\"height:50px\" aria-hidden=\"true\" class=\"wp-block-spacer\"><\/div>\n\n\n\n<h3 class=\"wp-block-heading\"><strong>Allgemeine Beschreibung:<\/strong><\/h3>\n\n\n\n<p>alfaview ist ein Videokonferenzsystem f\u00fcr virtuelle Zusammenarbeit, das sich insbesondere an mittlere und gro\u00dfe Unternehmen, Bildungseinrichtungen und Beh\u00f6rden richtet. Unsere Software basiert auf einem innovativen Raumkonzept und erm\u00f6glicht effiziente, datenschutzkonforme audiovisuelle Kommunikation im digitalen Raum.<\/p>\n\n\n\n<h3 class=\"wp-block-heading\"><strong>Gesetzliche Anforderungen:<\/strong><\/h3>\n\n\n\n<p>Die gesetzlichen Anforderungen zur Barrierefreiheit ergeben sich aus dem Barrierefreiheitsst\u00e4rkungsgesetz (BFSG), insbesondere \u00a7 14 in Verbindung mit \u00a7 3 Abs. 1 BFSG unter Verweis auf die Verordnung zum Barrierefreiheitsst\u00e4rkungsgesetz (BFSGV).<\/p>\n\n\n\n<h3 class=\"wp-block-heading\"><strong>Erf\u00fcllung der Barrierefreiheitsanforderungen:<\/strong><\/h3>\n\n\n\n<p>alfaview verfolgt das Ziel, allen Nutzer:innen einen m\u00f6glichst barrierefreien Zugang zu erm\u00f6glichen. Unsere Website ist nach den Web Content Accessibility Guidelines (WCAG) 2.2, Level AA so gestaltet, dass sie f\u00fcr m\u00f6glichst viele Nutzer:innen wahrnehmbar, bedienbar, verst\u00e4ndlich und robust ist. Wir bieten verschiedene Bedienungsformen, die sicherstellen, dass unsere Website auch von Nutzer:innen mit physischen oder sensorischen Einschr\u00e4nkungen genutzt werden kann. Die folgenden Ma\u00dfnahmen stellen sicher, dass unsere Website f\u00fcr m\u00f6glichst viele Menschen unabh\u00e4ngig von Einschr\u00e4nkungen zug\u00e4nglich ist:<\/p>\n\n\n\n<ul class=\"wp-block-list\">\n<li>Visuelle Alternativen: Alle Inhalte sind ohne Farbunterscheidung zug\u00e4nglich und es gibt Textalternativen f\u00fcr Nutzer:innen mit eingeschr\u00e4nktem Sehverm\u00f6gen.<\/li>\n\n\n\n<li>Manuelle Interaktionsm\u00f6glichkeiten: Unsere digitalen Inhalte sind ohne feinmotorische Steuerung und ohne erhebliche Handmuskelkraft nutzbar.<\/li>\n\n\n\n<li>Schutz vor visuellen Reizen: Wir vermeiden visuelle Stimulationen, die fotosensitive Anf\u00e4lle ausl\u00f6sen k\u00f6nnten.<\/li>\n\n\n\n<li>Privatsph\u00e4re beim Einsatz von Barrierefreiheitsfunktionen: Alle eingesetzten Barrierefreiheitsfunktionen gew\u00e4hrleisten die Privatsph\u00e4re unserer Nutzer:innen.<\/li>\n<\/ul>\n\n\n\n<p>Unsere digitalen Angebote werden laufend gepr\u00fcft und weiterentwickelt, um den aktuellen Anforderungen an Barrierefreiheit gerecht zu werden. Wir orientieren uns an anerkannten Standards und evaluieren regelm\u00e4\u00dfig neue technische M\u00f6glichkeiten zur Optimierung.<\/p>\n\n\n\n<p>Barrieren k\u00f6nnen uns per E-Mail an <a href=\"mailto:info@alfaview.com\">info@alfaview.com<\/a> gemeldet werden.<\/p>\n\n\n\n<h3 class=\"wp-block-heading\"><strong>Zust\u00e4ndige Markt\u00fcberwachungsbeh\u00f6rde:<\/strong><\/h3>\n\n\n\n<p>Markt\u00fcberwachungsstelle der L\u00e4nder f\u00fcr die Barrierefreiheit von Produkten und Dienstleistungen (MLBF)<\/p>\n\n\n\n<p>c\/o Ministerium f\u00fcr Arbeit, Soziales, Gesundheit und Gleichstellung des Landes Sachsen-Anhalt<br>Postfach 39 11 55<br>39135 Magdeburg<br>Telefon 0391 567 6970<br>E-Mail: <a href=\"mailto:mlbf@ms.sachsen-anhalt.de\">mlbf@ms.sachsen-anhalt.de<\/a><\/p>\n\n\n\n<div style=\"height:125px\" aria-hidden=\"true\" id=\"accessibility-client\" class=\"wp-block-spacer\"><\/div>\n\n\n\n<h2 class=\"wp-block-heading\">Informationen zur Barrierefreiheit f<strong>\u00fcr den alfaview-Client<\/strong><\/h2>\n\n\n\n<div style=\"height:50px\" aria-hidden=\"true\" class=\"wp-block-spacer\"><\/div>\n\n\n\n<h3 class=\"wp-block-heading\"><strong>Allgemeine Beschreibung:<\/strong><\/h3>\n\n\n\n<p>Der alfaview-Client ist eine App des alfaview-Videokonferenzsystems f\u00fcr virtuelle Zusammenarbeit, die sich insbesondere an mittlere und gro\u00dfe Unternehmen, Bildungseinrichtungen und Beh\u00f6rden richtet. Der alfaview-Client basiert auf einem innovativen Raumkonzept und erm\u00f6glicht effiziente, datenschutzkonforme audiovisuelle Kommunikation im digitalen Raum.<\/p>\n\n\n\n<h3 class=\"wp-block-heading\"><strong>Gesetzliche Anforderungen:<\/strong><\/h3>\n\n\n\n<p>Die gesetzlichen Anforderungen zur Barrierefreiheit ergeben sich aus dem Barrierefreiheitsst\u00e4rkungsgesetz (BFSG), insbesondere \u00a7 14 in Verbindung mit \u00a7 3 Abs. 1 BFSG unter Verweis auf die Verordnung zum Barrierefreiheitsst\u00e4rkungsgesetz (BFSGV).<\/p>\n\n\n\n<h3 class=\"wp-block-heading\"><strong>Erf\u00fcllung der Barrierefreiheitsanforderungen:<\/strong><\/h3>\n\n\n\n<p>alfaview verfolgt das Ziel, allen Nutzer:innen einen m\u00f6glichst barrierefreien Zugang zu erm\u00f6glichen. Die folgenden Ma\u00dfnahmen stellen sicher, dass der alfaview-Client f\u00fcr m\u00f6glichst viele Menschen unabh\u00e4ngig von Einschr\u00e4nkungen zug\u00e4nglich ist.<\/p>\n\n\n\n<p>Der alfaview-Client ist so gestaltet, dass er f\u00fcr m\u00f6glichst viele Nutzer:innen wahrnehmbar, bedienbar, verst\u00e4ndlich und robust ist. Wir bieten verschiedene Bedienungsformen, die sicherstellen, dass alfaview auch von Nutzer:innen mit physischen, sensorischen oder kognitiven Einschr\u00e4nkungen verwendet werden kann. Dazu geh\u00f6ren:<\/p>\n\n\n\n<ul class=\"wp-block-list\">\n<li>Visuelle Alternativen: Alle Inhalte sind ohne Farbunterscheidung zug\u00e4nglich und es gibt Textalternativen f\u00fcr Nutzer:innen mit eingeschr\u00e4nktem Sehverm\u00f6gen.<\/li>\n\n\n\n<li>Auditive Alternativen: Unsere Funktionen erfordern kein H\u00f6rverm\u00f6gen und bieten erweiterte Audiof\u00e4higkeiten f\u00fcr Nutzer:innen mit H\u00f6rbeeintr\u00e4chtigungen.<\/li>\n\n\n\n<li>Manuelle Interaktionsm\u00f6glichkeiten: Der alfaview-Client ist ohne feinmotorische Steuerung und ohne erhebliche Handmuskelkraft nutzbar.<\/li>\n\n\n\n<li>Privatsph\u00e4re beim Einsatz von Barrierefreiheitsfunktionen: Alle eingesetzten Barrierefreiheitsfunktionen gew\u00e4hrleisten die Privatsph\u00e4re unserer Nutzer:innen<strong>.<\/strong><\/li>\n<\/ul>\n\n\n\n<p>Der alfaview-Client wird laufend gepr\u00fcft und weiterentwickelt, um den aktuellen Anforderungen an Barrierefreiheit gerecht zu werden. Wir orientieren uns an anerkannten Standards und evaluieren regelm\u00e4\u00dfig neue technische M\u00f6glichkeiten zur Optimierung.<\/p>\n\n\n\n<p>Sollten bei vorhandenen Funktionen zur Barrierefreiheit Probleme auftreten, wenden Sie sich bitte an <a href=\"mailto:info@alfaview.com\">info@alfaview.com<\/a>.<\/p>\n\n\n\n<h3 class=\"wp-block-heading\"><strong>Zust\u00e4ndige Markt\u00fcberwachungsbeh\u00f6rde:<\/strong><strong><\/strong><\/h3>\n\n\n\n<p>Markt\u00fcberwachungsstelle der L\u00e4nder f\u00fcr die Barrierefreiheit von Produkten und Dienstleistungen (MLBF)<br>c\/o Ministerium f\u00fcr Arbeit, Soziales, Gesundheit und Gleichstellung des Landes Sachsen-Anhalt<br>Postfach 39 11 55<br>39135 Magdeburg<br>Telefon 0391 567 6970<br>E-Mail:\u00a0<a href=\"mailto:mlbf@ms.sachsen-anhalt.de\">mlbf@ms.sachsen-anhalt.de<\/a><\/p>\n\n\n\n<div style=\"height:50px\" aria-hidden=\"true\" class=\"wp-block-spacer\"><\/div>\n\n\n\n<p><\/p>\n","protected":false},"excerpt":{"rendered":"<p>Informationen zur Barrierefreiheit Informationen zur Barrierefreiheit f\u00fcr die alfaview-Website Allgemeine Beschreibung: alfaview ist ein Videokonferenzsystem f\u00fcr virtuelle Zusammenarbeit,<i class=\"icon excerpt-icon icon-ic_arrow_forward_24dp\"><\/i><\/p>\n","protected":false},"author":5,"featured_media":0,"parent":0,"menu_order":0,"comment_status":"closed","ping_status":"closed","template":"","meta":{"footnotes":""},"class_list":["post-7170","page","type-page","status-publish","hentry"],"_links":{"self":[{"href":"https:\/\/alfaview.com\/de\/wp-json\/wp\/v2\/pages\/7170","targetHints":{"allow":["GET"]}}],"collection":[{"href":"https:\/\/alfaview.com\/de\/wp-json\/wp\/v2\/pages"}],"about":[{"href":"https:\/\/alfaview.com\/de\/wp-json\/wp\/v2\/types\/page"}],"author":[{"embeddable":true,"href":"https:\/\/alfaview.com\/de\/wp-json\/wp\/v2\/users\/5"}],"replies":[{"embeddable":true,"href":"https:\/\/alfaview.com\/de\/wp-json\/wp\/v2\/comments?post=7170"}],"version-history":[{"count":26,"href":"https:\/\/alfaview.com\/de\/wp-json\/wp\/v2\/pages\/7170\/revisions"}],"predecessor-version":[{"id":8966,"href":"https:\/\/alfaview.com\/de\/wp-json\/wp\/v2\/pages\/7170\/revisions\/8966"}],"wp:attachment":[{"href":"https:\/\/alfaview.com\/de\/wp-json\/wp\/v2\/media?parent=7170"}],"curies":[{"name":"wp","href":"https:\/\/api.w.org\/{rel}","templated":true}]}}