{"id":8619,"date":"2025-09-08T10:54:50","date_gmt":"2025-09-08T08:54:50","guid":{"rendered":"https:\/\/alfaview.com\/?page_id=8619"},"modified":"2026-02-12T12:24:29","modified_gmt":"2026-02-12T11:24:29","slug":"security-bulletins","status":"publish","type":"page","link":"https:\/\/alfaview.com\/de\/security-bulletins","title":{"rendered":"Sicherheitsmitteilungen"},"content":{"rendered":"\n<div class=\"wp-block-cover alignfull is-light has-custom-content-position is-position-bottom-center\" style=\"min-height:32vh;aspect-ratio:unset;\"><img loading=\"lazy\" decoding=\"async\" width=\"1920\" height=\"400\" class=\"wp-block-cover__image-background wp-image-8709 size-full\" alt=\"\" src=\"https:\/\/alfaview.com\/wp-content\/uploads\/2025\/09\/alfaview_security_bulletins_bg-2.png\" data-object-fit=\"cover\" srcset=\"https:\/\/alfaview.com\/wp-content\/uploads\/2025\/09\/alfaview_security_bulletins_bg-2.png 1920w, https:\/\/alfaview.com\/wp-content\/uploads\/2025\/09\/alfaview_security_bulletins_bg-2-300x63.png 300w, https:\/\/alfaview.com\/wp-content\/uploads\/2025\/09\/alfaview_security_bulletins_bg-2-1024x213.png 1024w, https:\/\/alfaview.com\/wp-content\/uploads\/2025\/09\/alfaview_security_bulletins_bg-2-768x160.png 768w, https:\/\/alfaview.com\/wp-content\/uploads\/2025\/09\/alfaview_security_bulletins_bg-2-1536x320.png 1536w\" sizes=\"auto, (max-width: 1920px) 100vw, 1920px\" \/><span aria-hidden=\"true\" class=\"wp-block-cover__background has-background-dim-0 has-background-dim\"><\/span><div class=\"wp-block-cover__inner-container is-layout-constrained wp-block-cover-is-layout-constrained\">\n<h1 class=\"wp-block-heading has-text-align-center has-white-color has-text-color has-link-color has-large-font-size wp-elements-e40a804448e29c1eb981808dfd048bf5\" style=\"margin-top:0;margin-bottom:var(--wp--preset--spacing--70)\">Sicherheitsmitteilungen<\/h1>\n<\/div><\/div>\n\n\n\n<div style=\"height:48px\" aria-hidden=\"true\" class=\"wp-block-spacer\"><\/div>\n\n\n\n<p>Auf dieser Seite haben wir Sicherheitsupdates sowie die dazugeh\u00f6rige Version bzw. Softwarekomponente aufgelistet. Die alfaview-Software \u00fcberpr\u00fcft automatisch bei jedem Start, ob eine neuere Version verf\u00fcgbar ist. Wir empfehlen Ihnen, diese Aktualisierungen zeitnah durchzuf\u00fchren, um die Sicherheit und Stabilit\u00e4t zu erh\u00f6hen und Ihnen Zugriff auf die neuesten Funktionen zu erm\u00f6glichen.<\/p>\n\n\n\n<div style=\"height:30px\" aria-hidden=\"true\" class=\"wp-block-spacer\"><\/div>\n\n\n\n<figure class=\"wp-block-table\"><table><thead><tr><th class=\"has-text-align-left\" data-align=\"left\">Beschreibung<\/th><th class=\"has-text-align-left\" data-align=\"left\">Weitere Informationen<\/th><th class=\"has-text-align-left\" data-align=\"left\">Schweregrad*<\/th><th class=\"has-text-align-left\" data-align=\"left\">Datum der Ver\u00f6ffentlichung<\/th><th class=\"has-text-align-left\" data-align=\"left\">Betroffene Version<\/th><th class=\"has-text-align-left\" data-align=\"left\">Aktualisierte Version<\/th><\/tr><\/thead><tbody><tr><td class=\"has-text-align-left\" data-align=\"left\">Sicherheitsl\u00fccke in der Video-Codec-Bliothek <strong>libvpx<\/strong><\/td><td class=\"has-text-align-left\" data-align=\"left\"><a href=\"https:\/\/security-tracker.debian.org\/tracker\/CVE-2025-5283\" target=\"_blank\" data-type=\"link\" data-id=\"https:\/\/security-tracker.debian.org\/tracker\/CVE-2025-5283\" rel=\"noreferrer noopener nofollow\">CVE-2025-5283<\/a><\/td><td class=\"has-text-align-left\" data-align=\"left\">Niedrig<\/td><td class=\"has-text-align-left\" data-align=\"left\">27.05.2025<\/td><td class=\"has-text-align-left\" data-align=\"left\">alfaview v9.22.6 und \u00e4lter<\/td><td class=\"has-text-align-left\" data-align=\"left\">alfaview v9.22.7 und neuer<\/td><\/tr><\/tbody><\/table><\/figure>\n\n\n\n<p class=\"has-small-font-size\">* Schweregrad in Bezug auf die Implementierung in alfaview<\/p>\n\n\n\n<div style=\"height:30px\" aria-hidden=\"true\" class=\"wp-block-spacer\"><\/div>\n\n\n\n<p>Bitte beachten Sie:<\/p>\n\n\n\n<ul class=\"wp-block-list\">\n<li>Die <a href=\"https:\/\/support.alfaview.com\/de\/miscellaneous\/webclient\/\" target=\"_blank\" rel=\"noreferrer noopener\">Browser-Version<\/a> ist automatisch immer auf dem neuesten Stand und muss nicht aktualisiert werden.<\/li>\n\n\n\n<li>Die Versionen f\u00fcr mobile Endger\u00e4te werden \u00fcber den jeweiligen App-Store ausgeliefert. Wir empfehlen, <a href=\"https:\/\/support.alfaview.com\/de\/first-steps\/updates\/\" data-type=\"link\" data-id=\"https:\/\/support.alfaview.com\/de\/first-steps\/updates\/\" target=\"_blank\" rel=\"noreferrer noopener\">automatische Updates<\/a> zu aktivieren.<\/li>\n\n\n\n<li>Das von uns bereitgestellte <a href=\"https:\/\/support.alfaview.com\/de\/miscellaneous\/for-it-administrators\/msi-package\/\" data-type=\"link\" data-id=\"https:\/\/support.alfaview.com\/de\/miscellaneous\/for-it-administrators\/msi-package\/\" target=\"_blank\" rel=\"noreferrer noopener\">MSI-Paket<\/a> kann nicht durch die Anwender:innen aktualisiert werden. Aktualisierungen sind von der verantwortlichen IT-Abteilung durchzuf\u00fchren.<\/li>\n\n\n\n<li>Detaillierte Informationen zu einzelnen alfaview-Versionen finden Sie in den <a href=\"https:\/\/support.alfaview.com\/de\/release-notes\/\" data-type=\"link\" data-id=\"https:\/\/support.alfaview.com\/de\/release-notes\/\" target=\"_blank\" rel=\"noreferrer noopener\">Versionshinweisen<\/a>.<\/li>\n<\/ul>\n\n\n\n<div style=\"height:80px\" aria-hidden=\"true\" class=\"wp-block-spacer\"><\/div>\n\n\n\n<div class=\"wp-block-group alignfull av-px-xs-1_5 has-background is-layout-constrained wp-container-core-group-is-layout-d0c92d38 wp-block-group-is-layout-constrained\" style=\"background-color:#0378cf;margin-top:0;margin-bottom:0;padding-top:var(--wp--preset--spacing--80);padding-bottom:var(--wp--preset--spacing--80)\">\n<div class=\"wp-block-group is-layout-constrained wp-container-core-group-is-layout-5a30f31b wp-block-group-is-layout-constrained\">\n<h2 class=\"wp-block-heading has-white-color has-text-color has-link-color wp-elements-8bd2a62fa0d0469e3bf9551ff9cb84fb\"><strong>Sicherheitsschwachstelle melden<\/strong><\/h2>\n\n\n\n<p class=\"has-white-color has-text-color has-link-color wp-elements-da6dfd4fd8ce18db3dc8058b454f10d8\" style=\"margin-top:0;margin-bottom:0\">Haben Sie eine Sicherheitsl\u00fccke oder Schwachstelle gefunden? <br>Bitte informieren Sie uns, damit wir diese schnellstm\u00f6glich beheben k\u00f6nnen.<\/p>\n\n\n\n<div class=\"wp-block-columns av-br-24 av-mt-xs-3 av-pt-xs-0 av-px-xs-0 is-layout-flex wp-container-core-columns-is-layout-cc96274f wp-block-columns-is-layout-flex\" style=\"margin-top:var(--wp--preset--spacing--80);padding-right:0;padding-left:0\">\n<div class=\"wp-block-column av-px-xs-1 av-py-xs-2 av-br-24 has-white-background-color has-background is-layout-flow wp-block-column-is-layout-flow\" style=\"padding-top:var(--wp--preset--spacing--60);padding-right:var(--wp--preset--spacing--60);padding-bottom:var(--wp--preset--spacing--60);padding-left:var(--wp--preset--spacing--60);box-shadow:var(--wp--preset--shadow--natural);flex-basis:66.66%\">\n<div class=\"wp-block-contact-form-7-contact-form-selector\">\n<div class=\"wpcf7 no-js\" id=\"wpcf7-f9485-o1\" lang=\"en-US\" dir=\"ltr\" data-wpcf7-id=\"9485\">\n<div class=\"screen-reader-response\"><p role=\"status\" aria-live=\"polite\" aria-atomic=\"true\"><\/p> <ul><\/ul><\/div>\n<form action=\"\/de\/wp-json\/wp\/v2\/pages\/8619#wpcf7-f9485-o1\" method=\"post\" class=\"wpcf7-form init\" id=\"avform-sicherheitsschwachstelle\" name=\"avform-sicherheitsschwachstelle-melden\" aria-label=\"Sicherheitsschwachstelle Melden\" novalidate=\"novalidate\" data-status=\"init\">\n<fieldset class=\"hidden-fields-container\"><input type=\"hidden\" name=\"_wpcf7\" value=\"9485\" \/><input type=\"hidden\" name=\"_wpcf7_version\" value=\"6.1.5\" \/><input type=\"hidden\" name=\"_wpcf7_locale\" value=\"en_US\" \/><input type=\"hidden\" name=\"_wpcf7_unit_tag\" value=\"wpcf7-f9485-o1\" \/><input type=\"hidden\" name=\"_wpcf7_container_post\" value=\"0\" \/><input type=\"hidden\" name=\"_wpcf7_posted_data_hash\" value=\"\" \/>\n<\/fieldset>\n<div class=\"container\">\n\t<fieldset>\n\t\t<div class=\"row\">\n\t\t\t<div class=\"col-lg-6 col-sm-12\">\n\t\t\t\t<p><label class=\"form-label\" for=\"name\">Name <abbr aria-hidden=\"true\" title=\"Pflichtangabe\">*<\/abbr><\/label><br \/>\n<span class=\"wpcf7-form-control-wrap\" data-name=\"contact-name\"><input size=\"40\" maxlength=\"400\" class=\"wpcf7-form-control wpcf7-text wpcf7-validates-as-required form-control\" id=\"name\" autocomplete=\"name\" aria-required=\"true\" aria-invalid=\"false\" value=\"\" type=\"text\" name=\"contact-name\" \/><\/span>\n\t\t\t\t<\/p>\n\t\t\t<\/div>\n\t\t\t<div class=\"col-lg-6 col-sm-12\">\n\t\t\t\t<p><label class=\"form-label\" for=\"email\">E-Mail <abbr aria-hidden=\"true\" title=\"Pflichtangabe\">*<\/abbr><\/label><br \/>\n<span class=\"wpcf7-form-control-wrap\" data-name=\"email\"><input size=\"40\" maxlength=\"400\" class=\"wpcf7-form-control wpcf7-email wpcf7-validates-as-required wpcf7-text wpcf7-validates-as-email form-control\" id=\"email\" autocomplete=\"email\" aria-required=\"true\" aria-invalid=\"false\" value=\"\" type=\"email\" name=\"email\" \/><\/span>\n\t\t\t\t<\/p>\n\t\t\t<\/div>\n\t\t<\/div>\n\t\t<div class=\"row\">\n\t\t\t<div class=\"col-lg-6 col-sm-12\">\n\t\t\t\t<p><label class=\"form-label\" for=\"phone\">Telefon<\/label><br \/>\n<span class=\"wpcf7-form-control-wrap\" data-name=\"phone\"><input size=\"40\" class=\"wpcf7-form-control wpcf7-phonetext wpcf7-text wpcf7-validates-as-phonetext form-control\" id=\"phone\" autocomplete=\"tel\" data-numberonly=\"true\" aria-invalid=\"false\" value=\"\" type=\"text\" name=\"phone\" \/><input type=\"hidden\" name=\"phone-country-code\" class=\"wpcf7-phonetext-country-code\" \/><\/span><span id=\"wpcf7-69dc1ec093d9e-wrapper\" class=\"wpcf7-form-control-wrap Mobile-wrap\" ><input type=\"hidden\" name=\"Mobile-time-start\" value=\"1776033472\"><input type=\"hidden\" name=\"Mobile-time-check\" value=\"10\"><label for=\"wpcf7-69dc1ec093d9e-field\" class=\"hp-message\">Please leave this field empty.<\/label><input id=\"wpcf7-69dc1ec093d9e-field\"  class=\"wpcf7-form-control wpcf7-text\" type=\"text\" name=\"Mobile\" value=\"\" size=\"40\" tabindex=\"-1\" autocomplete=\"new-password\" \/><\/span><span id=\"wpcf7-69dc1ec093e11-wrapper\" class=\"wpcf7-form-control-wrap Website-wrap\" ><input type=\"hidden\" name=\"Website-time-start\" value=\"1776033472\"><input type=\"hidden\" name=\"Website-time-check\" value=\"10\"><label for=\"wpcf7-69dc1ec093e11-field\" class=\"hp-message\">Please leave this field empty.<\/label><input id=\"wpcf7-69dc1ec093e11-field\"  class=\"wpcf7-form-control wpcf7-text\" type=\"text\" name=\"Website\" value=\"\" size=\"40\" tabindex=\"-1\" autocomplete=\"new-password\" \/><\/span>\n\t\t\t\t<\/p>\n\t\t\t<\/div>\n\t\t\t<div class=\"col-lg-6 col-sm-12\">\n\t\t\t\t<p><label class=\"form-label\" for=\"company\">Firma\/Institution<\/label><br \/>\n<span class=\"wpcf7-form-control-wrap\" data-name=\"company\"><input size=\"40\" maxlength=\"400\" class=\"wpcf7-form-control wpcf7-text form-control\" id=\"company\" autocomplete=\"organization\" aria-invalid=\"false\" value=\"\" type=\"text\" name=\"company\" \/><\/span>\n\t\t\t\t<\/p>\n\t\t\t<\/div>\n\t\t<\/div>\n\t\t<div class=\"row\">\n\t\t\t<div class=\"col-lg-6 col-sm-12\">\n\t\t\t\t<p><label class=\"form-label\" for=\"platform\">Platform<\/label><br \/>\n<span class=\"wpcf7-form-control-wrap\" data-name=\"platform\"><select class=\"wpcf7-form-control wpcf7-select form-control form-select\" id=\"platform\" aria-invalid=\"false\" name=\"platform\"><option value=\"\">W\u00e4hlen Sie die Plattform aus.<\/option><option value=\"Windows\">Windows<\/option><option value=\"macOS\">macOS<\/option><option value=\"Linux\">Linux<\/option><option value=\"Web\">Web<\/option><option value=\"iPhone und iPad\">iPhone und iPad<\/option><option value=\"Android\">Android<\/option><option value=\"Outlook\">Outlook<\/option><\/select><\/span>\n\t\t\t\t<\/p>\n\t\t\t<\/div>\n\t\t\t<div class=\"col-lg-6 col-sm-12\" id=\"version-field-wrapper\" style=\"display:none;\">\n\t\t\t\t<p><label class=\"form-label\" for=\"alfaview_versionsnummer\" id=\"version-label\">alfaview-Versionsnummer<\/label><br \/>\n<span class=\"wpcf7-form-control-wrap\" data-name=\"alfaview_versionsnummer\"><input size=\"40\" maxlength=\"400\" class=\"wpcf7-form-control wpcf7-text form-control\" id=\"alfaview_versionsnummer\" aria-invalid=\"false\" value=\"\" type=\"text\" name=\"alfaview_versionsnummer\" \/><\/span>\n\t\t\t\t<\/p>\n\t\t\t<\/div>\n\t\t<\/div>\n\t<\/fieldset>\n\t<fieldset>\n\t\t<div class=\"row\">\n\t\t\t<div class=\"col-lg-12 col-sm-12\">\n\t\t\t\t<p><label class=\"form-label\" for=\"message\">Ihre Nachricht <abbr aria-hidden=\"true\" title=\"Pflichtangabe\">*<\/abbr><\/label><br \/>\n<span class=\"wpcf7-form-control-wrap\" data-name=\"message\"><textarea cols=\"40\" rows=\"3\" maxlength=\"2000\" class=\"wpcf7-form-control wpcf7-textarea wpcf7-validates-as-required form-control\" id=\"message\" aria-required=\"true\" aria-invalid=\"false\" name=\"message\"><\/textarea><\/span>\n\t\t\t\t<\/p>\n\t\t\t<\/div>\n\t\t<\/div>\n\t<\/fieldset>\n\t<div class=\"row\">\n\t\t<div class=\"col-lg-12 col-sm-12 text-end\">\n\t\t\t<p><input class=\"wpcf7-form-control wpcf7-submit has-spinner\" type=\"submit\" value=\"Bericht senden\" \/>\n\t\t\t<\/p>\n\t\t<\/div>\n\t<\/div>\n<\/div>\n<p><script>\ndocument.addEventListener('DOMContentLoaded', function() {\n const platformSelect = document.getElementById('platform');\n const versionWrapper = document.getElementById('version-field-wrapper');\n const versionLabel = document.getElementById('version-label');\n \n if (platformSelect && versionWrapper && versionLabel) {\n platformSelect.addEventListener('change', function() {\n const selectedValue = this.value;\n \n if (selectedValue && selectedValue !== 'Select alfaview platform.') {\n \/\/ Show the version field\n versionWrapper.style.display = 'block';\n \n \/\/ Change label based on platform\n if (selectedValue === 'Web') {\n versionLabel.textContent = 'Browser\/Versionsnummer';\n } else {\n versionLabel.textContent = 'alfaview-Versionsnummer';\n }\n } else {\n \/\/ Hide if no platform selected\n versionWrapper.style.display = 'none';\n }\n });\n }\n});\n<\/script>\n<\/p><div class=\"frc-captcha \" data-sitekey=\"FCMTCD9U7B5S8031\" data-lang=\"de\" data-puzzle-endpoint=\"https:\/\/eu-api.friendlycaptcha.eu\/api\/v1\/puzzle\"><\/div>\n\t\t<noscript>You need to enable Javascript for the anti-spam check.<\/noscript><div class=\"wpcf7-response-output\" aria-hidden=\"true\"><\/div>\n<\/form>\n<\/div>\n<\/div>\n<\/div>\n<\/div>\n\n\n\n<p><\/p>\n<\/div>\n<\/div>\n","protected":false},"excerpt":{"rendered":"<p>Auf dieser Seite haben wir Sicherheitsupdates sowie die dazugeh\u00f6rige Version bzw. Softwarekomponente aufgelistet. Die alfaview-Software \u00fcberpr\u00fcft automatisch bei<i class=\"icon excerpt-icon icon-ic_arrow_forward_24dp\"><\/i><\/p>\n","protected":false},"author":3,"featured_media":0,"parent":0,"menu_order":0,"comment_status":"closed","ping_status":"closed","template":"","meta":{"footnotes":""},"class_list":["post-8619","page","type-page","status-publish","hentry"],"_links":{"self":[{"href":"https:\/\/alfaview.com\/de\/wp-json\/wp\/v2\/pages\/8619","targetHints":{"allow":["GET"]}}],"collection":[{"href":"https:\/\/alfaview.com\/de\/wp-json\/wp\/v2\/pages"}],"about":[{"href":"https:\/\/alfaview.com\/de\/wp-json\/wp\/v2\/types\/page"}],"author":[{"embeddable":true,"href":"https:\/\/alfaview.com\/de\/wp-json\/wp\/v2\/users\/3"}],"replies":[{"embeddable":true,"href":"https:\/\/alfaview.com\/de\/wp-json\/wp\/v2\/comments?post=8619"}],"version-history":[{"count":35,"href":"https:\/\/alfaview.com\/de\/wp-json\/wp\/v2\/pages\/8619\/revisions"}],"predecessor-version":[{"id":9513,"href":"https:\/\/alfaview.com\/de\/wp-json\/wp\/v2\/pages\/8619\/revisions\/9513"}],"wp:attachment":[{"href":"https:\/\/alfaview.com\/de\/wp-json\/wp\/v2\/media?parent=8619"}],"curies":[{"name":"wp","href":"https:\/\/api.w.org\/{rel}","templated":true}]}}