{"id":8776,"date":"2025-09-17T14:15:44","date_gmt":"2025-09-17T12:15:44","guid":{"rendered":"https:\/\/alfaview.com\/?page_id=8776"},"modified":"2026-03-19T11:03:05","modified_gmt":"2026-03-19T10:03:05","slug":"ceo","status":"publish","type":"page","link":"https:\/\/alfaview.com\/de\/alfaview-team\/ceo","title":{"rendered":"CEO"},"content":{"rendered":"\n<div class=\"wp-block-group av-px-xs-0_5 av-mt-xs-3 av-mb-xs-0 is-layout-constrained wp-block-group-is-layout-constrained\" style=\"margin-top:10rem;margin-bottom:6rem\">\n<div class=\"wp-block-columns is-layout-flex wp-container-core-columns-is-layout-f5a44f5b wp-block-columns-is-layout-flex\">\n<div class=\"wp-block-column is-layout-flow wp-block-column-is-layout-flow\" style=\"flex-basis:50%\">\n<p class=\"has-medium-font-size\"><strong>\u00dcber den Gr\u00fcnder und CEO<\/strong><\/p>\n\n\n\n<h1 class=\"wp-block-heading\">Niko Fostiropoulos<\/h1>\n\n\n\n<p class=\"has-medium-font-size\"><strong><mark style=\"background-color:rgba(0, 0, 0, 0)\" class=\"has-inline-color has-av-blue-color\">&#8220;Lebe das Leben, denn es ist deins.&#8221;<\/mark><\/strong><\/p>\n\n\n\n<p class=\"has-roboto-regular-font-family\" style=\"line-height:1.8\"><strong>Dieser Leitspruch begleitet Niko Fostiropoulos seit vielen Jahren. Er steht f\u00fcr eine Haltung, die Mut macht, das Leben aktiv in die Hand zu nehmen, Ver\u00e4nderungen als Chance zu begreifen und mit Offenheit in die Zukunft zu blicken.&nbsp;<\/strong><\/p>\n\n\n\n<div style=\"height:50px\" aria-hidden=\"true\" class=\"wp-block-spacer\"><\/div>\n\n\n\n<h2 class=\"wp-block-heading\">Vita<\/h2>\n\n\n\n<p class=\"has-roboto-regular-font-family\" style=\"line-height:1.8\">Niko Fostiropoulos studierte Architektur am Karlsruher Institut f\u00fcr Technologie (KIT). Nach seinem Studium \u00fcbernahm er die Leitung eines Bildungsunternehmens und entdeckte seine Leidenschaft f\u00fcr die berufliche Weiterbildung. 2005 gr\u00fcndete er <a href=\"https:\/\/www.alfatraining.de\/\" data-type=\"link\" data-id=\"https:\/\/www.alfatraining.de\/\" target=\"_blank\" rel=\"noopener\">alfatraining <\/a>mit dem Ziel, Weiterbildung innovativ, praxisnah und zukunftsorientiert zu gestalten. Unter seiner Leitung entwickelte sich das Unternehmen zu einem der f\u00fchrenden Bildungsanbieter in Deutschland.<\/p>\n\n\n\n<p class=\"has-roboto-regular-font-family\" style=\"line-height:1.8\">2010 entwickelte er mit alfaview eine eigene Videokonferenzplattform, \u00fcber die alle Kurse als virtuelle Pr\u00e4senzseminare intern angeboten wurden. Seit 2016 steht die Plattform auch externen Kunden zur Verf\u00fcgung. Die Videokonferenzsoftware ist DSGVO-konform, bietet KI-gest\u00fctzte Sprachprotokollierung und Live-\u00dcbersetzung. 2022 erweiterte er sein Unternehmensportfolio um die&nbsp;<a href=\"https:\/\/www.eml.org\/\" data-type=\"link\" data-id=\"https:\/\/www.eml.org\/\" target=\"_blank\" rel=\"noopener\">EML Speech Technology GmbH<\/a>, einen Spezialisten f\u00fcr KI-basierte Spracherkennung, unter anderem f\u00fcr sicherheitskritische Anwendungen wie die Flugsicherung. Im Jahr 2024 folgte&nbsp;<a href=\"https:\/\/semanux.com\/de\" target=\"_blank\" rel=\"noopener\">Semanux<\/a>, ein Start-up f\u00fcr barrierefreie Computersteuerung per Eye Tracking, Gestenerkennung und KI-Interaktion.<\/p>\n\n\n\n<p class=\"has-roboto-regular-font-family\" style=\"line-height:1.8\">Niko Fostiropoulos engagiert sich in Branchenverb\u00e4nden wie dem Bitkom und Bitmi sowie in zahlreichen Netzwerken, die sich mit Bildung, Digitalisierung und Innovation besch\u00e4ftigen.<\/p>\n<\/div>\n\n\n\n<div class=\"wp-block-column is-layout-flow wp-block-column-is-layout-flow\">\n<figure class=\"wp-block-image size-large is-resized\"><img loading=\"lazy\" decoding=\"async\" width=\"683\" height=\"1024\" src=\"https:\/\/alfaview.com\/wp-content\/uploads\/2025\/09\/Niko_Fostiropoulos_20250805_163-Bearbeitet-683x1024.jpg\" alt=\"Gr\u00fcnder und Gesch\u00e4ftsf\u00fchrer Niko Fostiropoulos\" class=\"wp-image-8779\" style=\"width:606px;height:auto\" srcset=\"https:\/\/alfaview.com\/wp-content\/uploads\/2025\/09\/Niko_Fostiropoulos_20250805_163-Bearbeitet-683x1024.jpg 683w, https:\/\/alfaview.com\/wp-content\/uploads\/2025\/09\/Niko_Fostiropoulos_20250805_163-Bearbeitet-200x300.jpg 200w, https:\/\/alfaview.com\/wp-content\/uploads\/2025\/09\/Niko_Fostiropoulos_20250805_163-Bearbeitet-768x1152.jpg 768w, https:\/\/alfaview.com\/wp-content\/uploads\/2025\/09\/Niko_Fostiropoulos_20250805_163-Bearbeitet-1024x1536.jpg 1024w, https:\/\/alfaview.com\/wp-content\/uploads\/2025\/09\/Niko_Fostiropoulos_20250805_163-Bearbeitet-1365x2048.jpg 1365w, https:\/\/alfaview.com\/wp-content\/uploads\/2025\/09\/Niko_Fostiropoulos_20250805_163-Bearbeitet-scaled.jpg 1706w\" sizes=\"auto, (max-width: 683px) 100vw, 683px\" \/><\/figure>\n<\/div>\n<\/div>\n<\/div>\n\n\n\n<div class=\"wp-block-group av-px-xs-0_5 av-mt-xs-4 av-mb-xs-0 is-layout-constrained wp-block-group-is-layout-constrained\" style=\"margin-top:6rem;margin-bottom:6rem\">\n<h2 class=\"wp-block-heading has-roboto-black-font-family\">Pionierarbeit<\/h2>\n\n\n\n<p style=\"line-height:1.8\">Als erstes Bildungsunternehmen f\u00fchrte Niko Fostiropoulos das virtuelle Pr\u00e4senzlernen \u00fcber Videotechnik ein und leistete damit Pionierarbeit. Mit der Entwicklung einer eigenen, DSGVO-konformen Videokonferenzsoftware setzte er fr\u00fchzeitig auf digitale Konzepte. Seit 2010 unterrichtet alfatraining mit gro\u00dfem Erfolg ausschlie\u00dflich \u00fcber die Videokommunikations-Cloud&nbsp;alfaview, die heute von f\u00fchrenden Unternehmen und Institutionen wie dem Deutschen Zentrum f\u00fcr Luft- und Raumfahrt oder der Deutschen Akkreditierungsgesellschaft genutzt wird.<\/p>\n\n\n\n<div style=\"height:50px\" aria-hidden=\"true\" class=\"wp-block-spacer\"><\/div>\n\n\n\n<div class=\"wp-block-columns is-layout-flex wp-container-core-columns-is-layout-f5a44f5b wp-block-columns-is-layout-flex\">\n<div class=\"wp-block-column is-layout-flow wp-block-column-is-layout-flow\" style=\"flex-basis:50%\">\n<h2 class=\"wp-block-heading\">Gesellschaftliche Aufgabe<\/h2>\n\n\n\n<p class=\"has-roboto-regular-font-family\" style=\"line-height:1.8\">Niko Fostiropoulos setzt sich mit alfaview f\u00fcr eine barrierefreie, demokratische und emanzipative Form der Kommunikation ein. Ziel ist es, Menschen unabh\u00e4ngig von Herkunft, Standort oder individuellen Voraussetzungen miteinander zu verbinden \u2013 sicher, zug\u00e4nglich und auf Augenh\u00f6he. alfaview \u00fcberwindet Distanzen und schafft R\u00e4ume f\u00fcr Austausch, Teilhabe und Zusammenarbeit \u2013 digital, inklusiv und grenzenlos.<\/p>\n<\/div>\n\n\n\n<div class=\"wp-block-column is-layout-flow wp-block-column-is-layout-flow\">\n<blockquote class=\"wp-block-quote has-white-color has-av-blue-background-color has-text-color has-background has-link-color has-medium-font-size wp-elements-9e225c670b38a591464cd46535000b7a is-layout-flow wp-block-quote-is-layout-flow\" style=\"padding-top:var(--wp--preset--spacing--50);padding-bottom:var(--wp--preset--spacing--50)\">\n<p class=\"has-white-color has-text-color has-link-color has-medium-font-size wp-elements-457955786ee4dd437c71603405c0e618\">&#8220;<strong>Mit alfaview schaffen wir R\u00e4ume, in denen Kommunikation nicht ausschlie\u00dft, sondern verbindet. Unser Ziel ist eine digitale Infrastruktur, die allen offensteht \u2013 barrierefrei, demokratisch und sicher. Denn nur wenn Technologie auf Teilhabe und Datenschutz basiert, entsteht eine digitale Gesellschaft, die allen geh\u00f6rt.\u201c<\/strong><\/p>\n<cite><strong>Niko Fostiropoulos<br><\/strong>Gr\u00fcnder und CEO von alfaview<\/cite><\/blockquote>\n<\/div>\n<\/div>\n\n\n\n<div style=\"height:50px\" aria-hidden=\"true\" class=\"wp-block-spacer\"><\/div>\n\n\n\n<h2 class=\"wp-block-heading has-roboto-black-font-family\">Digitale Souver\u00e4nit\u00e4t Europas st\u00e4rken<\/h2>\n\n\n\n<p style=\"line-height:1.8\">Niko Fostiropoulos engagiert sich mit seinen Unternehmen f\u00fcr die digitale Souver\u00e4nit\u00e4t Europas. Als leistungsf\u00e4hige Videokonferenzl\u00f6sung <em>made in Germany<\/em> kombiniert alfaview modernste Technologie mit h\u00f6chsten europ\u00e4ischen Datenschutzstandards. Damit bietet alfaview eine zuverl\u00e4ssige und performante Videokonferenzl\u00f6sung, die ausschlie\u00dflich im europ\u00e4ischen Rechtsraum verortet ist.<\/p>\n\n\n\n<div style=\"height:50px\" aria-hidden=\"true\" class=\"wp-block-spacer\"><\/div>\n\n\n\n<h2 class=\"wp-block-heading has-roboto-black-font-family\">K\u00fcnstliche Intelligenz: Innovation mit Verantwortung<\/h2>\n\n\n\n<p style=\"line-height:1.8\">K\u00fcnstliche Intelligenz ist f\u00fcr Niko Fostiropoulos der Schl\u00fcssel zu einer barrierefreien digitalen Zukunft. Sein Anspruch: KI-L\u00f6sungen <em>made in Europe<\/em>, die h\u00f6chste Standards in den Bereichen Datenschutz, Informationssicherheit und Barrierefreiheit erf\u00fcllen. Mit dem Ziel, eigene Digitalprodukte und KI-Technologien in Deutschland zu entwickeln, treibt er Innovationen voran, die es Menschen weltweit erm\u00f6glichen, barrierefrei zu kommunizieren. Mit seinen Tech-Unternehmen <a href=\"https:\/\/semanux.com\/de\" target=\"_blank\" rel=\"noopener\">Semanux <\/a>sowie <a href=\"https:\/\/www.eml.org\/\" target=\"_blank\" rel=\"noopener\">EML Speech Technology<\/a> arbeitet Niko Fostiropoulos dabei aktiv an wegweisenden Technologien in den Bereichen KI, Spracherkennung, Eye Tracking, Gestenerkennung sowie Mimik- und Gesichtserkennung.<\/p>\n\n\n\n<div style=\"height:50px\" aria-hidden=\"true\" class=\"wp-block-spacer\"><\/div>\n<\/div>\n","protected":false},"excerpt":{"rendered":"<p>\u00dcber den Gr\u00fcnder und CEO Niko Fostiropoulos &#8220;Lebe das Leben, denn es ist deins.&#8221; Dieser Leitspruch begleitet Niko<i class=\"icon excerpt-icon icon-ic_arrow_forward_24dp\"><\/i><\/p>\n","protected":false},"author":5,"featured_media":0,"parent":38,"menu_order":0,"comment_status":"closed","ping_status":"closed","template":"","meta":{"footnotes":""},"class_list":["post-8776","page","type-page","status-publish","hentry"],"_links":{"self":[{"href":"https:\/\/alfaview.com\/de\/wp-json\/wp\/v2\/pages\/8776","targetHints":{"allow":["GET"]}}],"collection":[{"href":"https:\/\/alfaview.com\/de\/wp-json\/wp\/v2\/pages"}],"about":[{"href":"https:\/\/alfaview.com\/de\/wp-json\/wp\/v2\/types\/page"}],"author":[{"embeddable":true,"href":"https:\/\/alfaview.com\/de\/wp-json\/wp\/v2\/users\/5"}],"replies":[{"embeddable":true,"href":"https:\/\/alfaview.com\/de\/wp-json\/wp\/v2\/comments?post=8776"}],"version-history":[{"count":8,"href":"https:\/\/alfaview.com\/de\/wp-json\/wp\/v2\/pages\/8776\/revisions"}],"predecessor-version":[{"id":8788,"href":"https:\/\/alfaview.com\/de\/wp-json\/wp\/v2\/pages\/8776\/revisions\/8788"}],"up":[{"embeddable":true,"href":"https:\/\/alfaview.com\/de\/wp-json\/wp\/v2\/pages\/38"}],"wp:attachment":[{"href":"https:\/\/alfaview.com\/de\/wp-json\/wp\/v2\/media?parent=8776"}],"curies":[{"name":"wp","href":"https:\/\/api.w.org\/{rel}","templated":true}]}}