{"id":8848,"date":"2025-10-02T08:36:22","date_gmt":"2025-10-02T06:36:22","guid":{"rendered":"https:\/\/alfaview.com\/?page_id=8848"},"modified":"2026-03-16T16:01:15","modified_gmt":"2026-03-16T15:01:15","slug":"it-sicherheit","status":"publish","type":"page","link":"https:\/\/alfaview.com\/de\/it-sicherheit","title":{"rendered":"IT-Sicherheit"},"content":{"rendered":"\n<div class=\"wp-block-columns are-vertically-aligned-center av-px-xs-0_5 av-mt-xs-2 av-mb-xs-0 is-layout-flex wp-container-core-columns-is-layout-d528f60b wp-block-columns-is-layout-flex\" style=\"margin-top:7rem;margin-bottom:7rem\">\n<div class=\"wp-block-column is-vertically-aligned-center is-layout-flow wp-block-column-is-layout-flow\" style=\"flex-basis:45%\">\n<h1 class=\"wp-block-heading av-align-reset has-text-color-color has-text-color has-roboto-black-font-family\">Verl\u00e4sslichkeit durch Informationssicherheit:<\/h1>\n\n\n\n<p class=\"has-medium-font-size\"><strong>Schutz, der Vertrauen schafft.<\/strong><\/p>\n\n\n\n<p style=\"line-height:1.8\">In einer zunehmend digitalisierten Arbeitswelt sind IT-gest\u00fctzte Prozesse das R\u00fcckgrat effizienter Unternehmensabl\u00e4ufe \u2013 auch bei uns. Deshalb steht f\u00fcr uns fest: Informationssicherheit ist kein Bonus, sondern die Grundlage f\u00fcr Zuverl\u00e4ssigkeit, Vertrauen und nachhaltigen Erfolg.<\/p>\n\n\n\n<p style=\"line-height:1.8\">Wir begreifen Informationssicherheit als zentralen Bestandteil unseres Kundenservices. Sie gew\u00e4hrleistet die Vertraulichkeit sensibler Daten und sichert die kontinuierliche Verf\u00fcgbarkeit unserer Systeme \u2013 Tag f\u00fcr Tag. Besonderes Augenmerk legen wir auf den Schutz personenbezogener Daten sowie auf die stabile, ausfallsichere Bereitstellung unserer Softwarel\u00f6sungen<\/p>\n\n\n\n<p style=\"line-height:1.8\">Unsere aktive Sicherheitskultur lebt vom Engagement aller Mitarbeitenden. Wir f\u00f6rdern Wissen, Sensibilit\u00e4t und Verantwortungsbewusstsein rund um das Thema Informationssicherheit durch kontinuierliche Schulung und Einbindung. Denn f\u00fcr uns steht der Mensch im Zentrum \u2013 als Schl\u00fcsselfaktor f\u00fcr gelebte Sicherheit und die stete Weiterentwicklung unseres Managementsystems.<\/p>\n<\/div>\n\n\n\n<div class=\"wp-block-column is-vertically-aligned-center is-layout-flow wp-block-column-is-layout-flow\" style=\"flex-basis:55%\">\n<figure class=\"wp-block-image alignright size-full av-align-reset wp-elements-30301cab316c672c8b955801316050ec\"><img loading=\"lazy\" decoding=\"async\" width=\"800\" height=\"735\" src=\"https:\/\/alfaview.com\/wp-content\/uploads\/2025\/10\/IT_Sicherheit_Hero.png\" alt=\"\" class=\"wp-image-8851\" srcset=\"https:\/\/alfaview.com\/wp-content\/uploads\/2025\/10\/IT_Sicherheit_Hero.png 800w, https:\/\/alfaview.com\/wp-content\/uploads\/2025\/10\/IT_Sicherheit_Hero-300x276.png 300w, https:\/\/alfaview.com\/wp-content\/uploads\/2025\/10\/IT_Sicherheit_Hero-768x706.png 768w\" sizes=\"auto, (max-width: 800px) 100vw, 800px\" \/><\/figure>\n<\/div>\n<\/div>\n\n\n\n<h2 class=\"wp-block-heading has-text-align-left has-roboto-black-font-family\">Was IT-Sicherheit bei Videokonferenzen f\u00fcr uns konkret bedeutet<\/h2>\n\n\n\n<p class=\"has-medium-font-size\"><strong>Verantwortungsvoll. Vorausschauend. Vertrauensw\u00fcrdig.<\/strong><\/p>\n\n\n\n<div class=\"wp-block-group is-layout-grid wp-container-core-group-is-layout-a8f4ef21 wp-block-group-is-layout-grid\" style=\"padding-top:2rem;padding-bottom:2rem\">\n<div class=\"wp-block-group av-round-box is-vertical is-layout-flex wp-container-core-group-is-layout-2decdb98 wp-block-group-is-layout-flex\" style=\"padding-top:2rem;padding-right:2rem;padding-bottom:2rem;padding-left:2rem\">\n<h3 class=\"wp-block-heading\">Verschl\u00fcsselung nach BSI-Richtlinien<\/h3>\n\n\n\n<ul class=\"wp-block-list\">\n<li>Kommunikation wird durch Encryption in Transit gesch\u00fctzt<\/li>\n\n\n\n<li>Gespeicherte Daten werden durch Encryption at Rest abgesichert<\/li>\n\n\n\n<li>Umsetzung erfolgt auf Grundlage der Vorgaben des Bundesamts f\u00fcr Sicherheit in der Informationstechnik (BSI)<\/li>\n<\/ul>\n<\/div>\n\n\n\n<div class=\"wp-block-group av-round-box is-vertical is-layout-flex wp-container-core-group-is-layout-2decdb98 wp-block-group-is-layout-flex\" style=\"padding-top:2rem;padding-right:2rem;padding-bottom:2rem;padding-left:2rem\">\n<h3 class=\"wp-block-heading\">Datenverarbeitung ausschlie\u00dflich innerhalb der EU<\/h3>\n\n\n\n<ul class=\"wp-block-list\">\n<li>Die Infrastruktur wird vollst\u00e4ndig in Rechenzentren mit Standort und Unternehmenssitz in Deutschland betrieben<\/li>\n\n\n\n<li>Es erfolgt keine Datenweitergabe in Drittstaaten au\u00dferhalb der EU<\/li>\n\n\n\n<li>Keine Nutzung au\u00dfereurop\u00e4ischer Subdienstleister oder Hyperscaler<\/li>\n\n\n\n<li>Alle Prozesse unterliegen der Datenschutz-Grundverordnung (DSGVO)<\/li>\n<\/ul>\n<\/div>\n\n\n\n<div class=\"wp-block-group av-round-box is-vertical is-layout-flex wp-container-core-group-is-layout-2decdb98 wp-block-group-is-layout-flex\" style=\"padding-top:2rem;padding-right:2rem;padding-bottom:2rem;padding-left:2rem\">\n<h3 class=\"wp-block-heading\">ISO\/IEC 27001-Zertifizierung<\/h3>\n\n\n\n<ul class=\"wp-block-list\">\n<li>alfaview betreibt ein zertifiziertes Informationssicherheits-Managementsystem nach ISO\/IEC 27001<\/li>\n\n\n\n<li>Alle eingesetzten Rechenzentren sind ebenfalls nach ISO\/IEC 27001 zertifiziert<\/li>\n<\/ul>\n<\/div>\n\n\n\n<div class=\"wp-block-group av-round-box is-vertical is-layout-flex wp-container-core-group-is-layout-2decdb98 wp-block-group-is-layout-flex\" style=\"padding-top:2rem;padding-right:2rem;padding-bottom:2rem;padding-left:2rem\">\n<h3 class=\"wp-block-heading\">Privacy by Design &amp; Zero-Trust-Architektur<\/h3>\n\n\n\n<ul class=\"wp-block-list\">\n<li>Sicherheitsfunktionen sind integraler Bestandteil der Softwarearchitektur<\/li>\n\n\n\n<li>Die Zero-Trust-Architektur pr\u00fcft alle Zugriffe \u2013 unabh\u00e4ngig von Standort oder Nutzerrolle<\/li>\n<\/ul>\n<\/div>\n\n\n\n<div class=\"wp-block-group av-round-box is-vertical is-layout-flex wp-container-core-group-is-layout-2decdb98 wp-block-group-is-layout-flex\" style=\"padding-top:2rem;padding-right:2rem;padding-bottom:2rem;padding-left:2rem\">\n<h3 class=\"wp-block-heading\">Keine Weitergabe an Dritte oder KI-Systeme<\/h3>\n\n\n\n<ul class=\"wp-block-list\">\n<li>Keine Analyse, Vermarktung oder Nutzung von Nutzerdaten durch Dritte<\/li>\n\n\n\n<li>Sprach- und Videodaten sind durch technische und organisatorische Ma\u00dfnahmen besonders gesch\u00fctzt<\/li>\n<\/ul>\n<\/div>\n\n\n\n<div class=\"wp-block-group av-round-box is-vertical is-layout-flex wp-container-core-group-is-layout-2decdb98 wp-block-group-is-layout-flex\" style=\"padding-top:2rem;padding-right:2rem;padding-bottom:2rem;padding-left:2rem\">\n<h3 class=\"wp-block-heading\">Datenanonymisierung und -pseudonymisierung<\/h3>\n\n\n\n<ul class=\"wp-block-list\">\n<li>Personenbezogene Daten werden nur erhoben, wo es unbedingt erforderlich ist<\/li>\n\n\n\n<li>Wo immer m\u00f6glich erfolgt die Verarbeitung anonymisiert oder pseudonymisiert<\/li>\n<\/ul>\n<\/div>\n\n\n\n<div class=\"wp-block-group av-round-box is-vertical is-layout-flex wp-container-core-group-is-layout-2decdb98 wp-block-group-is-layout-flex\" style=\"padding-top:2rem;padding-right:2rem;padding-bottom:2rem;padding-left:2rem\">\n<h3 class=\"wp-block-heading\">Feingranulare Berechtigungssysteme<\/h3>\n\n\n\n<ul class=\"wp-block-list\">\n<li>Nutzerrechte sind differenziert steuerbar und individuell konfigurierbar<\/li>\n\n\n\n<li>Zugriff auf Inhalte und R\u00e4ume erfolgt kontrolliert und nachvollziehbar<\/li>\n<\/ul>\n<\/div>\n\n\n\n<div class=\"wp-block-group av-round-box is-vertical is-layout-flex wp-container-core-group-is-layout-2decdb98 wp-block-group-is-layout-flex\" style=\"padding-top:2rem;padding-right:2rem;padding-bottom:2rem;padding-left:2rem\">\n<h3 class=\"wp-block-heading\">Regelm\u00e4\u00dfige Updates<\/h3>\n\n\n\n<ul class=\"wp-block-list\">\n<li>alfaview wird kontinuierlich mit Sicherheits- und Funktionsupdates versorgt<\/li>\n\n\n\n<li>Nutzer:innen werden aktiv benachrichtigt, sobald neue Versionen oder Verbesserungen verf\u00fcgbar sind<\/li>\n<\/ul>\n<\/div>\n\n\n\n<div class=\"wp-block-group av-round-box is-vertical is-layout-flex wp-container-core-group-is-layout-2decdb98 wp-block-group-is-layout-flex\" style=\"padding-top:2rem;padding-right:2rem;padding-bottom:2rem;padding-left:2rem\">\n<h3 class=\"wp-block-heading\">Moderation und Zugriffskontrolle<\/h3>\n\n\n\n<ul class=\"wp-block-list\">\n<li>Veranstaltende und Moderator:innen k\u00f6nnen Teilnehmende verwalten, einschr\u00e4nken oder entfernen<\/li>\n\n\n\n<li>St\u00f6rungen lassen sich gezielt unterbinden<\/li>\n<\/ul>\n<\/div>\n\n\n\n<div class=\"wp-block-group av-round-box is-vertical is-layout-flex wp-container-core-group-is-layout-2decdb98 wp-block-group-is-layout-flex\" style=\"padding-top:2rem;padding-right:2rem;padding-bottom:2rem;padding-left:2rem\">\n<h3 class=\"wp-block-heading\">Automatisierte Infrastruktur<\/h3>\n\n\n\n<ul class=\"wp-block-list\">\n<li>Automatisierte Prozesse reduzieren Fehlerquellen<\/li>\n\n\n\n<li>Sicherheitsupdates werden regelm\u00e4\u00dfig und zuverl\u00e4ssig ausgerollt<\/li>\n<\/ul>\n<\/div>\n\n\n\n<div class=\"wp-block-group av-round-box is-vertical is-layout-flex wp-container-core-group-is-layout-2decdb98 wp-block-group-is-layout-flex\" style=\"padding-top:2rem;padding-right:2rem;padding-bottom:2rem;padding-left:2rem\">\n<h3 class=\"wp-block-heading\">Zwei-Faktor-Authentifizierung<\/h3>\n\n\n\n<ul class=\"wp-block-list\">\n<li>Die Zwei-Faktor-Authentifizierung (2FA) bietet zus\u00e4tzlichen Schutz<\/li>\n<\/ul>\n<\/div>\n\n\n\n<div class=\"wp-block-group av-round-box is-vertical is-layout-flex wp-container-core-group-is-layout-2decdb98 wp-block-group-is-layout-flex\" style=\"padding-top:2rem;padding-right:2rem;padding-bottom:2rem;padding-left:2rem\">\n<h3 class=\"wp-block-heading\">Single sign-on (SSO)<\/h3>\n\n\n\n<ul class=\"wp-block-list\">\n<li>Unterst\u00fctzt moderne Authentifizierungsmethoden f\u00fcr Unternehmen<\/li>\n\n\n\n<li>Zentralisierte Benutzerverwaltung f\u00fcr mehr Sicherheit und Effizienz<\/li>\n<\/ul>\n<\/div>\n\n\n\n<div class=\"wp-block-group av-round-box is-vertical is-layout-flex wp-container-core-group-is-layout-2decdb98 wp-block-group-is-layout-flex\" style=\"padding-top:2rem;padding-right:2rem;padding-bottom:2rem;padding-left:2rem\">\n<h3 class=\"wp-block-heading\">Unabh\u00e4ngig von US-Gesetzgebung<\/h3>\n\n\n\n<ul class=\"wp-block-list\">\n<li>alfaview unterliegt der deutschen und EU-Gesetzgebung<\/li>\n\n\n\n<li>US-amerikanische Gesetze wie der CLOUD Act finden bei alfaview keine Anwendung<\/li>\n<\/ul>\n<\/div>\n\n\n\n<div class=\"wp-block-group av-round-box is-vertical is-layout-flex wp-container-core-group-is-layout-2decdb98 wp-block-group-is-layout-flex\" style=\"padding-top:2rem;padding-right:2rem;padding-bottom:2rem;padding-left:2rem\">\n<h3 class=\"wp-block-heading\">Passcode-Schutz f\u00fcr R\u00e4ume <\/h3>\n\n\n\n<ul class=\"wp-block-list\">\n<li>R\u00e4ume und Meetings k\u00f6nnen optional mit einem Passcode gesch\u00fctzt werden<\/li>\n\n\n\n<li>Beim Betreten eines gesch\u00fctzten Raums oder Meetings werden Teilnehmende zur Eingabe des Passcodes aufgefordert<\/li>\n<\/ul>\n<\/div>\n<\/div>\n\n\n\n<div class=\"wp-block-group av-px-xs-0_5 is-content-justification-left is-layout-constrained wp-container-core-group-is-layout-e5b73e27 wp-block-group-is-layout-constrained\" style=\"margin-top:6rem;margin-bottom:10rem\">\n<h2 class=\"wp-block-heading has-text-align-center has-roboto-black-font-family\">Sicher kommunizieren \u2013 mit alfaview<\/h2>\n\n\n\n<p class=\"has-text-align-center\" style=\"margin-bottom:5rem;font-size:19px\">Unsere Videokonferenzplattform bietet nicht nur stabile Performance, sondern auch ein<br>H\u00f6chstma\u00df an Datenschutz und Sicherheit \u2013 ganz gleich, ob f\u00fcr kleine Teammeetings oder<br>gro\u00dfe, internationale Events.<\/p>\n\n\n\n<div class=\"wp-block-group av-heading-bg is-content-justification-center is-nowrap is-layout-flex wp-container-core-group-is-layout-23441af8 wp-block-group-is-layout-flex\">\n<h2 class=\"wp-block-heading has-text-align-center has-white-background-color has-background\" style=\"padding-top:0px;padding-bottom:0px\">alfaview steht f\u00fcr<\/h2>\n<\/div>\n\n\n\n<div class=\"wp-block-columns av-round-box av-box-lh is-layout-flex wp-container-core-columns-is-layout-a4f39c6d wp-block-columns-is-layout-flex\" style=\"margin-top:0rem;margin-bottom:0rem;padding-top:2rem;padding-bottom:2rem\">\n<div class=\"wp-block-column is-layout-flow wp-block-column-is-layout-flow\" style=\"padding-top:40px;padding-right:20px;padding-bottom:16px;padding-left:20px\">\n<div class=\"wp-block-group is-vertical is-content-justification-center is-layout-flex wp-container-core-group-is-layout-b6c1f246 wp-block-group-is-layout-flex\">\n<figure class=\"wp-block-image size-full is-resized\"><img loading=\"lazy\" decoding=\"async\" width=\"240\" height=\"240\" src=\"https:\/\/alfaview.com\/wp-content\/uploads\/2025\/10\/ic_Security_by_Design.png\" alt=\"\" class=\"wp-image-8852\" style=\"object-fit:cover;width:136px;height:136px\" srcset=\"https:\/\/alfaview.com\/wp-content\/uploads\/2025\/10\/ic_Security_by_Design.png 240w, https:\/\/alfaview.com\/wp-content\/uploads\/2025\/10\/ic_Security_by_Design-150x150.png 150w\" sizes=\"auto, (max-width: 240px) 100vw, 240px\" \/><\/figure>\n\n\n\n<p class=\"has-text-align-center has-medium-font-size\">Datensicherheit<br>by Design<\/p>\n<\/div>\n<\/div>\n\n\n\n<div class=\"wp-block-column av-box-border-lr is-layout-flow wp-block-column-is-layout-flow\" style=\"padding-top:40px;padding-right:20px;padding-bottom:16px;padding-left:20px\">\n<div class=\"wp-block-group is-vertical is-content-justification-center is-layout-flex wp-container-core-group-is-layout-b6c1f246 wp-block-group-is-layout-flex\">\n<figure class=\"wp-block-image size-full is-resized\"><img loading=\"lazy\" decoding=\"async\" width=\"240\" height=\"240\" src=\"https:\/\/alfaview.com\/wp-content\/uploads\/2025\/10\/ic_responsibility.png\" alt=\"\" class=\"wp-image-8854\" style=\"object-fit:cover;width:136px;height:136px\" srcset=\"https:\/\/alfaview.com\/wp-content\/uploads\/2025\/10\/ic_responsibility.png 240w, https:\/\/alfaview.com\/wp-content\/uploads\/2025\/10\/ic_responsibility-150x150.png 150w\" sizes=\"auto, (max-width: 240px) 100vw, 240px\" \/><\/figure>\n\n\n\n<p class=\"has-text-align-center has-medium-font-size\">Verantwortung \u00fcber<br>gesetzliche Standards hinaus<\/p>\n<\/div>\n<\/div>\n\n\n\n<div class=\"wp-block-column is-layout-flow wp-block-column-is-layout-flow\" style=\"padding-top:40px;padding-right:20px;padding-bottom:16px;padding-left:20px\">\n<div class=\"wp-block-group is-vertical is-content-justification-center is-layout-flex wp-container-core-group-is-layout-b6c1f246 wp-block-group-is-layout-flex\">\n<figure class=\"wp-block-image size-full is-resized\"><img loading=\"lazy\" decoding=\"async\" width=\"240\" height=\"240\" src=\"https:\/\/alfaview.com\/wp-content\/uploads\/2025\/10\/ic_security_awareness.png\" alt=\"\" class=\"wp-image-8856\" style=\"object-fit:cover;width:136px;height:136px\" srcset=\"https:\/\/alfaview.com\/wp-content\/uploads\/2025\/10\/ic_security_awareness.png 240w, https:\/\/alfaview.com\/wp-content\/uploads\/2025\/10\/ic_security_awareness-150x150.png 150w\" sizes=\"auto, (max-width: 240px) 100vw, 240px\" \/><\/figure>\n\n\n\n<p class=\"has-text-align-center has-medium-font-size\">Sicherheitsbewusstsein als<br>Teil der Unternehmenskultur<\/p>\n<\/div>\n<\/div>\n<\/div>\n<\/div>\n\n\n\n<div class=\"wp-block-group is-layout-constrained wp-block-group-is-layout-constrained\" style=\"padding-bottom:7rem\">\n<h2 class=\"wp-block-heading\">Sie wollen mehr erfahren?<\/h2>\n\n\n\n<ul class=\"wp-block-list\">\n<li><a href=\"https:\/\/alfaview.com\/de\/dataprotection\">Mehr \u00fcber Datenschutz bei alfaview<\/a><\/li>\n\n\n\n<li><a href=\"https:\/\/support.alfaview.com\/de\/miscellaneous\/technical-information\/system-and-network-requirements\/\">System- und Netzwerkanforderungen<\/a><\/li>\n\n\n\n<li><a href=\"https:\/\/alfaview.com\/de\/contact\">Kontaktieren Sie unser Team<\/a><\/li>\n\n\n\n<li><a href=\"https:\/\/support.alfaview.com\/de\/miscellaneous\/security-guide\/\">Sicherheitsleitfaden<\/a><\/li>\n<\/ul>\n<\/div>\n","protected":false},"excerpt":{"rendered":"<p>Verl\u00e4sslichkeit durch Informationssicherheit: Schutz, der Vertrauen schafft. In einer zunehmend digitalisierten Arbeitswelt sind IT-gest\u00fctzte Prozesse das R\u00fcckgrat effizienter<i class=\"icon excerpt-icon icon-ic_arrow_forward_24dp\"><\/i><\/p>\n","protected":false},"author":7,"featured_media":0,"parent":0,"menu_order":0,"comment_status":"closed","ping_status":"closed","template":"","meta":{"footnotes":""},"class_list":["post-8848","page","type-page","status-publish","hentry"],"_links":{"self":[{"href":"https:\/\/alfaview.com\/de\/wp-json\/wp\/v2\/pages\/8848","targetHints":{"allow":["GET"]}}],"collection":[{"href":"https:\/\/alfaview.com\/de\/wp-json\/wp\/v2\/pages"}],"about":[{"href":"https:\/\/alfaview.com\/de\/wp-json\/wp\/v2\/types\/page"}],"author":[{"embeddable":true,"href":"https:\/\/alfaview.com\/de\/wp-json\/wp\/v2\/users\/7"}],"replies":[{"embeddable":true,"href":"https:\/\/alfaview.com\/de\/wp-json\/wp\/v2\/comments?post=8848"}],"version-history":[{"count":16,"href":"https:\/\/alfaview.com\/de\/wp-json\/wp\/v2\/pages\/8848\/revisions"}],"predecessor-version":[{"id":10361,"href":"https:\/\/alfaview.com\/de\/wp-json\/wp\/v2\/pages\/8848\/revisions\/10361"}],"wp:attachment":[{"href":"https:\/\/alfaview.com\/de\/wp-json\/wp\/v2\/media?parent=8848"}],"curies":[{"name":"wp","href":"https:\/\/api.w.org\/{rel}","templated":true}]}}