{"id":97,"date":"2024-07-11T10:27:32","date_gmt":"2024-07-11T10:27:32","guid":{"rendered":"http:\/\/localhost:8000\/?page_id=97"},"modified":"2026-03-19T11:05:02","modified_gmt":"2026-03-19T10:05:02","slug":"legal-notice","status":"publish","type":"page","link":"https:\/\/alfaview.com\/de\/legal-notice","title":{"rendered":"Impressum"},"content":{"rendered":"\n<div style=\"height:100px\" aria-hidden=\"true\" class=\"wp-block-spacer\"><\/div>\n\n\n\n<h1 class=\"wp-block-heading\">Impressum<\/h1>\n\n\n\n<div style=\"height:65px\" aria-hidden=\"true\" class=\"wp-block-spacer\"><\/div>\n\n\n\n<div class=\"wp-block-columns is-layout-flex wp-container-core-columns-is-layout-f1061711 wp-block-columns-is-layout-flex\" style=\"padding-right:var(--wp--preset--spacing--20);padding-left:var(--wp--preset--spacing--20)\">\n<div class=\"wp-block-column is-layout-flow wp-block-column-is-layout-flow\">\n<h2 class=\"wp-block-heading\">alfaview gmbh<\/h2>\n\n\n\n<p>Kriegsstr. 100<br>76133 Karlsruhe<br>Deutschland<\/p>\n\n\n\n<p style=\"padding-top:0;padding-bottom:0\">Internet:&nbsp;<a href=\"https:\/\/alfaview.com\/\">www.alfaview.com<\/a><br>E-Mail:&nbsp;<a href=\"mailto:info@alfaview.com\">info@alfaview.com<\/a><br>Telefon: +49 721 35450-450<br>Fax: +49 721 35450-69<\/p>\n\n\n\n<p style=\"padding-top:0;padding-bottom:0\">Gesch\u00e4ftsf\u00fchrer: Nikolaos Fostiropoulos<br>Eingetragen im Amtsgericht Mannheim HRB 730903<br>Sitz: Karlsruhe<br>UST-IdNr.: DE318911962<\/p>\n\n\n\n<p style=\"padding-top:0;padding-bottom:0\">Nutzung und Lizenzierung \u00fcber alfaview GmbH, Kriegsstr. 100, 76131 Karlsruhe<\/p>\n\n\n\n<p><strong>Technischer Dienstleister der Webseite:<br><\/strong>alfatraining Bildungszentrum GmbH<br>Kriegsstr. 100<br>76133 Karlsruhe<br>Deutschland<\/p>\n\n\n\n<p><\/p>\n\n\n\n<p style=\"margin-top:0;margin-bottom:0\">Gesch\u00e4ftsf\u00fchrer: Nikolaos Fostiropoulos<br>Eingetragen im Amtsgericht Mannheim HRB 730739<br>Sitz: Karlsruhe<br>UST-IdNr: DE318522740<\/p>\n\n\n\n<p>Inhaltlich Verantwortlicher nach \u00a7 55 Abs.II RstV: Gesch\u00e4ftsf\u00fchrer Nikolaos Fostiropoulos, Anschrift: siehe oben. F\u00fcr Nutzerinhalte sind die jeweiligen <br>Verfasser verantwortlich.&nbsp;<\/p>\n<\/div>\n\n\n\n<div class=\"wp-block-column is-layout-flow wp-block-column-is-layout-flow\">\n<h2 class=\"wp-block-heading\">Urheber- und Kennzeichenrecht<\/h2>\n\n\n\n<p>alfatraining ist bestrebt, in allen Publikationen die Urheberrechte der verwendeten Grafiken und Texte zu beachten, selbst erstellte Grafiken und Texte zu nutzen oder <br>auf lizenzfreie Grafiken und Texte zur\u00fcckzugreifen.<\/p>\n\n\n\n<p style=\"margin-top:0;margin-bottom:0\">Die Gestaltung dieser Webseite ist durch die alfatraining Bildungszentrum GmbH urheberrechtlich gesch\u00fctzt.<\/p>\n\n\n\n<p>Alle auf dieser Website dargestellten Bilder sind urheberrechtlich gesch\u00fctzt. Das Herunterladen von Bildern, deren Weiterver\u00f6ffentlichung, Weiter\u00fcbertragung, Reproduktion oder anderweitige Verwendung ist untersagt.<\/p>\n\n\n\n<h2 class=\"wp-block-heading\">Online-Plattform zur au\u00dfergerichtlichen Streitschlichtung sowie Hinweis nach \u00a7 36 <br>VSBG<\/h2>\n\n\n\n<p>Als Online-Unternehmen sind wir verpflichtet, Sie als Verbraucher auf die&nbsp;<a href=\"https:\/\/webgate.ec.europa.eu\/odr\" target=\"_blank\" rel=\"noopener\">Plattform <br>zur Online-Streitbeilegung (OS-Plattform) der Europ\u00e4ischen Kommission<\/a>&nbsp;<br>hinzuweisen. Wir nehmen an einem Streitbeilegungsverfahren vor einer Verbraucherschlichtungsstelle allerdings nicht teil.<\/p>\n\n\n\n<h2 class=\"wp-block-heading\">Datenschutz<\/h2>\n\n\n\n<p>siehe&nbsp;<a href=\"https:\/\/alfaview.com\/de\/privacy\">Datenschutzerkl\u00e4rung<\/a><\/p>\n<\/div>\n<\/div>\n\n\n\n<div style=\"height:70px\" aria-hidden=\"true\" class=\"wp-block-spacer\"><\/div>\n","protected":false},"excerpt":{"rendered":"<p>Impressum alfaview gmbh Kriegsstr. 10076133 KarlsruheDeutschland Internet:&nbsp;www.alfaview.comE-Mail:&nbsp;info@alfaview.comTelefon: +49 721 35450-450Fax: +49 721 35450-69 Gesch\u00e4ftsf\u00fchrer: Nikolaos FostiropoulosEingetragen im Amtsgericht<i class=\"icon excerpt-icon icon-ic_arrow_forward_24dp\"><\/i><\/p>\n","protected":false},"author":2,"featured_media":0,"parent":0,"menu_order":0,"comment_status":"closed","ping_status":"closed","template":"","meta":{"footnotes":""},"class_list":["post-97","page","type-page","status-publish","hentry"],"_links":{"self":[{"href":"https:\/\/alfaview.com\/de\/wp-json\/wp\/v2\/pages\/97","targetHints":{"allow":["GET"]}}],"collection":[{"href":"https:\/\/alfaview.com\/de\/wp-json\/wp\/v2\/pages"}],"about":[{"href":"https:\/\/alfaview.com\/de\/wp-json\/wp\/v2\/types\/page"}],"author":[{"embeddable":true,"href":"https:\/\/alfaview.com\/de\/wp-json\/wp\/v2\/users\/2"}],"replies":[{"embeddable":true,"href":"https:\/\/alfaview.com\/de\/wp-json\/wp\/v2\/comments?post=97"}],"version-history":[{"count":35,"href":"https:\/\/alfaview.com\/de\/wp-json\/wp\/v2\/pages\/97\/revisions"}],"predecessor-version":[{"id":7389,"href":"https:\/\/alfaview.com\/de\/wp-json\/wp\/v2\/pages\/97\/revisions\/7389"}],"wp:attachment":[{"href":"https:\/\/alfaview.com\/de\/wp-json\/wp\/v2\/media?parent=97"}],"curies":[{"name":"wp","href":"https:\/\/api.w.org\/{rel}","templated":true}]}}